{"id":123128,"date":"2025-02-06T00:00:00","date_gmt":"2025-02-05T23:00:00","guid":{"rendered":"https:\/\/gpl-love.com\/fr\/produit\/griddist\/"},"modified":"2026-03-20T23:19:05","modified_gmt":"2026-03-20T22:19:05","slug":"griddist","status":"publish","type":"product","link":"https:\/\/gpl-love.com\/fr\/produit\/griddist\/","title":{"rendered":"Griddist 111.0"},"content":{"rendered":"<h3>Griddist Traits<\/h3>\n<p>Griddist, un outil logiciel exceptionnel, a \u00e9t\u00e9 m\u00e9ticuleusement con\u00e7u pour aider les utilisateurs \u00e0 calculer les distances entre les points sur une grille. B\u00e9n\u00e9ficiant d&rsquo;une interface remarquablement intuitive et d&rsquo;algorithmes de pointe, Griddist poss\u00e8de la capacit\u00e9 de d\u00e9terminer rapidement et pr\u00e9cis\u00e9ment les distances dans une multitude d&rsquo;industries, englobant l&rsquo;analyse g\u00e9ospatiale, la gestion des terres, la surveillance environnementale et au-del\u00e0. Ce logiciel a \u00e9t\u00e9 d\u00e9velopp\u00e9 en utilisant les derni\u00e8res technologies, garantissant la livraison de r\u00e9sultats fiables et pr\u00e9cis, ce qui le rend indispensable aux professionnels aspirant \u00e0 am\u00e9liorer la pr\u00e9cision et l&rsquo;efficacit\u00e9 de leurs efforts laborieux. Convient aux n\u00e9ophytes et aux utilisateurs chevronn\u00e9s, Griddist profite \u00e0 un assortiment complet de fonctionnalit\u00e9s adapt\u00e9es aux exigences diverses. Essentiellement, le griddist repr\u00e9sente v\u00e9ritablement un instrument indispensable pour tout individu qui s&rsquo;efforce de rationaliser le processus de calcul de la distance sur une grille.<\/p>\n<ul>\n<li>Calcule efficacement les matrices de distance pour les ensembles de donn\u00e9es gridd\u00e9s<\/li>\n<li>Compatible avec divers langages de programmation, notamment Python et Matlab<\/li>\n<li>Prend en charge les mesures \u00e0 distance euclidiennes et manhattan<\/li>\n<li>G\u00e8re automatiquement les donn\u00e9es et les conditions aux limites manquantes<\/li>\n<li>Peut g\u00e9rer des ensembles de donn\u00e9es de tailles variables, des petites grilles \u00e0 de tr\u00e8s grandes grilles<\/li>\n<li>Fournit une interface conviviale pour la personnalisation des calculs de distance<\/li>\n<li>Con\u00e7u pour fonctionner avec des grilles r\u00e9guli\u00e8res et irr\u00e9guli\u00e8res<\/li>\n<li>Permet la cr\u00e9ation de cartes thermiques et d&rsquo;autres visualisations des matrices de distance<\/li>\n<li>Facilite l&rsquo;analyse et la mod\u00e9lisation spatiales pour un large \u00e9ventail d&rsquo;applications<\/li>\n<\/ul>\n","protected":false},"excerpt":{"rendered":"<p>Griddist, un outil incroyablement robuste, offre \u00e0 ses utilisateurs la capacit\u00e9 de cr\u00e9er des grilles pr\u00e9cises et sur mesure. Au moyen d&rsquo;une interface simple, les individus peuvent rapidement \u00e9tablir les dimensions et l&rsquo;espacement de leur grille souhait\u00e9e, tout en le g\u00e9n\u00e9rant en un instant. Que l&rsquo;objectif soit de construire une disposition de site Web, de fa\u00e7onner un graphisme ou de concevoir un plan, le griddist facilite sans effort la cr\u00e9ation de grilles qui r\u00e9pondent aux normes professionnelles. De plus, avec la commodit\u00e9 suppl\u00e9mentaire de pouvoir enregistrer et exporter ces grilles, les utilisateurs peuvent les int\u00e9grer de mani\u00e8re transparente dans de nombreux projets ou m\u00eame les distribuer entre leurs pairs. N&rsquo;h\u00e9sitez pas \u00e0 essayer Griddist aujourd&rsquo;hui et assistez \u00e0 vos conceptions monter \u00e0 des hauteurs sans pr\u00e9c\u00e9dent.<\/p>\n","protected":false},"featured_media":144151,"comment_status":"open","ping_status":"open","template":"","meta":[],"product_brand":[2474],"product_cat":[1220,1212,1213],"product_tag":[2315],"class_list":{"0":"post-123128","1":"product","2":"type-product","3":"status-publish","4":"has-post-thumbnail","6":"product_brand-superb-themes","7":"product_cat-blog-magazine","8":"product_cat-themes","9":"product_cat-wordpress-themes","10":"product_tag-superb-themes","11":"member-discount","12":"discount-restricted","14":"first","15":"instock","16":"sale","17":"downloadable","18":"virtual","19":"sold-individually","20":"purchasable","21":"product-type-simple"},"_links":{"self":[{"href":"https:\/\/gpl-love.com\/fr\/wp-json\/wp\/v2\/product\/123128","targetHints":{"allow":["GET"]}}],"collection":[{"href":"https:\/\/gpl-love.com\/fr\/wp-json\/wp\/v2\/product"}],"about":[{"href":"https:\/\/gpl-love.com\/fr\/wp-json\/wp\/v2\/types\/product"}],"replies":[{"embeddable":true,"href":"https:\/\/gpl-love.com\/fr\/wp-json\/wp\/v2\/comments?post=123128"}],"wp:featuredmedia":[{"embeddable":true,"href":"https:\/\/gpl-love.com\/fr\/wp-json\/wp\/v2\/media\/144151"}],"wp:attachment":[{"href":"https:\/\/gpl-love.com\/fr\/wp-json\/wp\/v2\/media?parent=123128"}],"wp:term":[{"taxonomy":"product_brand","embeddable":true,"href":"https:\/\/gpl-love.com\/fr\/wp-json\/wp\/v2\/product_brand?post=123128"},{"taxonomy":"product_cat","embeddable":true,"href":"https:\/\/gpl-love.com\/fr\/wp-json\/wp\/v2\/product_cat?post=123128"},{"taxonomy":"product_tag","embeddable":true,"href":"https:\/\/gpl-love.com\/fr\/wp-json\/wp\/v2\/product_tag?post=123128"}],"curies":[{"name":"wp","href":"https:\/\/api.w.org\/{rel}","templated":true}]}}