{"id":123124,"date":"2025-02-06T00:00:00","date_gmt":"2025-02-05T23:00:00","guid":{"rendered":"https:\/\/gpl-love.com\/fr\/produit\/flat-magazinews\/"},"modified":"2026-03-20T23:05:59","modified_gmt":"2026-03-20T22:05:59","slug":"flat-magazinews","status":"publish","type":"product","link":"https:\/\/gpl-love.com\/fr\/produit\/flat-magazinews\/","title":{"rendered":"Flat Magazinews 119.0"},"content":{"rendered":"<h3>Flat Magazinews Traits<\/h3>\n<p>Flat Magazinews, un produit de pointe, a \u00e9t\u00e9 m\u00e9ticuleusement d\u00e9velopp\u00e9 pour les personnes qui ont une affinit\u00e9 pour se livrer \u00e0 leurs magazines bien-aim\u00e9s pendant leur d\u00e9placement. B\u00e9n\u00e9ficiant d&rsquo;une construction ultra-mont\u00e9e et de poids plume, cette offre r\u00e9volutionnaire garantit une rencontre de lecture exceptionnelle qui assocasse \u00e0 la fois le confort et la commodit\u00e9 parfaitement. Que vous vous trouviez dans un voyage vers une destination lointaine ou que vous saviez simplement un temps de loisirs bien m\u00e9rit\u00e9 dans les limites de votre demeure, Flat Magazinews pr\u00e9sente une avenue ininterrompue pour rester bien inform\u00e9 sur les mises \u00e0 jour des nouvelles, les tendances dominantes et captivantes les plus r\u00e9centes et captivants r\u00e9cits de vos publications pr\u00e9cieuses. En pr\u00e9sentant une interface g\u00e9rable sans effort et un syst\u00e8me de navigation instinctif, ce produit remarquable s&rsquo;adresse aux individus couvrant divers groupes d&rsquo;\u00e2ge et niveaux de comp\u00e9tence. Alors, pourquoi en tarder davantage? Embarquez dans un voyage extraordinaire dans le domaine de la lecture du magazine avec des magazines plats aujourd&rsquo;hui!<\/p>\n<ul>\n<li>Design \u00e9l\u00e9gant et minimaliste<\/li>\n<li>l\u00e9ger et facile \u00e0 manipuler<\/li>\n<li>S&rsquo;adapte dans la plupart des pochettes de magazine<\/li>\n<li>Parfait pour les espaces restreints ou les op\u00e9rations \u00e0 profil bas<\/li>\n<li>Compatible avec la plupart des armes \u00e0 feu nourries au magazine<\/li>\n<li>Peut \u00eatre utilis\u00e9 avec une vari\u00e9t\u00e9 de types de munitions<\/li>\n<li>Construction durable pour une utilisation durable<\/li>\n<li>Action d&rsquo;alimentation lisse pour des performances fiables<\/li>\n<li>Facile \u00e0 d\u00e9m\u00ealer et \u00e0 nettoyer<\/li>\n<li>Id\u00e9al pour la pratique de la gamme ou une utilisation professionnelle<\/li>\n<\/ul>\n","protected":false},"excerpt":{"rendered":"<p>Avec ses caract\u00e9ristiques organis\u00e9es et pratiques, Flat MagazineWS pr\u00e9sente une solution impeccable qui permet aux individus de maintenir sans effort une collection soigneusement organis\u00e9e de magazines et de journaux, tout en assurant une accessibilit\u00e9 facile. Son design \u00e9l\u00e9gant et sa structure plate am\u00e9liorent non seulement son attrait esth\u00e9tique, mais servent \u00e9galement de rem\u00e8de efficace pour l&rsquo;\u00e9conomie d&rsquo;espace pour le d\u00e9sencombrement et l&rsquo;optimisation de son espace de vie. Fabriqu\u00e9 \u00e0 partir de mat\u00e9riaux durables de la plus haute qualit\u00e9, ce produit remarquable s&rsquo;av\u00e8re adapt\u00e9 \u00e0 l&rsquo;utilisation de la maison et du bureau. Maximisez votre exp\u00e9rience de lecture et tirez la plus grande satisfaction de vos biens litt\u00e9raires pr\u00e9cieux en adoptant les avantages remarquables offerts par les magazines Flat.<\/p>\n","protected":false},"featured_media":143876,"comment_status":"open","ping_status":"open","template":"","meta":[],"product_brand":[2474],"product_cat":[1220,1212,1213],"product_tag":[2315],"class_list":{"0":"post-123124","1":"product","2":"type-product","3":"status-publish","4":"has-post-thumbnail","6":"product_brand-superb-themes","7":"product_cat-blog-magazine","8":"product_cat-themes","9":"product_cat-wordpress-themes","10":"product_tag-superb-themes","11":"member-discount","12":"discount-restricted","14":"first","15":"instock","16":"sale","17":"downloadable","18":"virtual","19":"sold-individually","20":"purchasable","21":"product-type-simple"},"_links":{"self":[{"href":"https:\/\/gpl-love.com\/fr\/wp-json\/wp\/v2\/product\/123124","targetHints":{"allow":["GET"]}}],"collection":[{"href":"https:\/\/gpl-love.com\/fr\/wp-json\/wp\/v2\/product"}],"about":[{"href":"https:\/\/gpl-love.com\/fr\/wp-json\/wp\/v2\/types\/product"}],"replies":[{"embeddable":true,"href":"https:\/\/gpl-love.com\/fr\/wp-json\/wp\/v2\/comments?post=123124"}],"wp:featuredmedia":[{"embeddable":true,"href":"https:\/\/gpl-love.com\/fr\/wp-json\/wp\/v2\/media\/143876"}],"wp:attachment":[{"href":"https:\/\/gpl-love.com\/fr\/wp-json\/wp\/v2\/media?parent=123124"}],"wp:term":[{"taxonomy":"product_brand","embeddable":true,"href":"https:\/\/gpl-love.com\/fr\/wp-json\/wp\/v2\/product_brand?post=123124"},{"taxonomy":"product_cat","embeddable":true,"href":"https:\/\/gpl-love.com\/fr\/wp-json\/wp\/v2\/product_cat?post=123124"},{"taxonomy":"product_tag","embeddable":true,"href":"https:\/\/gpl-love.com\/fr\/wp-json\/wp\/v2\/product_tag?post=123124"}],"curies":[{"name":"wp","href":"https:\/\/api.w.org\/{rel}","templated":true}]}}