{"id":123122,"date":"2025-02-06T00:00:00","date_gmt":"2025-02-05T23:00:00","guid":{"rendered":"https:\/\/gpl-love.com\/fr\/produit\/feather-magazine\/"},"modified":"2026-03-20T23:05:43","modified_gmt":"2026-03-20T22:05:43","slug":"feather-magazine","status":"publish","type":"product","link":"https:\/\/gpl-love.com\/fr\/produit\/feather-magazine\/","title":{"rendered":"Feather Magazine 134.0"},"content":{"rendered":"<h3>Feather Magazine Traits<\/h3>\n<p>Feather Magazine, une publication informative et engageante, pr\u00e9sente une pl\u00e9thore d&rsquo;articles perspicaces sur un large \u00e9ventail de sujets, s&rsquo;adressant aux lecteurs \u00e0 la recherche d&rsquo;une compr\u00e9hension compl\u00e8te. Entrelant les domaines de la mode et de la beaut\u00e9, ainsi que des voyages et du style de vie, ce magazine offre un contenu soigneusement organis\u00e9 qui est \u00e0 la fois captivant et \u00e9ducatif. Que l&rsquo;on cherche des conseils sur les techniques de coiffure, les conseils concernant les tendances de la mode de pointe ou l&rsquo;inspiration pour leurs escapades imminentes, le magazine Feather remplit de mani\u00e8re transparente ces d\u00e9sirs. En utilisant une photographie exceptionnelle et une disposition esth\u00e9tique, ce p\u00e9riodique devient une lecture indispensable pour ce d\u00e9sir d&rsquo;une nouvelle perspective sur le monde qui les entoure. Pourquoi tergiverser? Embarquez dans un voyage litt\u00e9raire sublime en abonnement au magazine Feather aujourd&rsquo;hui et d\u00e9bloquez un tr\u00e9sor de contenu extraordinaire en attendant votre d\u00e9couverte.<\/p>\n<ul>\n<li>Magazine imprim\u00e9 de haute qualit\u00e9 qui se concentre sur la nature, l&rsquo;observation des oiseaux et la conservation<\/li>\n<li>Pr\u00e9sente une belle photographie et des illustrations des oiseaux et de leurs habitats<\/li>\n<li>Comprend des articles \u00e9crits par des ornithologues amateurs experts et des naturalistes<\/li>\n<li>Couvre un large \u00e9ventail de sujets, du comportement des oiseaux et des mod\u00e8les de migration vers les probl\u00e8mes environnementaux<\/li>\n<li>Fournit des conseils et des conseils sur les \u00e9quipements d&rsquo;observation des oiseaux, les techniques et les destinations<\/li>\n<li>Pr\u00e9sente des entretiens avec des ornithologues amateurs notables<\/li>\n<li>Fait appel \u00e0 la fois aux amateurs d&rsquo;oiseaux occasionnels et aux ornithologues amateurs s\u00e9rieux<\/li>\n<li>Fait un excellent cadeau pour tous ceux qui aiment les oiseaux et la nature.<\/li>\n<\/ul>\n","protected":false},"excerpt":{"rendered":"<p>Feather Magazine, une publication indispensable pour les individus captiv\u00e9 par les royaumes de la mode, de la beaut\u00e9 et du style de vie, poss\u00e8de une abondance d&rsquo;articles stimulants, de photographie exquise et d&rsquo;interviews insaisissables, ce qui le rend une source in\u00e9puisable d&rsquo;inspiration et de connaissances. Que vous vous trouviez aspirer aux tendances de pointe, aux conseils de sauge des experts de l&rsquo;industrie ou m\u00eame une simple touche d&rsquo;opulence, Feather Magazine se pr\u00e9sente comme le plaisir litt\u00e9raire accompli pour assurer vos d\u00e9sirs. Avec une proposition aussi s\u00e9duisante \u00e0 port\u00e9e de main, pourquoi retarder? S\u00e9curisez votre copie personnelle aujourd&rsquo;hui et lancez-vous dans un voyage captivant, plongeant dans l&rsquo;enchantement qu&rsquo;est Feather Magazine!<\/p>\n","protected":false},"featured_media":143857,"comment_status":"open","ping_status":"open","template":"","meta":[],"product_brand":[2474],"product_cat":[1220,1212,1213],"product_tag":[2315],"class_list":{"0":"post-123122","1":"product","2":"type-product","3":"status-publish","4":"has-post-thumbnail","6":"product_brand-superb-themes","7":"product_cat-blog-magazine","8":"product_cat-themes","9":"product_cat-wordpress-themes","10":"product_tag-superb-themes","11":"member-discount","12":"discount-restricted","14":"first","15":"instock","16":"sale","17":"downloadable","18":"virtual","19":"sold-individually","20":"purchasable","21":"product-type-simple"},"_links":{"self":[{"href":"https:\/\/gpl-love.com\/fr\/wp-json\/wp\/v2\/product\/123122","targetHints":{"allow":["GET"]}}],"collection":[{"href":"https:\/\/gpl-love.com\/fr\/wp-json\/wp\/v2\/product"}],"about":[{"href":"https:\/\/gpl-love.com\/fr\/wp-json\/wp\/v2\/types\/product"}],"replies":[{"embeddable":true,"href":"https:\/\/gpl-love.com\/fr\/wp-json\/wp\/v2\/comments?post=123122"}],"wp:featuredmedia":[{"embeddable":true,"href":"https:\/\/gpl-love.com\/fr\/wp-json\/wp\/v2\/media\/143857"}],"wp:attachment":[{"href":"https:\/\/gpl-love.com\/fr\/wp-json\/wp\/v2\/media?parent=123122"}],"wp:term":[{"taxonomy":"product_brand","embeddable":true,"href":"https:\/\/gpl-love.com\/fr\/wp-json\/wp\/v2\/product_brand?post=123122"},{"taxonomy":"product_cat","embeddable":true,"href":"https:\/\/gpl-love.com\/fr\/wp-json\/wp\/v2\/product_cat?post=123122"},{"taxonomy":"product_tag","embeddable":true,"href":"https:\/\/gpl-love.com\/fr\/wp-json\/wp\/v2\/product_tag?post=123122"}],"curies":[{"name":"wp","href":"https:\/\/api.w.org\/{rel}","templated":true}]}}