{"id":123115,"date":"2025-02-04T00:00:00","date_gmt":"2025-02-03T23:00:00","guid":{"rendered":"https:\/\/gpl-love.com\/fr\/produit\/superb-landing-page\/"},"modified":"2026-04-10T18:41:43","modified_gmt":"2026-04-10T16:41:43","slug":"superb-landing-page","status":"publish","type":"product","link":"https:\/\/gpl-love.com\/fr\/produit\/superb-landing-page\/","title":{"rendered":"Superb Landing Page 114.0"},"content":{"rendered":"<h3>Superb Landing Page Traits<\/h3>\n<p>Une superbe page de destination, avec son interface de glisser-d\u00e9poser tr\u00e8s intuitive, sert d&rsquo;instrument exceptionnellement influent pour les entreprises qui cherchent \u00e0 construire des pages de destination qui sont non seulement esth\u00e9tiquement attrayantes mais aussi remarquablement efficaces. En offrant une vaste gamme de mod\u00e8les, d&rsquo;images et d&rsquo;ic\u00f4nes personnalisables, cette plate-forme permet aux utilisateurs de mode \u00e0 la mode qui sont \u00e0 la fois distinctifs et captivants. De plus, une superbe page de destination va au-del\u00e0 en \u00e9quipant les utilisateurs la possibilit\u00e9 de suivre et d&rsquo;analyser m\u00e9ticuleusement les taux de trafic et de conversion, permettant ainsi aux entreprises d&rsquo;optimiser leurs pages pour des performances optimales. Que l&rsquo;on exploite un magasin de commerce \u00e9lectronique, s&rsquo;efforce de promouvoir un nouveau produit ou de s&rsquo;efforcer de g\u00e9n\u00e9rer des prospects pr\u00e9cieux, une superbe page de destination fournit tous les outils indispensables n\u00e9cessaires \u00e0 la cr\u00e9ation d&rsquo;une page de destination sophistiqu\u00e9e et r\u00e9ussie.<\/p>\n<ul>\n<li>Conception de la page de destination engageante et visuellement attrayante<\/li>\n<li>Exp\u00e9rience utilisateur am\u00e9lior\u00e9e et navigation<\/li>\n<li>Disposition mobile r\u00e9active pour tous les appareils<\/li>\n<li>Formulaires de g\u00e9n\u00e9ration de leads int\u00e9gr\u00e9s pour la collecte d&rsquo;informations sur les clients<\/li>\n<li>Int\u00e9gration avec les m\u00e9dias sociaux et les campagnes de marketing par e-mail<\/li>\n<li>Compatibilit\u00e9 avec les plates-formes de site Web populaires comme WordPress et Squarespace<\/li>\n<li>Les fonctionnalit\u00e9s de suivi et de rapport d&rsquo;analyse pour mesurer le succ\u00e8s<\/li>\n<li>Contenu optimis\u00e9 SEO pour le classement des moteurs de recherche plus \u00e9lev\u00e9<\/li>\n<li>Option pour les tests de division A \/ B pour am\u00e9liorer les taux de conversion<\/li>\n<li>Conception professionnelle et personnalisable pour refl\u00e9ter l&rsquo;identit\u00e9 de la marque.<\/li>\n<\/ul>\n","protected":false},"excerpt":{"rendered":"<p>La superbe page d&rsquo;atterrissage, avec sa conception propre et \u00e9l\u00e9gante, sa disposition intuitive et ses mod\u00e8les personnalisables, est un outil incroyablement puissant pour l&rsquo;optimisation du taux de conversion que les entreprises peuvent utiliser pour capturer et retenir efficacement l&rsquo;attention des utilisateurs, les guider vers l&rsquo;action et finalement conduire Une augmentation des pistes et des ventes. Que l&rsquo;objectif soit de promouvoir un nouveau produit, de g\u00e9n\u00e9rer des prospects pour un service ou d&rsquo;am\u00e9liorer une liste de diffusion, la superbe page de destination offre une solution id\u00e9ale pour les entreprises de toute taille. Il va au-del\u00e0 en fournissant des outils d&rsquo;analyse et d&rsquo;optimisation robustes qui permettent aux sp\u00e9cialistes du marketing de suivre, tester et affiner m\u00e9ticuleusement leurs pages, garantissant ainsi un maximum de performance et de retour sur investissement. Offrez des adieux aux pages de destination terne et adoptez la superbe page de destination, ce qui garantit des r\u00e9sultats exceptionnels.<\/p>\n","protected":false},"featured_media":145423,"comment_status":"open","ping_status":"open","template":"","meta":[],"product_brand":[2474],"product_cat":[1242,1212,1213],"product_tag":[2315],"class_list":{"0":"post-123115","1":"product","2":"type-product","3":"status-publish","4":"has-post-thumbnail","6":"product_brand-superb-themes","7":"product_cat-creatif","8":"product_cat-themes","9":"product_cat-wordpress-themes","10":"product_tag-superb-themes","11":"member-discount","12":"discount-restricted","14":"first","15":"instock","16":"sale","17":"downloadable","18":"virtual","19":"sold-individually","20":"purchasable","21":"product-type-simple"},"_links":{"self":[{"href":"https:\/\/gpl-love.com\/fr\/wp-json\/wp\/v2\/product\/123115","targetHints":{"allow":["GET"]}}],"collection":[{"href":"https:\/\/gpl-love.com\/fr\/wp-json\/wp\/v2\/product"}],"about":[{"href":"https:\/\/gpl-love.com\/fr\/wp-json\/wp\/v2\/types\/product"}],"replies":[{"embeddable":true,"href":"https:\/\/gpl-love.com\/fr\/wp-json\/wp\/v2\/comments?post=123115"}],"wp:featuredmedia":[{"embeddable":true,"href":"https:\/\/gpl-love.com\/fr\/wp-json\/wp\/v2\/media\/145423"}],"wp:attachment":[{"href":"https:\/\/gpl-love.com\/fr\/wp-json\/wp\/v2\/media?parent=123115"}],"wp:term":[{"taxonomy":"product_brand","embeddable":true,"href":"https:\/\/gpl-love.com\/fr\/wp-json\/wp\/v2\/product_brand?post=123115"},{"taxonomy":"product_cat","embeddable":true,"href":"https:\/\/gpl-love.com\/fr\/wp-json\/wp\/v2\/product_cat?post=123115"},{"taxonomy":"product_tag","embeddable":true,"href":"https:\/\/gpl-love.com\/fr\/wp-json\/wp\/v2\/product_tag?post=123115"}],"curies":[{"name":"wp","href":"https:\/\/api.w.org\/{rel}","templated":true}]}}