{"id":123114,"date":"2025-02-04T00:00:00","date_gmt":"2025-02-03T23:00:00","guid":{"rendered":"https:\/\/gpl-love.com\/fr\/produit\/startup-hub\/"},"modified":"2026-04-10T18:40:30","modified_gmt":"2026-04-10T16:40:30","slug":"startup-hub","status":"publish","type":"product","link":"https:\/\/gpl-love.com\/fr\/produit\/startup-hub\/","title":{"rendered":"Startup Hub 109.3"},"content":{"rendered":"<h3>Startup Hub Traits<\/h3>\n<p>Startup Hub est une plate-forme innovante et r\u00e9volutionnaire qui vise \u00e0 fournir une suite compl\u00e8te d&rsquo;outils et de ressources sp\u00e9cialement adapt\u00e9s aux entrepreneurs et aux propri\u00e9taires de petites entreprises, en les permettant de prendre leurs id\u00e9es r\u00e9volutionnaires et leurs visions transformatrices \u00e0 des sommets sans pr\u00e9c\u00e9dent de succ\u00e8s et de r\u00e9ussite. By placing a strong emphasis on the virtues of collaboration, networking, and education, Startup Hub has ingeniously curated an array of invaluable features and offerings that encompass state-of-the-art co-working spaces, meticulously curated mentorship programs, unfettered access to L&rsquo;\u00e9l\u00e9ment vital de toute entreprise commerciale &#8211; financement et un tr\u00e9sor de ressources \u00e9ducatives qui sont garanties pour \u00e9quiper et autonomiser les entrepreneurs les connaissances et les comp\u00e9tences dont ils ont besoin pour prosp\u00e9rer dans le paysage commercial tr\u00e8s comp\u00e9titif actuel. Cette plate-forme visionnaire a \u00e9t\u00e9 m\u00e9ticuleusement con\u00e7ue et magistralement con\u00e7ue pour favoriser les connexions transparentes et sans friction entre des individus partageant les m\u00eames id\u00e9es, leur permettant de forger des collaborations fructueuses, de mettre en commun leurs ressources et id\u00e9es inestimables, et obtenir un acc\u00e8s sans entrave au soutien et aux conseils ind\u00e9fectiers dont ils ont besoin pour prof\u00e9rer Leurs entreprises \u00e0 des sommets auparavant inimaginables de succ\u00e8s et de prosp\u00e9rit\u00e9. Ainsi, que vous soyez un entrepreneur en herbe qui se lance dans le parcours exaltant de transformer vos id\u00e9es visionnaires en r\u00e9alit\u00e9 ou un propri\u00e9taire d&rsquo;entreprise chevronn\u00e9 aspirant \u00e0 transcender les limites du succ\u00e8s conventionnel et de la mont\u00e9e en hausse en territoires inexplor\u00e9s de la croissance et de l&rsquo;expansion, la startup Hub est sans \u00e9quivoque. La solution ultime et globale qui r\u00e9pondra \u00e0 tous vos besoins, en veillant \u00e0 ce qu&rsquo;aucune pierre ne soit rest\u00e9e non retourn\u00e9e dans votre poursuite implacable de l&rsquo;excellence entrepreneuriale et de la r\u00e9alisation de vos ambitions les plus \u00e9lev\u00e9es.<\/p>\n<ul>\n<li>Fournit des ressources et un soutien pr\u00e9cieux aux entreprises de d\u00e9marrage<\/li>\n<li>Offre une communaut\u00e9 d&rsquo;entrepreneurs aux vues similaires pour le r\u00e9seautage et la collaboration<\/li>\n<li>Acc\u00e8s au mentorat et aux conseils de professionnels exp\u00e9riment\u00e9s<\/li>\n<li>Organise des \u00e9v\u00e9nements et des ateliers de renforcement des comp\u00e9tences et d&rsquo;\u00e9ducation<\/li>\n<li>Options d&rsquo;espace de travail abordables et flexibles pour les startups<\/li>\n<li>Opportunit\u00e9s de financement et d&rsquo;investissement<\/li>\n<li>Acc\u00e8s aux connaissances et \u00e0 l&rsquo;expertise sp\u00e9cifiques \u00e0 l&rsquo;industrie<\/li>\n<li>Un environnement dynamique et innovant pour aider les startups \u00e0 prosp\u00e9rer<\/li>\n<li>Emplacement pratique au c\u0153ur d&rsquo;une sc\u00e8ne entrepreneuriale anim\u00e9e<\/li>\n<li>\u00c9quipements et services suppl\u00e9mentaires pour aider les startups \u00e0 \u00e9conomiser du temps et de l&rsquo;argent.<\/li>\n<\/ul>\n","protected":false},"excerpt":{"rendered":"<p>Le Hub Startup est une plate-forme globale et multiforme qui a \u00e9t\u00e9 m\u00e9ticuleusement con\u00e7ue dans le but sp\u00e9cifique de fournir un soutien complet et d&rsquo;acc\u00e9l\u00e9rer la croissance et la prosp\u00e9rit\u00e9 des startups. Cet outil r\u00e9volutionnaire et avant-gardiste offre aux aspirants entrepreneurs une abondance de conseils inestimables, un vaste \u00e9ventail de ressources et un niveau sans pr\u00e9c\u00e9dent d&rsquo;opportunit\u00e9s de r\u00e9seautage, qui sont toutes indispensables dans le processus de transformation efficace de leurs concepts innovants et de leurs id\u00e9es de pionnier en prosp\u00e9ri\u00e8res et Forme des entreprises prosp\u00e8res.<\/p>\n","protected":false},"featured_media":145325,"comment_status":"open","ping_status":"open","template":"","meta":[],"product_brand":[2474],"product_cat":[1516,1212,1213],"product_tag":[2315],"class_list":{"0":"post-123114","1":"product","2":"type-product","3":"status-publish","4":"has-post-thumbnail","6":"product_brand-superb-themes","7":"product_cat-entreprise","8":"product_cat-themes","9":"product_cat-wordpress-themes","10":"product_tag-superb-themes","11":"member-discount","12":"discount-restricted","14":"first","15":"instock","16":"sale","17":"downloadable","18":"virtual","19":"sold-individually","20":"purchasable","21":"product-type-simple"},"_links":{"self":[{"href":"https:\/\/gpl-love.com\/fr\/wp-json\/wp\/v2\/product\/123114","targetHints":{"allow":["GET"]}}],"collection":[{"href":"https:\/\/gpl-love.com\/fr\/wp-json\/wp\/v2\/product"}],"about":[{"href":"https:\/\/gpl-love.com\/fr\/wp-json\/wp\/v2\/types\/product"}],"replies":[{"embeddable":true,"href":"https:\/\/gpl-love.com\/fr\/wp-json\/wp\/v2\/comments?post=123114"}],"wp:featuredmedia":[{"embeddable":true,"href":"https:\/\/gpl-love.com\/fr\/wp-json\/wp\/v2\/media\/145325"}],"wp:attachment":[{"href":"https:\/\/gpl-love.com\/fr\/wp-json\/wp\/v2\/media?parent=123114"}],"wp:term":[{"taxonomy":"product_brand","embeddable":true,"href":"https:\/\/gpl-love.com\/fr\/wp-json\/wp\/v2\/product_brand?post=123114"},{"taxonomy":"product_cat","embeddable":true,"href":"https:\/\/gpl-love.com\/fr\/wp-json\/wp\/v2\/product_cat?post=123114"},{"taxonomy":"product_tag","embeddable":true,"href":"https:\/\/gpl-love.com\/fr\/wp-json\/wp\/v2\/product_tag?post=123114"}],"curies":[{"name":"wp","href":"https:\/\/api.w.org\/{rel}","templated":true}]}}