{"id":123113,"date":"2025-02-06T00:00:00","date_gmt":"2025-02-05T23:00:00","guid":{"rendered":"https:\/\/gpl-love.com\/fr\/produit\/simple-blogily\/"},"modified":"2026-04-10T18:39:40","modified_gmt":"2026-04-10T16:39:40","slug":"simple-blogily","status":"publish","type":"product","link":"https:\/\/gpl-love.com\/fr\/produit\/simple-blogily\/","title":{"rendered":"Simple Blogily 112.8"},"content":{"rendered":"<h3>Simple Blogily Traits<\/h3>\n<p>Simple blogly est une plate-forme de blogging tr\u00e8s conviviale et intuitive qui offre une cr\u00e9ation et une gestion transparentes de blogs personnalis\u00e9s. Il est \u00e9quip\u00e9 d&rsquo;une gamme de fonctionnalit\u00e9s innovantes, y compris des mod\u00e8les personnalisables, une int\u00e9gration transparente d&rsquo;images et de vid\u00e9os et une incorporation sans effort de plateformes de m\u00e9dias sociaux. La plate-forme a \u00e9t\u00e9 m\u00e9ticuleusement con\u00e7ue pour assurer la simplicit\u00e9 et la facilit\u00e9 d&rsquo;utilisation, permettant aux utilisateurs de se concentrer sans r\u00e9serve sur l&rsquo;\u00e9laboration de contenu exceptionnel plut\u00f4t que de perdre du temps pr\u00e9cieux \u00e0 naviguer dans des fonctionnalit\u00e9s alambiqu\u00e9es. Avec un simple blogly \u00e0 votre disposition, vous pouvez partager sans effort vos id\u00e9es, r\u00e9cits et exp\u00e9riences, et \u00e9tendre sans effort votre base de lecteurs sans rencontrer d&rsquo;obstacles vexatoires. Que vous soyez un blogueur exp\u00e9riment\u00e9 ou un d\u00e9butant, un simple blogment est impeccablement adapt\u00e9 pour r\u00e9pondre \u00e0 vos besoins et aspirations uniques.<\/p>\n<ul>\n<li>Plateforme de blogs faciles \u00e0 utiliser<\/li>\n<li>Design propre et minimaliste<\/li>\n<li>Interface conviviale<\/li>\n<li>Comprend des fonctionnalit\u00e9s de blogging de base telles que la cr\u00e9ation de post, l&rsquo;\u00e9dition et la publication<\/li>\n<li>Prend en charge l&rsquo;int\u00e9gration d&rsquo;images et de vid\u00e9os<\/li>\n<li>Conception sensible au mobile<\/li>\n<li>Caract\u00e9ristiques d&rsquo;optimisation du r\u00e9f\u00e9rencement<\/li>\n<li>Syst\u00e8me de commentaires<\/li>\n<li>Options de partage des m\u00e9dias sociaux<\/li>\n<li>Th\u00e8mes personnalisables<\/li>\n<li>Plans de prix abordables<\/li>\n<li>H\u00e9bergement fiable et s\u00e9curis\u00e9<\/li>\n<\/ul>\n","protected":false},"excerpt":{"rendered":"<p>Simple blogly est une plate-forme de blog remarquablement conviviale et intuitive qui vous accorde la commodit\u00e9 et la facilit\u00e9 de cr\u00e9ation et de gestion de votre propre blog personnalis\u00e9. Son interface simpliste, associ\u00e9e \u00e0 sa conception intrins\u00e8quement instinctive, permet une composition et une publication d&rsquo;articles transparentes, une incorporation sans effort de contenu multim\u00e9dia, ainsi que de l&rsquo;engagement des lecteurs sans effort. La beaut\u00e9 de cette plate-forme r\u00e9side dans le fait qu&rsquo;il n&rsquo;a pas besoin de poss\u00e9der une exp\u00e9rience approfondie dans le codage ou la conception Web, car un simple blogment englobe tous les outils essentiels n\u00e9cessaires pour vous lancer dans votre voyage de blogs unique. Que vous soyez un entrepreneur qui cherche \u00e0 \u00e9tablir une pr\u00e9sence en ligne pour votre entreprise, une personne avec un penchant pour les blogs personnels, ou simplement un individu aspirant \u00e0 diffuser vos pens\u00e9es et vos id\u00e9es \u00e0 un public plus large, il est simple que Blogly apparaisse comme la plate-forme par excellence \u00e0 travers que votre voix peut \u00eatre transf\u00e9r\u00e9e et entendue efficacement. N&rsquo;h\u00e9sitez plus, commencez votre proc\u00e8s gratuit aujourd&rsquo;hui et immergez-vous au sein de la communaut\u00e9 de blogueurs en constante \u00e9volution et dynamique couvrant le globe.<\/p>\n","protected":false},"featured_media":145251,"comment_status":"open","ping_status":"open","template":"","meta":[],"product_brand":[2474],"product_cat":[1220,1212,1213],"product_tag":[2315],"class_list":{"0":"post-123113","1":"product","2":"type-product","3":"status-publish","4":"has-post-thumbnail","6":"product_brand-superb-themes","7":"product_cat-blog-magazine","8":"product_cat-themes","9":"product_cat-wordpress-themes","10":"product_tag-superb-themes","11":"member-discount","12":"discount-restricted","14":"first","15":"instock","16":"sale","17":"downloadable","18":"virtual","19":"sold-individually","20":"purchasable","21":"product-type-simple"},"_links":{"self":[{"href":"https:\/\/gpl-love.com\/fr\/wp-json\/wp\/v2\/product\/123113","targetHints":{"allow":["GET"]}}],"collection":[{"href":"https:\/\/gpl-love.com\/fr\/wp-json\/wp\/v2\/product"}],"about":[{"href":"https:\/\/gpl-love.com\/fr\/wp-json\/wp\/v2\/types\/product"}],"replies":[{"embeddable":true,"href":"https:\/\/gpl-love.com\/fr\/wp-json\/wp\/v2\/comments?post=123113"}],"wp:featuredmedia":[{"embeddable":true,"href":"https:\/\/gpl-love.com\/fr\/wp-json\/wp\/v2\/media\/145251"}],"wp:attachment":[{"href":"https:\/\/gpl-love.com\/fr\/wp-json\/wp\/v2\/media?parent=123113"}],"wp:term":[{"taxonomy":"product_brand","embeddable":true,"href":"https:\/\/gpl-love.com\/fr\/wp-json\/wp\/v2\/product_brand?post=123113"},{"taxonomy":"product_cat","embeddable":true,"href":"https:\/\/gpl-love.com\/fr\/wp-json\/wp\/v2\/product_cat?post=123113"},{"taxonomy":"product_tag","embeddable":true,"href":"https:\/\/gpl-love.com\/fr\/wp-json\/wp\/v2\/product_tag?post=123113"}],"curies":[{"name":"wp","href":"https:\/\/api.w.org\/{rel}","templated":true}]}}