{"id":123112,"date":"2025-02-06T00:00:00","date_gmt":"2025-02-05T23:00:00","guid":{"rendered":"https:\/\/gpl-love.com\/fr\/produit\/responsive-blogily\/"},"modified":"2026-04-10T18:38:02","modified_gmt":"2026-04-10T16:38:02","slug":"responsive-blogily","status":"publish","type":"product","link":"https:\/\/gpl-love.com\/fr\/produit\/responsive-blogily\/","title":{"rendered":"Responsive Blogily 120.8"},"content":{"rendered":"<h3>Responsive Blogily Traits<\/h3>\n<p>R\u00e9actif blogly est un produit tr\u00e8s avantageux sp\u00e9cialement con\u00e7u pour r\u00e9pondre aux besoins des blogueurs qui cherchent \u00e0 garantir que leur contenu maintient une apparence esth\u00e9tiquement agr\u00e9able sur un appareil donn\u00e9. Gr\u00e2ce \u00e0 sa conception innovante et adaptable, ce produit remarquable garantit que la disposition globale du blog s&rsquo;adapte de mani\u00e8re transparente pour s&rsquo;adapter aux diff\u00e9rentes tailles d&rsquo;\u00e9cran des appareils sur lesquels il est vu. Par cons\u00e9quent, que vos lecteurs estim\u00e9s choisissent d&rsquo;acc\u00e9der \u00e0 votre blog via un ordinateur de bureau conventionnel, une tablette portable ou m\u00eame un smartphone de pointe, votre blog d\u00e9gagera un attrait visuel exquis tout en facilitant simultan\u00e9ment la lisibilit\u00e9 sans effort. En plus de sa conception r\u00e9active in\u00e9gal\u00e9e, un blogment r\u00e9actif poss\u00e8de \u00e9galement une vaste gamme de fonctionnalit\u00e9s m\u00e9ticuleusement con\u00e7ues pour aider les blogueurs \u00e0 g\u00e9rer et \u00e0 promouvoir efficacement leur contenu inestimable. Ces fonctionnalit\u00e9s remarquables comprennent un assortiment d&rsquo;options facilement personnalisables, une int\u00e9gration transparente avec des plateformes de m\u00e9dias sociaux populaires et un \u00e9ventail d&rsquo;outils d&rsquo;optimisation de moteur de recherche inestimables. Par cons\u00e9quent, il devient de mani\u00e8re transparente \u00e9vidente que la r\u00e9active blogly est sans \u00e9quivoque comme un outil indispensable pour tout blogueur en herbe ou chevronn\u00e9, d\u00e9di\u00e9 avec ferveur \u00e0 garantir que leur contenu pr\u00e9cieux reste accessible et captivant dans tous les appareils imaginables.<\/p>\n<ul>\n<li>R\u00e9actif blogly est un puissant logiciel bas\u00e9 sur un blog facile \u00e0 utiliser.<\/li>\n<li>Le logiciel est con\u00e7u pour \u00eatre r\u00e9actif et compatible avec tous les appareils.<\/li>\n<li>Avec un blogly r\u00e9actif, vous pouvez cr\u00e9er des blogs de qualit\u00e9 professionnelle rapidement et facilement.<\/li>\n<li>Le logiciel vous permet de personnaliser la disposition, la conception et les fonctionnalit\u00e9s de votre blog.<\/li>\n<li>Il est livr\u00e9 avec une gamme de mod\u00e8les et d&rsquo;outils pour vous aider \u00e0 cr\u00e9er un blog qui r\u00e9pond \u00e0 vos besoins.<\/li>\n<li>R\u00e9actif blogly est convivial, augmentant les efforts d&rsquo;optimisation de vos moteurs de recherche.<\/li>\n<li>Le logiciel vous permet de cr\u00e9er un blog avec des visuels d&rsquo;apparence professionnelle, y compris des graphiques et des images personnalis\u00e9s.<\/li>\n<li>Il est compatible avec les plateformes de m\u00e9dias sociaux, permettant un partage et un engagement faciles.<\/li>\n<li>R\u00e9actif Blogly a une interface conviviale et est personnalisable pour r\u00e9pondre \u00e0 vos besoins.<\/li>\n<li>Il est livr\u00e9 avec un excellent support client et des mises \u00e0 jour logicielles r\u00e9guli\u00e8res.<\/li>\n<\/ul>\n","protected":false},"excerpt":{"rendered":"<p>R\u00e9actif blogly, une plate-forme de blogs \u00e9l\u00e9gante et contemporaine, a \u00e9t\u00e9 m\u00e9ticuleusement con\u00e7u pour s&rsquo;adapter de mani\u00e8re transparente aux \u00e9crans de toutes tailles, allant des ordinateurs de bureau conventionnels aux appareils mobiles portables. La r\u00e9activit\u00e9 exceptionnelle de sa conception garantit que votre blog d\u00e9gage de la magnificence sur chaque gadget, facilitant ainsi l&rsquo;engagement des lecteurs sans effort, quelle que soit leur emplacement. Avec une pl\u00e9thore de mod\u00e8les personnalisables, des options de publication automatis\u00e9es et des analyses sophistiqu\u00e9es \u00e0 votre disposition, la contribution: R\u00e9active est une solution par excellence pour les blogueurs aspirant \u00e0 \u00e9lever leur contenu \u00e0 des hauteurs sans pr\u00e9c\u00e9dent. Par cons\u00e9quent, que vous soyez un d\u00e9butant en herbe ou un virtuose \u00e9tabli dans le domaine des blogs, la contribution: r\u00e9actif englobe tous les ingr\u00e9dients essentiels n\u00e9cessaires pour forger un blog resplendissant et convivial qui captivera sans aucun doute le c\u0153ur de vos lecteurs.<\/p>\n","protected":false},"featured_media":145108,"comment_status":"open","ping_status":"open","template":"","meta":[],"product_brand":[2474],"product_cat":[1242,1212,1213],"product_tag":[2315],"class_list":{"0":"post-123112","1":"product","2":"type-product","3":"status-publish","4":"has-post-thumbnail","6":"product_brand-superb-themes","7":"product_cat-creatif","8":"product_cat-themes","9":"product_cat-wordpress-themes","10":"product_tag-superb-themes","11":"member-discount","12":"discount-restricted","14":"first","15":"instock","16":"sale","17":"downloadable","18":"virtual","19":"sold-individually","20":"purchasable","21":"product-type-simple"},"_links":{"self":[{"href":"https:\/\/gpl-love.com\/fr\/wp-json\/wp\/v2\/product\/123112","targetHints":{"allow":["GET"]}}],"collection":[{"href":"https:\/\/gpl-love.com\/fr\/wp-json\/wp\/v2\/product"}],"about":[{"href":"https:\/\/gpl-love.com\/fr\/wp-json\/wp\/v2\/types\/product"}],"replies":[{"embeddable":true,"href":"https:\/\/gpl-love.com\/fr\/wp-json\/wp\/v2\/comments?post=123112"}],"wp:featuredmedia":[{"embeddable":true,"href":"https:\/\/gpl-love.com\/fr\/wp-json\/wp\/v2\/media\/145108"}],"wp:attachment":[{"href":"https:\/\/gpl-love.com\/fr\/wp-json\/wp\/v2\/media?parent=123112"}],"wp:term":[{"taxonomy":"product_brand","embeddable":true,"href":"https:\/\/gpl-love.com\/fr\/wp-json\/wp\/v2\/product_brand?post=123112"},{"taxonomy":"product_cat","embeddable":true,"href":"https:\/\/gpl-love.com\/fr\/wp-json\/wp\/v2\/product_cat?post=123112"},{"taxonomy":"product_tag","embeddable":true,"href":"https:\/\/gpl-love.com\/fr\/wp-json\/wp\/v2\/product_tag?post=123112"}],"curies":[{"name":"wp","href":"https:\/\/api.w.org\/{rel}","templated":true}]}}