{"id":123110,"date":"2024-06-04T00:00:00","date_gmt":"2024-06-03T22:00:00","guid":{"rendered":"https:\/\/gpl-love.com\/fr\/produit\/personal-blogily\/"},"modified":"2026-04-10T18:36:21","modified_gmt":"2026-04-10T16:36:21","slug":"personal-blogily","status":"publish","type":"product","link":"https:\/\/gpl-love.com\/fr\/produit\/personal-blogily\/","title":{"rendered":"Personal Blogily 148.7"},"content":{"rendered":"<h3>Personal Blogily Traits<\/h3>\n<p>Le blogly personnel est une plate-forme de blogs de pointe sp\u00e9cialement adapt\u00e9e pour r\u00e9pondre aux personnes qui ont le d\u00e9sir de fabriquer et de circuler leurs propres blogs. Au moyen de la blogly personnelle, les utilisateurs ont la capacit\u00e9 transparente de forger et de modifier leurs entr\u00e9es de blog personnelles, incorporant des \u00e9l\u00e9ments de m\u00e9dias visuels captivants tels que des images et des vid\u00e9os, culminant finalement dans la diffusion rapide dudit contenu en quelques clics. B\u00e9n\u00e9ration d&rsquo;une interface qui est non seulement intuitive mais aussi conviviale et conviviale, bloque personnelle profite d&rsquo;une gamme d&rsquo;outils et de fonctionnalit\u00e9s robustes qui servent \u00e0 faciliter l&rsquo;expansion des lecteurs des utilisateurs, \u00e0 favoriser l&rsquo;\u00e9tablissement de connexions avec leur public et \u00e0 am\u00e9liorer l&rsquo;optimisation de leur leur Contenu afin d&rsquo;augmenter consid\u00e9rablement leur visibilit\u00e9 dans le vaste domaine des moteurs de recherche. Peu importe que l&rsquo;on soit un v\u00e9t\u00e9ran durcie par la bataille de la blogosph\u00e8re ou que l&rsquo;un se lance dans son voyage inaugural, le blogly ne laisse pas de la pierre non retourn\u00e9e lorsqu&rsquo;il s&rsquo;agit de fournir aux individus toutes les conditions n\u00e9cessaires pour propulser leurs blogs \u00e0 des hauteurs sans pr\u00e9c\u00e9dent. La question se pose ainsi: pourquoi en retarder davantage? Ne perdez pas de temps et saisissez l&rsquo;opportunit\u00e9 de s&rsquo;enr\u00f4ler dans les rangs du blogly personnel aujourd&rsquo;hui, commen\u00e7ant ainsi le processus d&rsquo;\u00e9rection d&rsquo;un blog de calibre professionnel in\u00e9gal\u00e9!<\/p>\n<ul>\n<li>Une plateforme de blogs personnalis\u00e9e pour les particuliers<\/li>\n<li>Options de personnalisation compl\u00e8tes pour la conception et la mise en page<\/li>\n<li>Capacit\u00e9 \u00e0 mettre \u00e0 jour et \u00e0 publier facilement du contenu<\/li>\n<li>Option pour se connecter et suivre d&rsquo;autres blogueurs<\/li>\n<li>Analyse int\u00e9gr\u00e9e pour suivre les performances et l&rsquo;engagement<\/li>\n<li>H\u00e9bergement s\u00e9curis\u00e9 et fiable pour la tranquillit\u00e9 d&rsquo;esprit<\/li>\n<li>Conception r\u00e9active mobile pour les blogs accessibles \u00e0 l&#8217;emploi<\/li>\n<li>Plusieurs capacit\u00e9s d&rsquo;auteur pour les collaborations ou la publication d&rsquo;invit\u00e9s<\/li>\n<li>Outils d&rsquo;optimisation SEO pour am\u00e9liorer la visibilit\u00e9 et les classements de recherche<\/li>\n<li>Mises \u00e0 jour r\u00e9guli\u00e8res et soutien pour assurer une exp\u00e9rience de blogs en douceur.<\/li>\n<\/ul>\n","protected":false},"excerpt":{"rendered":"<p>Bienvenue sur mon blog personnel, o\u00f9 je partage mes pens\u00e9es et mes exp\u00e9riences avec le monde. Cette plate-forme me sert de d\u00e9bouch\u00e9 pour exprimer mes id\u00e9es et me connecter avec des individus partageant les m\u00eames id\u00e9es. J&rsquo;esp\u00e8re que vous trouverez mon contenu attrayant et stimulant. N&rsquo;h\u00e9sitez pas \u00e0 laisser des commentaires et \u00e0 participer \u00e0 la conversation. Merci de votre visite et de la lecture heureuse!<\/p>\n","protected":false},"featured_media":144966,"comment_status":"open","ping_status":"open","template":"","meta":[],"product_brand":[2474],"product_cat":[1242,1212,1213],"product_tag":[2315],"class_list":{"0":"post-123110","1":"product","2":"type-product","3":"status-publish","4":"has-post-thumbnail","6":"product_brand-superb-themes","7":"product_cat-creatif","8":"product_cat-themes","9":"product_cat-wordpress-themes","10":"product_tag-superb-themes","11":"member-discount","12":"discount-restricted","14":"first","15":"instock","16":"sale","17":"downloadable","18":"virtual","19":"sold-individually","20":"purchasable","21":"product-type-simple"},"_links":{"self":[{"href":"https:\/\/gpl-love.com\/fr\/wp-json\/wp\/v2\/product\/123110","targetHints":{"allow":["GET"]}}],"collection":[{"href":"https:\/\/gpl-love.com\/fr\/wp-json\/wp\/v2\/product"}],"about":[{"href":"https:\/\/gpl-love.com\/fr\/wp-json\/wp\/v2\/types\/product"}],"replies":[{"embeddable":true,"href":"https:\/\/gpl-love.com\/fr\/wp-json\/wp\/v2\/comments?post=123110"}],"wp:featuredmedia":[{"embeddable":true,"href":"https:\/\/gpl-love.com\/fr\/wp-json\/wp\/v2\/media\/144966"}],"wp:attachment":[{"href":"https:\/\/gpl-love.com\/fr\/wp-json\/wp\/v2\/media?parent=123110"}],"wp:term":[{"taxonomy":"product_brand","embeddable":true,"href":"https:\/\/gpl-love.com\/fr\/wp-json\/wp\/v2\/product_brand?post=123110"},{"taxonomy":"product_cat","embeddable":true,"href":"https:\/\/gpl-love.com\/fr\/wp-json\/wp\/v2\/product_cat?post=123110"},{"taxonomy":"product_tag","embeddable":true,"href":"https:\/\/gpl-love.com\/fr\/wp-json\/wp\/v2\/product_tag?post=123110"}],"curies":[{"name":"wp","href":"https:\/\/api.w.org\/{rel}","templated":true}]}}