{"id":123109,"date":"2025-02-06T00:00:00","date_gmt":"2025-02-05T23:00:00","guid":{"rendered":"https:\/\/gpl-love.com\/fr\/produit\/page-builderly\/"},"modified":"2026-04-10T18:35:37","modified_gmt":"2026-04-10T16:35:37","slug":"page-builderly","status":"publish","type":"product","link":"https:\/\/gpl-love.com\/fr\/produit\/page-builderly\/","title":{"rendered":"Page Builderly 112.0"},"content":{"rendered":"<h3>Page Builderly Traits<\/h3>\n<p>Page Builderly est un outil tr\u00e8s robuste et intuitif qui permet aux utilisateurs de cr\u00e9er sans effort des pages Web visuellement \u00e9tonnantes et dynamiquement engageantes. Avec son interface de glisser-d\u00e9poser incroyablement conviviale et sa vaste gamme de widgets personnalisables, les individus peuvent cr\u00e9er de mani\u00e8re transparente des pages Web qui capturent et refl\u00e8tent pr\u00e9cis\u00e9ment l&rsquo;essence de leur identit\u00e9 et style de marque uniques. Que l&rsquo;on se concentre sur le d\u00e9veloppement de pages de destination captivantes, de pages de produits informatives ou m\u00eame de sites Web entiers, Page Builderly sert de ressource inestimable qui rationalise et optimise l&rsquo;ensemble du processus de conception, permettant aux utilisateurs de produire sans effort un contenu tr\u00e8s engageant et remarquablement efficace. De plus, l&rsquo;un des avantages les plus importants du constructeur de pages est son accessibilit\u00e9 aux utilisateurs de tous les niveaux de comp\u00e9tence, car il \u00e9limine la n\u00e9cessit\u00e9 d&rsquo;une expertise de codage, permettant aux individus d&rsquo;horizons divers de s&rsquo;engager en toute confiance dans l&rsquo;outil. En combinant de mani\u00e8re transparente une interface conviviale avec un ensemble complet de fonctionnalit\u00e9s robustes, Page B\u00e9n\u00e9ficiaire est incontestablement comme un outil indispensable et essentiel pour tous ceux qui cherchent \u00e0 \u00e9lever leurs comp\u00e9tences et \u00e0 exceller dans le domaine de la conception Web.<\/p>\n<ul>\n<li>Outil de construction de pages convivial<\/li>\n<li>Permet aux utilisateurs de cr\u00e9er des pages personnalis\u00e9es sans avoir besoin de connaissances de codage<\/li>\n<li>Fonctionnalit\u00e9 de glisser-d\u00e9poser pour une personnalisation de conception facile<\/li>\n<li>Comprend une vari\u00e9t\u00e9 de mod\u00e8les \u00e0 choisir<\/li>\n<li>Peut \u00eatre utilis\u00e9 pour les sites Web, les blogs et les magasins de commerce \u00e9lectronique<\/li>\n<li>Compatible avec divers syst\u00e8mes de gestion de contenu comme WordPress et Joomla<\/li>\n<li>Polyvalent et peut cr\u00e9er des pages pour diff\u00e9rents appareils tels que le bureau et le mobile<\/li>\n<li>Peut s&rsquo;int\u00e9grer \u00e0 des applications tierces comme les outils de marketing par e-mail<\/li>\n<li>Offre un aper\u00e7u en temps r\u00e9el des modifications apport\u00e9es \u00e0 la conception<\/li>\n<li>Fournit une prise en charge et des tutoriels aux utilisateurs pour maximiser ses fonctionnalit\u00e9s.<\/li>\n<\/ul>\n","protected":false},"excerpt":{"rendered":"<p>Page Bouilderly, un outil incroyablement puissant, donne aux utilisateurs la possibilit\u00e9 de construire sans effort des sites Web visuellement \u00e9tonnants et polis professionnellement, le tout sans l&rsquo;exigence de poss\u00e9der une expertise codante. Gr\u00e2ce \u00e0 son interface de glisser-d\u00e9poser, les individus sont capables de modifier sans effort des mod\u00e8les de page pr\u00e9-con\u00e7us ou m\u00eame de forger leurs propres conceptions distinctes \u00e0 partir de z\u00e9ro. De plus, Page Builderly poss\u00e8de une vaste gamme de fonctionnalit\u00e9s et d&rsquo;\u00e9l\u00e9ments, telles que du texte, des images, des boutons, des formulaires, des arri\u00e8re-plans vid\u00e9o, et plus encore, pour que les utilisateurs puissent utiliser s\u00e9lectivement. De plus, sa conception adaptative garantit que vos pages Web s&rsquo;afficheront parfaitement sur tous les appareils, tandis que le code optimis\u00e9 par l&rsquo;optimisation du moteur de recherche (SEO) aide \u00e0 renforcer la visibilit\u00e9 de votre site Web dans les r\u00e9sultats de recherche. Que l&rsquo;on soit un novice ou un concepteur Web chevronn\u00e9, Page Builderly fournit une solution globale, donnant les outils n\u00e9cessaires pour g\u00e9n\u00e9rer rapidement et sans effort sans effort et impactant des pages Web.<\/p>\n","protected":false},"featured_media":144893,"comment_status":"open","ping_status":"open","template":"","meta":[],"product_brand":[2474],"product_cat":[1242,1212,1213],"product_tag":[2315],"class_list":{"0":"post-123109","1":"product","2":"type-product","3":"status-publish","4":"has-post-thumbnail","6":"product_brand-superb-themes","7":"product_cat-creatif","8":"product_cat-themes","9":"product_cat-wordpress-themes","10":"product_tag-superb-themes","11":"member-discount","12":"discount-restricted","14":"first","15":"instock","16":"sale","17":"downloadable","18":"virtual","19":"sold-individually","20":"purchasable","21":"product-type-simple"},"_links":{"self":[{"href":"https:\/\/gpl-love.com\/fr\/wp-json\/wp\/v2\/product\/123109","targetHints":{"allow":["GET"]}}],"collection":[{"href":"https:\/\/gpl-love.com\/fr\/wp-json\/wp\/v2\/product"}],"about":[{"href":"https:\/\/gpl-love.com\/fr\/wp-json\/wp\/v2\/types\/product"}],"replies":[{"embeddable":true,"href":"https:\/\/gpl-love.com\/fr\/wp-json\/wp\/v2\/comments?post=123109"}],"wp:featuredmedia":[{"embeddable":true,"href":"https:\/\/gpl-love.com\/fr\/wp-json\/wp\/v2\/media\/144893"}],"wp:attachment":[{"href":"https:\/\/gpl-love.com\/fr\/wp-json\/wp\/v2\/media?parent=123109"}],"wp:term":[{"taxonomy":"product_brand","embeddable":true,"href":"https:\/\/gpl-love.com\/fr\/wp-json\/wp\/v2\/product_brand?post=123109"},{"taxonomy":"product_cat","embeddable":true,"href":"https:\/\/gpl-love.com\/fr\/wp-json\/wp\/v2\/product_cat?post=123109"},{"taxonomy":"product_tag","embeddable":true,"href":"https:\/\/gpl-love.com\/fr\/wp-json\/wp\/v2\/product_tag?post=123109"}],"curies":[{"name":"wp","href":"https:\/\/api.w.org\/{rel}","templated":true}]}}