{"id":123108,"date":"2025-02-06T00:00:00","date_gmt":"2025-02-05T23:00:00","guid":{"rendered":"https:\/\/gpl-love.com\/fr\/produit\/one-pageily\/"},"modified":"2026-04-10T18:35:15","modified_gmt":"2026-04-10T16:35:15","slug":"one-pageily","status":"publish","type":"product","link":"https:\/\/gpl-love.com\/fr\/produit\/one-pageily\/","title":{"rendered":"One Pageily 115.0"},"content":{"rendered":"<h3>One Pageily Traits<\/h3>\n<p>One Pageily est une plate-forme en ligne innovante con\u00e7ue pour rationaliser la proc\u00e9dure complexe de l&rsquo;artisanat de pages de destination, des pages de vente et des pages de compression. Tirant parti de son interface remarquablement intuitive, m\u00eame les individus d\u00e9pourvus d&rsquo;expertise en programmation peuvent g\u00e9n\u00e9rer sans effort une page Web visuellement magnifique en quelques minutes. Ce produit exceptionnel englobe une vaste gamme de mod\u00e8les personnalis\u00e9s et de blocs pr\u00e9-assembl\u00e9s, ce qui permet aux utilisateurs de personnaliser m\u00e9ticuleusement leurs pages pour s&rsquo;aligner pr\u00e9cis\u00e9ment avec leurs pr\u00e9f\u00e9rences et leurs conditions pr\u00e9alables distinctes. Dans une entreprise louable pour augmenter la port\u00e9e des entreprises, One Pageily offre \u00e9galement une int\u00e9gration transparente avec des services de marketing par e-mail distingu\u00e9s, facilitant ainsi l&rsquo;expansion de leurs pr\u00e9cieuses listes d&rsquo;abonn\u00e9s. En exploitant les capacit\u00e9s remarquables d&rsquo;une page, les utilisateurs optimisent efficacement leurs pr\u00e9cieuses ressources de temps et d&rsquo;argent tout en forgeant sans effort des pages impeccables de qualit\u00e9 professionnelle qui convertissent de mani\u00e8re transparente et efficace de simples visiteurs en clients fid\u00e8les.<\/p>\n<ul>\n<li>One Pageily est un puissant outil en ligne pour cr\u00e9er de beaux sites Web d&rsquo;une seule page \u00e0 l&rsquo;aspect professionnel.<\/li>\n<li>Avec une interface glisser-d\u00e9poser facile \u00e0 utiliser, la cr\u00e9ation d&rsquo;un site Web n&rsquo;a jamais \u00e9t\u00e9 aussi simple.<\/li>\n<li>Choisissez parmi un large \u00e9ventail de mod\u00e8les personnalisables ou commencez \u00e0 partir de z\u00e9ro pour donner vie \u00e0 votre vision unique.<\/li>\n<li>Les sites Web d&rsquo;une page n&rsquo;ont jamais \u00e9t\u00e9 aussi populaires, et une Pageily facilite la participation \u00e0 la tendance.<\/li>\n<li>Pas un designer? Aucun mod\u00e8le de Problemone Pageily n&rsquo;est con\u00e7u pour \u00eatre facile \u00e0 utiliser et \u00e0 personnaliser m\u00eame si vous n&rsquo;avez aucune exp\u00e9rience de conception pr\u00e9alable.<\/li>\n<li>Avec les outils et fonctionnalit\u00e9s puissants d&rsquo;une Pageily, vous pourrez cr\u00e9er un site Web qui a fi\u00e8re allure sur n&rsquo;importe quel appareil, des ordinateurs de bureau vers les smartphones et les tablettes.<\/li>\n<li>Que vous cherchiez \u00e0 lancer un nouveau produit, \u00e0 promouvoir votre entreprise ou \u00e0 partager simplement vos id\u00e9es avec le monde, un Pageily est le moyen id\u00e9al pour commencer.<\/li>\n<\/ul>\n","protected":false},"excerpt":{"rendered":"<p>Un Pageily est un outil exceptionnellement robuste et convivial pour les utilisateurs m\u00e9ticuleusement con\u00e7u pour vous aider \u00e0 g\u00e9n\u00e9rer sans effort des pages de destination captivantes et percutantes. Son interface est con\u00e7ue intuitivement, permettant une navigation transparente et sa gamme de mod\u00e8les personnalisables offre une flexibilit\u00e9 in\u00e9gal\u00e9e. Avec une page \u00e0 votre disposition, vous avez la capacit\u00e9 de concevoir et de publier sans effort et de publier des pages g\u00e9n\u00e9rateurs de conversion qui captiveront sans effort l&rsquo;attention de vos visiteurs et entra\u00eeneront une augmentation des conversions. Que vous soyez un n\u00e9ophyte ou un sp\u00e9cialiste du marketing chevronn\u00e9, un Pagely sert de solution par excellence pour les personnes cherchant \u00e0 renforcer leur pr\u00e9sence en ligne et \u00e0 amplifier leurs sources de revenus. Ne perdez pas de temps et lancez ce voyage transformateur aujourd&rsquo;hui, permettant \u00e0 votre entreprise de prosp\u00e9rer vraiment!<\/p>\n","protected":false},"featured_media":144862,"comment_status":"open","ping_status":"open","template":"","meta":[],"product_brand":[2474],"product_cat":[1242,1212,1213],"product_tag":[2315],"class_list":{"0":"post-123108","1":"product","2":"type-product","3":"status-publish","4":"has-post-thumbnail","6":"product_brand-superb-themes","7":"product_cat-creatif","8":"product_cat-themes","9":"product_cat-wordpress-themes","10":"product_tag-superb-themes","11":"member-discount","12":"discount-restricted","14":"first","15":"instock","16":"sale","17":"downloadable","18":"virtual","19":"sold-individually","20":"purchasable","21":"product-type-simple"},"_links":{"self":[{"href":"https:\/\/gpl-love.com\/fr\/wp-json\/wp\/v2\/product\/123108","targetHints":{"allow":["GET"]}}],"collection":[{"href":"https:\/\/gpl-love.com\/fr\/wp-json\/wp\/v2\/product"}],"about":[{"href":"https:\/\/gpl-love.com\/fr\/wp-json\/wp\/v2\/types\/product"}],"replies":[{"embeddable":true,"href":"https:\/\/gpl-love.com\/fr\/wp-json\/wp\/v2\/comments?post=123108"}],"wp:featuredmedia":[{"embeddable":true,"href":"https:\/\/gpl-love.com\/fr\/wp-json\/wp\/v2\/media\/144862"}],"wp:attachment":[{"href":"https:\/\/gpl-love.com\/fr\/wp-json\/wp\/v2\/media?parent=123108"}],"wp:term":[{"taxonomy":"product_brand","embeddable":true,"href":"https:\/\/gpl-love.com\/fr\/wp-json\/wp\/v2\/product_brand?post=123108"},{"taxonomy":"product_cat","embeddable":true,"href":"https:\/\/gpl-love.com\/fr\/wp-json\/wp\/v2\/product_cat?post=123108"},{"taxonomy":"product_tag","embeddable":true,"href":"https:\/\/gpl-love.com\/fr\/wp-json\/wp\/v2\/product_tag?post=123108"}],"curies":[{"name":"wp","href":"https:\/\/api.w.org\/{rel}","templated":true}]}}