{"id":123107,"date":"2025-02-06T00:00:00","date_gmt":"2025-02-05T23:00:00","guid":{"rendered":"https:\/\/gpl-love.com\/fr\/produit\/newspaperly\/"},"modified":"2026-04-10T18:33:51","modified_gmt":"2026-04-10T16:33:51","slug":"newspaperly","status":"publish","type":"product","link":"https:\/\/gpl-love.com\/fr\/produit\/newspaperly\/","title":{"rendered":"Newspaperly 120.0"},"content":{"rendered":"<h3>Newspaperly Traits<\/h3>\n<p>Journally est un agr\u00e9gateur de nouvelles de pointe qui fournit une nouvelle solution pour les personnes cherchant \u00e0 rester bien inform\u00e9s sur les derni\u00e8res nouvelles et tendances couvrant le globe. Gr\u00e2ce \u00e0 son interface conviviale et instinctive, les utilisateurs peuvent sans effort parcourir une pl\u00e9thore de titres provenant d&rsquo;un \u00e9ventail diversifi\u00e9 de points de vente, englobant des soci\u00e9t\u00e9s d&rsquo;information importantes, des journaux locaux et des blogs populaires. Cette plate-forme poss\u00e8de des flux personnalis\u00e9s adapt\u00e9s pour r\u00e9pondre aux int\u00e9r\u00eats et pr\u00e9f\u00e9rences individuelles, facilitant l&rsquo;exploration transparente de nouveaux sujets et la conscience continue des probl\u00e8mes pertinents. Que l&rsquo;objectif soit de se tenir au courant des affaires actuelles, de surveiller les mod\u00e8les de l&rsquo;industrie ou de simplement d\u00e9river l&rsquo;amusement, sert de journal dans la ressource ultime, offrant tous les outils n\u00e9cessaires pour s&rsquo;assurer que l&rsquo;on reste au courant des nouvelles et informations les plus r\u00e9centes.<\/p>\n<ul>\n<li>Obtenez des points forts quotidiens des nouvelles personnalis\u00e9es livr\u00e9es dans votre bo\u00eete de r\u00e9ception<\/li>\n<li>Restez \u00e0 jour sur les derni\u00e8res tendances et \u00e9v\u00e9nements de votre industrie<\/li>\n<li>Personnalisez vos pr\u00e9f\u00e9rences d&rsquo;actualit\u00e9s en fonction de vos int\u00e9r\u00eats et de vos habitudes de lecture<\/li>\n<li>Acc\u00e9dez facilement aux articles complets via des liens fournis dans votre e-mail<\/li>\n<li>Ne manquez plus jamais les nouvelles importantes avec des mises \u00e0 jour opportunes et organis\u00e9es<\/li>\n<li>Avoir la commodit\u00e9 d&rsquo;un journal quotidien livr\u00e9 directement \u00e0 votre appareil num\u00e9rique<\/li>\n<li>Restez inform\u00e9 et bien inform\u00e9 sans passer des heures \u00e0 passer \u00e0 travers des sources d&rsquo;information<\/li>\n<li>Prenez des d\u00e9cisions \u00e9clair\u00e9es et restez en avance sur la comp\u00e9tition avec les journaux.<\/li>\n<\/ul>\n","protected":false},"excerpt":{"rendered":"<p>Enworkly est un logiciel innovant et r\u00e9volutionnaire qui a la capacit\u00e9 de r\u00e9volutionner le domaine des journaux traditionnels en les convertissant en formats num\u00e9riques. Gr\u00e2ce \u00e0 l&rsquo;utilisation des journaux, les individus re\u00e7oivent une opportunit\u00e9 exceptionnelle d&rsquo;acc\u00e9der sans effort et facilement \u00e0 une vaste gamme d&rsquo;articles de presse et aux histoires captivantes de divers journaux \u00e0 travers le monde, le tout via leurs appareils num\u00e9riques. Ce logiciel est sp\u00e9cialement con\u00e7u pour offrir une exp\u00e9rience de navigation impeccable et ininterrompue, facilitant ainsi et rationalisant le processus d&rsquo;obtention des connaissances les plus \u00e0 jour et les plus compl\u00e8tes concernant les derni\u00e8res nouvelles et \u00e9v\u00e9nements. De plus, les journaux sont une plate-forme inclusive et polyvalente qui s&rsquo;adresse \u00e0 un \u00e9ventail diversifi\u00e9 de personnes, y compris des \u00e9tudiants, des professionnels et m\u00eame des passionn\u00e9s de journaux qui tirent un immense plaisir de se livrer \u00e0 l&rsquo;acte de lire. Par cons\u00e9quent, je vous exhorte fortement \u00e0 saisir le moment et \u00e0 vous lancer dans ce voyage transformateur en essayant maintenant des journaux maintenant, car il promet de vous fournir une rencontre sans pr\u00e9c\u00e9dent et tout \u00e0 fait remarquable avec le monde des journaux num\u00e9riques!<\/p>\n","protected":false},"featured_media":144744,"comment_status":"open","ping_status":"open","template":"","meta":[],"product_brand":[2474],"product_cat":[1220,1212,1213],"product_tag":[2315],"class_list":{"0":"post-123107","1":"product","2":"type-product","3":"status-publish","4":"has-post-thumbnail","6":"product_brand-superb-themes","7":"product_cat-blog-magazine","8":"product_cat-themes","9":"product_cat-wordpress-themes","10":"product_tag-superb-themes","11":"member-discount","12":"discount-restricted","14":"first","15":"instock","16":"sale","17":"downloadable","18":"virtual","19":"sold-individually","20":"purchasable","21":"product-type-simple"},"_links":{"self":[{"href":"https:\/\/gpl-love.com\/fr\/wp-json\/wp\/v2\/product\/123107","targetHints":{"allow":["GET"]}}],"collection":[{"href":"https:\/\/gpl-love.com\/fr\/wp-json\/wp\/v2\/product"}],"about":[{"href":"https:\/\/gpl-love.com\/fr\/wp-json\/wp\/v2\/types\/product"}],"replies":[{"embeddable":true,"href":"https:\/\/gpl-love.com\/fr\/wp-json\/wp\/v2\/comments?post=123107"}],"wp:featuredmedia":[{"embeddable":true,"href":"https:\/\/gpl-love.com\/fr\/wp-json\/wp\/v2\/media\/144744"}],"wp:attachment":[{"href":"https:\/\/gpl-love.com\/fr\/wp-json\/wp\/v2\/media?parent=123107"}],"wp:term":[{"taxonomy":"product_brand","embeddable":true,"href":"https:\/\/gpl-love.com\/fr\/wp-json\/wp\/v2\/product_brand?post=123107"},{"taxonomy":"product_cat","embeddable":true,"href":"https:\/\/gpl-love.com\/fr\/wp-json\/wp\/v2\/product_cat?post=123107"},{"taxonomy":"product_tag","embeddable":true,"href":"https:\/\/gpl-love.com\/fr\/wp-json\/wp\/v2\/product_tag?post=123107"}],"curies":[{"name":"wp","href":"https:\/\/api.w.org\/{rel}","templated":true}]}}