{"id":123105,"date":"2022-05-07T00:00:00","date_gmt":"2022-05-06T22:00:00","guid":{"rendered":"https:\/\/gpl-love.com\/fr\/produit\/modern-blogily\/"},"modified":"2026-04-10T18:31:44","modified_gmt":"2026-04-10T16:31:44","slug":"modern-blogily","status":"publish","type":"product","link":"https:\/\/gpl-love.com\/fr\/produit\/modern-blogily\/","title":{"rendered":"Modern Blogily 104.4"},"content":{"rendered":"<h3>Modern Blogily Traits<\/h3>\n<p>Modern Blogly est une plate-forme de blogs avanc\u00e9e et de pointe qui poss\u00e8de une interface transparente et tr\u00e8s intuitive pour faciliter sans effort la publication du contenu des blogueurs. La plate-forme propose une vaste gamme de th\u00e8mes et mod\u00e8les personnalisables, permettant ainsi aux blogueurs de cr\u00e9er des conceptions de blogs captivantes visuellement qui refl\u00e8tent authentiquement leur identit\u00e9 de marque et leur style personnel distinctif. De plus, la plate-forme est m\u00e9ticuleusement optimis\u00e9e pour le classement des moteurs de recherche, garantissant ainsi une meilleure d\u00e9couverte du contenu en \u00e9largissant sa port\u00e9e \u00e0 un public plus large. En outre, moderne s&rsquo;int\u00e8gre de mani\u00e8re transparente \u00e0 diverses plateformes de m\u00e9dias sociaux, permettant ainsi aux blogueurs de diffuser sans effort leurs messages sur plusieurs canaux et d&rsquo;\u00e9tendre exponentiellement leur pr\u00e9sence en ligne. La plate-forme propose \u00e9galement des services d&rsquo;h\u00e9bergement in\u00e9gal\u00e9s et des fonctionnalit\u00e9s de s\u00e9curit\u00e9 de pointe, qui non seulement assurent une assurance solide concernant la s\u00e9curit\u00e9 et l&rsquo;accessibilit\u00e9 du contenu des blogueurs, mais aussi la plus grande tranquillit\u00e9 d&rsquo;esprit. Ind\u00e9pendamment de savoir si vous \u00eates un blogueur chevronn\u00e9 avec une riche exp\u00e9rience ou un novice qui se lance dans ce voyage num\u00e9rique passionnant, le blogment moderne est la solution ultime qui augmentera et r\u00e9volutionnera sans aucun doute votre exp\u00e9rience de blogs \u00e0 des sommets in\u00e9gal\u00e9s.<\/p>\n<ul>\n<li>Design propre et moderne qui correspond \u00e0 n&rsquo;importe quel style de blog<\/li>\n<li>Facile \u00e0 utiliser et \u00e0 personnaliser avec un panneau d&rsquo;options intuitifs<\/li>\n<li>Mobile r\u00e9actif pour vous assurer que votre blog a fi\u00e8re allure sur n&rsquo;importe quel appareil<\/li>\n<li>Prend en charge tous les principaux types de blogs, y compris le texte, la vid\u00e9o et les publications d&rsquo;image<\/li>\n<li>Optimis\u00e9 pour la vitesse et le r\u00e9f\u00e9rencement pour attirer plus de visiteurs et am\u00e9liorer les classements<\/li>\n<li>Plusieurs options de disposition \u00e0 choisir pour pr\u00e9senter votre contenu de la meilleure fa\u00e7on possible<\/li>\n<li>Int\u00e9gration des m\u00e9dias sociaux pour aider \u00e0 d\u00e9velopper votre pr\u00e9sence en ligne et \u00e0 atteindre un public plus large<\/li>\n<li>Syst\u00e8me de commentaires int\u00e9gr\u00e9 pour encourager l&rsquo;engagement et la conversation avec vos lecteurs<\/li>\n<li>Prise en charge des plugins populaires pour am\u00e9liorer les fonctionnalit\u00e9s et les fonctionnalit\u00e9s de votre blog<\/li>\n<li>Support client 24\/7 pour vous assurer d&rsquo;obtenir l&rsquo;aide dont vous avez besoin lorsque vous en avez besoin.<\/li>\n<\/ul>\n","protected":false},"excerpt":{"rendered":"<p>Modern blogly est un logiciel de conception de blogs innovant qui permet aux utilisateurs de cr\u00e9er sans effort des blogs captivants visuellement en quelques minutes. Son interface rationalis\u00e9e et contemporaine r\u00e9volutionne le processus de personnalisation des blogs, la rendant plus accessible que jamais. Peu importe que vous vantiez une expertise chevronn\u00e9e en tant que blogueur ou que vous vous lanciez dans votre premi\u00e8re incursion dans la blogosph\u00e8re, le blog moderne accorde \u00e0 ses utilisateurs une vaste gamme de fonctionnalit\u00e9s qui passent de la gamme, de mod\u00e8les personnalisables \u00e0 une interface de glisser-d\u00e9poser intuitivement navigable, Sans parler des outils SEO int\u00e9gr\u00e9s qui sont construits directement dans la plate-forme. Modifier et publier de mani\u00e8re transparente votre contenu, incorporez de mani\u00e8re transparente des images, des vid\u00e9os et des fichiers audio dans vos messages avec une facilit\u00e9 absolue. Ench\u00e9ant Adieu \u00e0 la t\u00e2che fastidieuse de faire d\u00e9filer sans cesse un \u00e9ventail sans fin de mod\u00e8les, vous pouvez chaleureusement accueiller un blog qui rayonne \u00e0 la fois la modernit\u00e9 et le professionnalisme gr\u00e2ce au pouvoir transformateur du blogly moderne.<\/p>\n","protected":false},"featured_media":144558,"comment_status":"open","ping_status":"open","template":"","meta":[],"product_brand":[2474],"product_cat":[1220,1212,1213],"product_tag":[2315],"class_list":{"0":"post-123105","1":"product","2":"type-product","3":"status-publish","4":"has-post-thumbnail","6":"product_brand-superb-themes","7":"product_cat-blog-magazine","8":"product_cat-themes","9":"product_cat-wordpress-themes","10":"product_tag-superb-themes","11":"member-discount","12":"discount-restricted","14":"first","15":"instock","16":"sale","17":"downloadable","18":"virtual","19":"sold-individually","20":"purchasable","21":"product-type-simple"},"_links":{"self":[{"href":"https:\/\/gpl-love.com\/fr\/wp-json\/wp\/v2\/product\/123105","targetHints":{"allow":["GET"]}}],"collection":[{"href":"https:\/\/gpl-love.com\/fr\/wp-json\/wp\/v2\/product"}],"about":[{"href":"https:\/\/gpl-love.com\/fr\/wp-json\/wp\/v2\/types\/product"}],"replies":[{"embeddable":true,"href":"https:\/\/gpl-love.com\/fr\/wp-json\/wp\/v2\/comments?post=123105"}],"wp:featuredmedia":[{"embeddable":true,"href":"https:\/\/gpl-love.com\/fr\/wp-json\/wp\/v2\/media\/144558"}],"wp:attachment":[{"href":"https:\/\/gpl-love.com\/fr\/wp-json\/wp\/v2\/media?parent=123105"}],"wp:term":[{"taxonomy":"product_brand","embeddable":true,"href":"https:\/\/gpl-love.com\/fr\/wp-json\/wp\/v2\/product_brand?post=123105"},{"taxonomy":"product_cat","embeddable":true,"href":"https:\/\/gpl-love.com\/fr\/wp-json\/wp\/v2\/product_cat?post=123105"},{"taxonomy":"product_tag","embeddable":true,"href":"https:\/\/gpl-love.com\/fr\/wp-json\/wp\/v2\/product_tag?post=123105"}],"curies":[{"name":"wp","href":"https:\/\/api.w.org\/{rel}","templated":true}]}}