{"id":123098,"date":"2025-02-06T00:00:00","date_gmt":"2025-02-05T23:00:00","guid":{"rendered":"https:\/\/gpl-love.com\/fr\/produit\/corporately\/"},"modified":"2026-03-20T22:59:06","modified_gmt":"2026-03-20T21:59:06","slug":"corporately","status":"publish","type":"product","link":"https:\/\/gpl-love.com\/fr\/produit\/corporately\/","title":{"rendered":"Corporately 107.0"},"content":{"rendered":"<h3>Corporately Traits<\/h3>\n<p>Corparement, en tant qu&rsquo;outil innovant et robuste, offre des avantages remarquables pour les entreprises qui cherchent \u00e0 optimiser leurs efforts de communication et de collaboration. B\u00e9n\u00e9ficiant d&rsquo;un \u00e9ventail diversifi\u00e9 de fonctionnalit\u00e9s m\u00e9ticuleusement con\u00e7ues pour amplifier la productivit\u00e9 de l&rsquo;\u00e9quipe et rationaliser l&rsquo;efficacit\u00e9, facilite d&rsquo;entreprise l&rsquo;\u00e9change sans effort d&rsquo;informations et d&rsquo;id\u00e9es dans divers d\u00e9partements et m\u00eame des fronti\u00e8res g\u00e9ographiques. De plus, son interface exceptionnellement conviviale permet aux individus de rester en toute transparence et de s&rsquo;engager dans une collaboration en temps r\u00e9el sans effort. Notamment, la mise en \u0153uvre de protocoles de s\u00e9curit\u00e9 avanc\u00e9s garantit la plus grande protection des donn\u00e9es confidentielles, assurant aux entreprises que les informations sensibles restent sauvegard\u00e9es. Que vous aspirez \u00e0 \u00e9lever des strat\u00e9gies de gestion de projet, \u00e0 favoriser une culture d&rsquo;innovation ou \u00e0 favoriser simplement de fortes connexions avec votre \u00e9quipe, \u00e9merge en entreprise comme une solution impeccable qui r\u00e9pond aux besoins des entreprises, quelle que soit leur \u00e9chelle ou leur port\u00e9e.<\/p>\n<ul>\n<li>Processus de flux de travail rationalis\u00e9s<\/li>\n<li>Accrue de productivit\u00e9 et d&rsquo;efficacit\u00e9<\/li>\n<li>Am\u00e9lioration de la communication et de la collaboration au sein des \u00e9quipes d&rsquo;entreprise<\/li>\n<li>Attribution des ressources optimis\u00e9e et allocation des responsabilit\u00e9s<\/li>\n<li>Am\u00e9lioration des capacit\u00e9s de prise de d\u00e9cision avec acc\u00e8s \u00e0 des informations centralis\u00e9es<\/li>\n<li>Une plus grande transparence et responsabilit\u00e9 \u00e0 travers l&rsquo;organisation<\/li>\n<li>Erreurs r\u00e9duites et pr\u00e9cision am\u00e9lior\u00e9e dans l&rsquo;analyse et les rapports des donn\u00e9es<\/li>\n<li>Am\u00e9lioration de la satisfaction des clients gr\u00e2ce \u00e0 des r\u00e9ponses et des r\u00e9solutions opportunes<\/li>\n<li>Augmentation de la croissance et de la rentabilit\u00e9 des revenus en maximisant les ressources et en r\u00e9duisant les co\u00fbts.<\/li>\n<\/ul>\n","protected":false},"excerpt":{"rendered":"<p>Notre produit est con\u00e7u avec un \u00e9tat d&rsquo;esprit d&rsquo;entreprise, offrant des fonctionnalit\u00e9s et des avantages cl\u00e9s qui r\u00e9pondent sp\u00e9cifiquement aux besoins des entreprises. Il s&rsquo;agit d&rsquo;une solution rentable qui int\u00e8gre des technologies de pointe, garantissant des performances et une efficacit\u00e9 optimales. Notre produit est non seulement convivial, mais propose \u00e9galement des fonctionnalit\u00e9s haut de gamme telles que la s\u00e9curit\u00e9 des donn\u00e9es et l&rsquo;\u00e9volutivit\u00e9. Que vous soyez une petite entreprise ou une grande entreprise, notre produit peut \u00eatre personnalis\u00e9 pour r\u00e9pondre \u00e0 vos besoins sp\u00e9cifiques. D\u00e9couvrez les avantages d&rsquo;une am\u00e9lioration de la productivit\u00e9 et des op\u00e9rations transparentes avec notre produit con\u00e7u en entreprise.<\/p>\n","protected":false},"featured_media":143426,"comment_status":"open","ping_status":"open","template":"","meta":[],"product_brand":[2474],"product_cat":[1516,1212,1213],"product_tag":[2315],"class_list":{"0":"post-123098","1":"product","2":"type-product","3":"status-publish","4":"has-post-thumbnail","6":"product_brand-superb-themes","7":"product_cat-entreprise","8":"product_cat-themes","9":"product_cat-wordpress-themes","10":"product_tag-superb-themes","11":"member-discount","12":"discount-restricted","14":"first","15":"instock","16":"sale","17":"downloadable","18":"virtual","19":"sold-individually","20":"purchasable","21":"product-type-simple"},"_links":{"self":[{"href":"https:\/\/gpl-love.com\/fr\/wp-json\/wp\/v2\/product\/123098","targetHints":{"allow":["GET"]}}],"collection":[{"href":"https:\/\/gpl-love.com\/fr\/wp-json\/wp\/v2\/product"}],"about":[{"href":"https:\/\/gpl-love.com\/fr\/wp-json\/wp\/v2\/types\/product"}],"replies":[{"embeddable":true,"href":"https:\/\/gpl-love.com\/fr\/wp-json\/wp\/v2\/comments?post=123098"}],"wp:featuredmedia":[{"embeddable":true,"href":"https:\/\/gpl-love.com\/fr\/wp-json\/wp\/v2\/media\/143426"}],"wp:attachment":[{"href":"https:\/\/gpl-love.com\/fr\/wp-json\/wp\/v2\/media?parent=123098"}],"wp:term":[{"taxonomy":"product_brand","embeddable":true,"href":"https:\/\/gpl-love.com\/fr\/wp-json\/wp\/v2\/product_brand?post=123098"},{"taxonomy":"product_cat","embeddable":true,"href":"https:\/\/gpl-love.com\/fr\/wp-json\/wp\/v2\/product_cat?post=123098"},{"taxonomy":"product_tag","embeddable":true,"href":"https:\/\/gpl-love.com\/fr\/wp-json\/wp\/v2\/product_tag?post=123098"}],"curies":[{"name":"wp","href":"https:\/\/api.w.org\/{rel}","templated":true}]}}