{"id":123094,"date":"2025-02-06T00:00:00","date_gmt":"2025-02-05T23:00:00","guid":{"rendered":"https:\/\/gpl-love.com\/fr\/produit\/blogrid\/"},"modified":"2026-03-20T22:56:31","modified_gmt":"2026-03-20T21:56:31","slug":"blogrid","status":"publish","type":"product","link":"https:\/\/gpl-love.com\/fr\/produit\/blogrid\/","title":{"rendered":"Blogrid 133.0"},"content":{"rendered":"<h3>Blogrid Traits<\/h3>\n<p>Blogrid est un outil incroyablement puissant qui a la capacit\u00e9 de transformer compl\u00e8tement n&rsquo;importe quel blog ordinaire en un centre de contenu tr\u00e8s dynamique et interactif. En utilisant les fonctionnalit\u00e9s et les fonctionnalit\u00e9s incroyables offertes par Blogrid, les blogueurs sont capables de cr\u00e9er sans effort et de mani\u00e8re transparente des dispositions visuellement captivantes qui mettent efficacement leur contenu pr\u00e9cieux d&rsquo;une mani\u00e8re qui captise et engage vraiment leurs lecteurs, ce qui les laisse aspirer \u00e0 plus. Que vous soyez un v\u00e9t\u00e9ran chevronn\u00e9 dans le domaine du blogging ou que vous vous entravez simplement dans votre voyage passionnant, Blogrid pr\u00e9sente une vaste gamme d&rsquo;options personnalisables qui vous permettent de cr\u00e9er un blog qui est non seulement unique, mais poss\u00e8de \u00e9galement un tr\u00e8s professionnel et poli esth\u00e9tique. De plus, gr\u00e2ce \u00e0 ses capacit\u00e9s de conception r\u00e9actives exceptionnelles, votre blog appara\u00eetra parfaitement sur tous les appareils, garantissant ainsi que votre public peut facilement acc\u00e9der et se livrer \u00e0 votre contenu exceptionnel, peu importe o\u00f9 ils peuvent se retrouver. Par cons\u00e9quent, si vous aspirez \u00e0 amener votre blog \u00e0 des hauteurs impressionnantes et \u00e0 vous d\u00e9marquer de la comp\u00e9tition, Blogrid repr\u00e9sente sans aucun doute la solution parfaite pour vous.<\/p>\n<ul>\n<li>Cr\u00e9e automatiquement une belle mise en page de grille pour vos articles de blog<\/li>\n<li>Param\u00e8tres personnalisables pour la taille de la grille, les tailles d&rsquo;image et l&rsquo;espacement<\/li>\n<li>Fonctionne avec n&rsquo;importe quelle plateforme de blogs ou constructeur de sites Web<\/li>\n<li>Aucune comp\u00e9tence de codage n\u00e9cessaire et interface conviviale<\/li>\n<li>Conception r\u00e9active pour une visualisation optimale sur tous les appareils<\/li>\n<li>Mettez \u00e0 jour rapidement et facilement votre mise en page avec de nouveaux articles ou contenu<\/li>\n<li>Exp\u00e9rience utilisateur am\u00e9lior\u00e9e pour vos lecteurs avec un affichage visuellement attrayant de votre contenu<\/li>\n<li>Alimenter l&rsquo;engagement et les taux de clics avec une pr\u00e9sentation accrocheuse de vos articles de blog<\/li>\n<\/ul>\n","protected":false},"excerpt":{"rendered":"<p>Blogrid est une plate-forme conviviale qui offre une exp\u00e9rience de blogging in\u00e9gal\u00e9e. Il est parfait pour les d\u00e9butants et les \u00e9crivains chevronn\u00e9s, vous permettant de cr\u00e9er, g\u00e9rer et partager facilement votre contenu unique. Les principales fonctionnalit\u00e9s incluent un \u00e9diteur polyvalent, des outils d&rsquo;optimisation SEO et une gamme de beaux mod\u00e8les \u00e0 choisir. Avec Blogrid, vous pouvez facilement personnaliser votre blog pour faire correspondre votre style et vos besoins, et atteindre efficacement votre public cible. Que vous cherchiez \u00e0 partager votre parcours personnel, \u00e0 promouvoir votre entreprise ou \u00e0 discuter de vos sujets pr\u00e9f\u00e9r\u00e9s, Blogrid fournit les outils dont vous avez besoin pour faire entendre votre voix. D\u00e9couvrez les avantages d&rsquo;un processus de blogs rationalis\u00e9, am\u00e9lior\u00e9 la visibilit\u00e9 en ligne et une communaut\u00e9 florissante de coll\u00e8gues blogueurs. Commencez votre voyage de blogs avec BLOGID d\u00e8s aujourd&rsquo;hui.<\/p>\n","protected":false},"featured_media":143256,"comment_status":"open","ping_status":"open","template":"","meta":[],"product_brand":[2474],"product_cat":[1220,1212,1213],"product_tag":[2315],"class_list":{"0":"post-123094","1":"product","2":"type-product","3":"status-publish","4":"has-post-thumbnail","6":"product_brand-superb-themes","7":"product_cat-blog-magazine","8":"product_cat-themes","9":"product_cat-wordpress-themes","10":"product_tag-superb-themes","11":"member-discount","12":"discount-restricted","14":"first","15":"instock","16":"sale","17":"downloadable","18":"virtual","19":"sold-individually","20":"purchasable","21":"product-type-simple"},"_links":{"self":[{"href":"https:\/\/gpl-love.com\/fr\/wp-json\/wp\/v2\/product\/123094","targetHints":{"allow":["GET"]}}],"collection":[{"href":"https:\/\/gpl-love.com\/fr\/wp-json\/wp\/v2\/product"}],"about":[{"href":"https:\/\/gpl-love.com\/fr\/wp-json\/wp\/v2\/types\/product"}],"replies":[{"embeddable":true,"href":"https:\/\/gpl-love.com\/fr\/wp-json\/wp\/v2\/comments?post=123094"}],"wp:featuredmedia":[{"embeddable":true,"href":"https:\/\/gpl-love.com\/fr\/wp-json\/wp\/v2\/media\/143256"}],"wp:attachment":[{"href":"https:\/\/gpl-love.com\/fr\/wp-json\/wp\/v2\/media?parent=123094"}],"wp:term":[{"taxonomy":"product_brand","embeddable":true,"href":"https:\/\/gpl-love.com\/fr\/wp-json\/wp\/v2\/product_brand?post=123094"},{"taxonomy":"product_cat","embeddable":true,"href":"https:\/\/gpl-love.com\/fr\/wp-json\/wp\/v2\/product_cat?post=123094"},{"taxonomy":"product_tag","embeddable":true,"href":"https:\/\/gpl-love.com\/fr\/wp-json\/wp\/v2\/product_tag?post=123094"}],"curies":[{"name":"wp","href":"https:\/\/api.w.org\/{rel}","templated":true}]}}