{"id":123092,"date":"2025-02-06T00:00:00","date_gmt":"2025-02-05T23:00:00","guid":{"rendered":"https:\/\/gpl-love.com\/fr\/produit\/bloggist\/"},"modified":"2026-03-20T22:56:30","modified_gmt":"2026-03-20T21:56:30","slug":"bloggist","status":"publish","type":"product","link":"https:\/\/gpl-love.com\/fr\/produit\/bloggist\/","title":{"rendered":"Bloggist 141.0"},"content":{"rendered":"<h3>Bloggist Traits<\/h3>\n<p>Bloggist est une plate-forme r\u00e9volutionnaire et r\u00e9volutionnaire qui a \u00e9t\u00e9 ing\u00e9nieusement con\u00e7ue pour aider les blogueurs en g\u00e9n\u00e9rant sans effort le contenu de premier ordre et splendide. Cette plate-forme remarquable offre aux \u00e9crivains une gamme compl\u00e8te d&rsquo;outils indispensables et de ressources inestimables, les permettant ainsi de concevoir et de cr\u00e9er des articles de blog vraiment captivants et passionnants qui captiveront ind\u00e9niablement et renforceront leur public cible. De plus, le bloggiste se vante d&rsquo;une interface remarquablement conviviale, rendant le processus d&rsquo;\u00e9criture, d&rsquo;\u00e9dition et de publication des articles une brise absolue pour les blogueurs. De plus, cette plate-forme de pointe comprend un \u00e9ventail de fonctionnalit\u00e9s qui aident efficacement les \u00e9crivains \u00e0 optimiser leur contenu pour les moteurs de recherche et \u00e0 promouvoir efficacement leurs blogs sur diverses plateformes de m\u00e9dias sociaux. Par cons\u00e9quent, avec l&rsquo;aide de bloggistes, les \u00e9crivains peuvent se consacrer de tout c\u0153ur \u00e0 la t\u00e2che ardue de cr\u00e9er un contenu exceptionnel, compl\u00e8tement d\u00e9charg\u00e9 par toute pr\u00e9occupation ou appr\u00e9hension concernant les techniques et les nuances complexes du monde des blogs. Essentiellement, le bloggiste repr\u00e9sente un d\u00e9veloppement sans pr\u00e9c\u00e9dent et qui change la donne qui r\u00e9volutionnera sans aucun doute la vie des blogueurs, propulsant leurs efforts d&rsquo;\u00e9criture \u00e0 des sommets d&rsquo;excellence et d&rsquo;\u00e9clat sans pr\u00e9c\u00e9dent.<\/p>\n<ul>\n<li>Une plate-forme de blogging compl\u00e8te qui permet aux utilisateurs de cr\u00e9er et de g\u00e9rer leurs propres blogs facilement et efficacement.<\/li>\n<li>Des fonctionnalit\u00e9s avanc\u00e9es telles que des mod\u00e8les personnalisables, l&rsquo;optimisation du r\u00e9f\u00e9rencement et l&rsquo;int\u00e9gration des m\u00e9dias sociaux qui am\u00e9liorent l&rsquo;exp\u00e9rience utilisateur globale.<\/li>\n<li>Une interface conviviale qui facilite les blogueurs de tous les niveaux d&rsquo;exp\u00e9rience pour cr\u00e9er et publier du contenu.<\/li>\n<li>Des analyses d\u00e9taill\u00e9es et des outils de rapports qui fournissent des informations pr\u00e9cieuses sur l&rsquo;engagement du public et les performances du blog.<\/li>\n<li>Des commentaires et des interactions robustes qui facilitent le renforcement et l&rsquo;engagement communautaires.<\/li>\n<li>Options d&rsquo;abonnement flexibles qui r\u00e9pondent aux besoins des blogueurs de toutes tailles et budgets.<\/li>\n<li>Support client et forums pour les utilisateurs r\u00e9actifs qui garantissent une exp\u00e9rience fluide et transparente.<\/li>\n<\/ul>\n","protected":false},"excerpt":{"rendered":"<p>Bloggist est une plate-forme innovante con\u00e7ue pour les blogueurs amateurs et chevronn\u00e9s. Il offre une myriade de fonctionnalit\u00e9s telles que la gestion intuitive du contenu, l&rsquo;optimisation du r\u00e9f\u00e9rencement et l&rsquo;int\u00e9gration des m\u00e9dias sociaux. Avec Bloggist, vous pouvez facilement g\u00e9rer le contenu de votre blog, en vous assurant qu&rsquo;il est organis\u00e9 et facilement accessible \u00e0 votre public. Notre plate-forme fournit \u00e9galement des outils d&rsquo;optimisation SEO avanc\u00e9s, aidant votre blog plus haut dans les r\u00e9sultats des moteurs de recherche et attire plus de trafic. De plus, le bloggiste s&rsquo;int\u00e8gre de mani\u00e8re transparente \u00e0 diverses plateformes de m\u00e9dias sociaux, vous permettant d&rsquo;atteindre un public plus large et de s&rsquo;engager efficacement avec eux. Que vous d\u00e9butiez ou un blogueur exp\u00e9riment\u00e9, Bloggist propose une solution robuste et conviviale pour am\u00e9liorer votre exp\u00e9rience de blog et \u00e9largir votre pr\u00e9sence num\u00e9rique.<\/p>\n","protected":false},"featured_media":143255,"comment_status":"open","ping_status":"open","template":"","meta":[],"product_brand":[2474],"product_cat":[1220,1212,1213],"product_tag":[2315],"class_list":{"0":"post-123092","1":"product","2":"type-product","3":"status-publish","4":"has-post-thumbnail","6":"product_brand-superb-themes","7":"product_cat-blog-magazine","8":"product_cat-themes","9":"product_cat-wordpress-themes","10":"product_tag-superb-themes","11":"member-discount","12":"discount-restricted","14":"first","15":"instock","16":"sale","17":"downloadable","18":"virtual","19":"sold-individually","20":"purchasable","21":"product-type-simple"},"_links":{"self":[{"href":"https:\/\/gpl-love.com\/fr\/wp-json\/wp\/v2\/product\/123092","targetHints":{"allow":["GET"]}}],"collection":[{"href":"https:\/\/gpl-love.com\/fr\/wp-json\/wp\/v2\/product"}],"about":[{"href":"https:\/\/gpl-love.com\/fr\/wp-json\/wp\/v2\/types\/product"}],"replies":[{"embeddable":true,"href":"https:\/\/gpl-love.com\/fr\/wp-json\/wp\/v2\/comments?post=123092"}],"wp:featuredmedia":[{"embeddable":true,"href":"https:\/\/gpl-love.com\/fr\/wp-json\/wp\/v2\/media\/143255"}],"wp:attachment":[{"href":"https:\/\/gpl-love.com\/fr\/wp-json\/wp\/v2\/media?parent=123092"}],"wp:term":[{"taxonomy":"product_brand","embeddable":true,"href":"https:\/\/gpl-love.com\/fr\/wp-json\/wp\/v2\/product_brand?post=123092"},{"taxonomy":"product_cat","embeddable":true,"href":"https:\/\/gpl-love.com\/fr\/wp-json\/wp\/v2\/product_cat?post=123092"},{"taxonomy":"product_tag","embeddable":true,"href":"https:\/\/gpl-love.com\/fr\/wp-json\/wp\/v2\/product_tag?post=123092"}],"curies":[{"name":"wp","href":"https:\/\/api.w.org\/{rel}","templated":true}]}}