{"id":123088,"date":"2026-01-23T00:00:00","date_gmt":"2026-01-22T23:00:00","guid":{"rendered":"https:\/\/gpl-love.com\/fr\/produit\/gravity-forms-mollie\/"},"modified":"2026-03-20T23:17:58","modified_gmt":"2026-03-20T22:17:58","slug":"gravity-forms-mollie","status":"publish","type":"product","link":"https:\/\/gpl-love.com\/fr\/produit\/gravity-forms-mollie\/","title":{"rendered":"Gravity Forms Mollie 1.8.0"},"content":{"rendered":"<h3>Gravity Forms Mollie Traits<\/h3>\n<p>Gravity Forms Mollie est un plugin de traitement des paiements tr\u00e8s robuste et puissant qui sert de pont efficace entre les formulaires de gravit\u00e9 et la passerelle de paiement Mollie. Cette int\u00e9gration transparente avec votre site WordPress vous offre un moyen sans effort d&rsquo;accepter les paiements de vos clients estim\u00e9s, leur offrant une gamme diversifi\u00e9e de m\u00e9thodes de paiement, notamment l&rsquo;id\u00e9al, la carte de cr\u00e9dit et PayPal. Avec les fonctionnalit\u00e9s in\u00e9gal\u00e9es des formulaires de gravit\u00e9 Mollie, non seulement vous pouvez \u00e9tablir et g\u00e9rer sans effort les formulaires de paiement, mais vous pouvez \u00e9galement personnaliser sans effort les options de paiement pour vous aligner sur vos exigences commerciales uniques. De plus, ce plugin exceptionnel vous permet de surveiller les transactions de paiement en temps r\u00e9el, vous accordant des id\u00e9es in\u00e9gal\u00e9es et un contr\u00f4le sur cet aspect crucial de vos op\u00e9rations commerciales.<\/p>\n<p>De plus, les caract\u00e9ristiques exceptionnelles des formulaires de gravit\u00e9 Mollie s&rsquo;\u00e9tendent au-del\u00e0 des bases, vous offrant des capacit\u00e9s avanc\u00e9es telles que les abonnements, les paiements r\u00e9currents et les remboursements. Ces fonctionnalit\u00e9s puissantes servent \u00e0 rationaliser vos processus de paiement, \u00e0 \u00e9liminer les complexit\u00e9s inutiles et \u00e0 offrir \u00e0 vos clients une exp\u00e9rience d&rsquo;achat fluide et sans tracas. Quelle que soit la nature de votre entreprise en ligne, que ce soit un magasin de commerce \u00e9lectronique, un site d&rsquo;adh\u00e9sion ou m\u00eame une campagne de collecte de fonds de charit\u00e9, Gravity Forms Mollie est la solution ultime pour r\u00e9pondre \u00e0 tous vos besoins de traitement des paiements.<\/p>\n<ul>\n<li>Int\u00e9gration transparente des formulaires de gravit\u00e9 et de la passerelle de paiement Mollie<\/li>\n<li>Acceptez les paiements par le biais de cartes de cr\u00e9dit majeures et de m\u00e9thodes de paiement populaires comme Ideal, Bancontact et Sofort<\/li>\n<li>Cr\u00e9ation automatique des transactions Mollie lors de la soumission du formulaire<\/li>\n<li>Courriels de confirmation de paiement personnalisables aux clients et aux propri\u00e9taires de sites<\/li>\n<li>Capacit\u00e9 \u00e0 cr\u00e9er et g\u00e9rer des formulaires de paiement illimit\u00e9<\/li>\n<li>Traitement de paiement s\u00fbr et s\u00e9curis\u00e9 avec les fonctionnalit\u00e9s avanc\u00e9es de protection contre la fraude de Mollie<\/li>\n<li>Configuration et configuration faciles \u00e0 utiliser avec une documentation claire et un support des \u00e9quipes Mollie et Gravity Forms<\/li>\n<li>Compatible avec les derni\u00e8res versions de WordPress et des formulaires de gravit\u00e9<\/li>\n<li>Des prix flexibles pr\u00e9voient de r\u00e9pondre aux besoins commerciaux divers<\/li>\n<li>Traitement des remboursements sans tracas et manipulation de recharge via le tableau de bord Mollie<\/li>\n<\/ul>\n","protected":false},"excerpt":{"rendered":"<p>La fonctionnalit\u00e9 de Gravity Forms Mollie, une fonctionnalit\u00e9 suppl\u00e9mentaire, r\u00e9side dans sa capacit\u00e9 \u00e0 int\u00e9grer de mani\u00e8re transparente la passerelle de paiement Mollie avec la plate-forme de formes de gravit\u00e9 largement utilis\u00e9e. En incorporant cette int\u00e9gration, les utilisateurs sont autoris\u00e9s \u00e0 collecter sans effort les paiements via plusieurs voies, y compris, mais sans s&rsquo;y limiter, les cartes de cr\u00e9dit \/ d\u00e9bit, PayPal et Apple Pay, le tout directement via leurs formulaires. Cette int\u00e9gration offre aux utilisateurs la commodit\u00e9 de cr\u00e9er et de personnaliser les formulaires de paiement avec une grande facilit\u00e9, rationalisant ainsi le processus de vente de produits, d&rsquo;accepter des dons ou de recevoir des paiements pour les services rendus. De plus, ce module compl\u00e9mentaire accorde aux utilisateurs d&rsquo;acc\u00e9der \u00e0 des informations de paiement compl\u00e8tes et leur fournit un tableau de bord convivial, ce qui facilite \u00e0 son tour la gestion efficace des transactions. N&rsquo;h\u00e9sitez pas \u00e0 vous lancer dans votre voyage avec des formulaires de gravit\u00e9 Mollie aujourd&rsquo;hui et \u00e0 l&rsquo;exp\u00e9rience de la comp\u00e9tence au niveau professionnel qu&rsquo;elle apporte \u00e0 la table en ce qui concerne l&rsquo;acceptation du paiement!<\/p>\n","protected":false},"featured_media":144080,"comment_status":"open","ping_status":"open","template":"","meta":[],"product_brand":[2565],"product_cat":[1253,1181,1186],"product_tag":[1275],"class_list":{"0":"post-123088","1":"product","2":"type-product","3":"status-publish","4":"has-post-thumbnail","6":"product_brand-gravityforms","7":"product_cat-paiement","8":"product_cat-plugins","9":"product_cat-wordpress-plugins","10":"product_tag-gravityforms","11":"member-discount","12":"discount-restricted","14":"first","15":"instock","16":"sale","17":"downloadable","18":"virtual","19":"sold-individually","20":"purchasable","21":"product-type-simple"},"_links":{"self":[{"href":"https:\/\/gpl-love.com\/fr\/wp-json\/wp\/v2\/product\/123088","targetHints":{"allow":["GET"]}}],"collection":[{"href":"https:\/\/gpl-love.com\/fr\/wp-json\/wp\/v2\/product"}],"about":[{"href":"https:\/\/gpl-love.com\/fr\/wp-json\/wp\/v2\/types\/product"}],"replies":[{"embeddable":true,"href":"https:\/\/gpl-love.com\/fr\/wp-json\/wp\/v2\/comments?post=123088"}],"wp:featuredmedia":[{"embeddable":true,"href":"https:\/\/gpl-love.com\/fr\/wp-json\/wp\/v2\/media\/144080"}],"wp:attachment":[{"href":"https:\/\/gpl-love.com\/fr\/wp-json\/wp\/v2\/media?parent=123088"}],"wp:term":[{"taxonomy":"product_brand","embeddable":true,"href":"https:\/\/gpl-love.com\/fr\/wp-json\/wp\/v2\/product_brand?post=123088"},{"taxonomy":"product_cat","embeddable":true,"href":"https:\/\/gpl-love.com\/fr\/wp-json\/wp\/v2\/product_cat?post=123088"},{"taxonomy":"product_tag","embeddable":true,"href":"https:\/\/gpl-love.com\/fr\/wp-json\/wp\/v2\/product_tag?post=123088"}],"curies":[{"name":"wp","href":"https:\/\/api.w.org\/{rel}","templated":true}]}}