{"id":123086,"date":"2026-04-18T00:00:00","date_gmt":"2026-04-17T22:00:00","guid":{"rendered":"https:\/\/gpl-love.com\/fr\/produit\/lightbox-pro\/"},"modified":"2026-04-19T00:30:42","modified_gmt":"2026-04-18T22:30:42","slug":"lightbox-pro","status":"publish","type":"product","link":"https:\/\/gpl-love.com\/fr\/produit\/lightbox-pro\/","title":{"rendered":"Lightbox Pro 5.5.3"},"content":{"rendered":"<h3>Lightbox Pro Traits<\/h3>\n<p>Lightbox Pro, un outil innovant, r\u00e9pond aux besoins des photographes, des graphistes et des artistes qui cherchent \u00e0 pr\u00e9senter leurs cr\u00e9ations de la mani\u00e8re la plus optimale. Ce produit exceptionnel poss\u00e8de une conception portable et conviviale, en vous assurant que vous pouvez pr\u00e9senter sans effort vos \u0153uvres d&rsquo;art, vos bijoux ou tout autre petit objet gr\u00e2ce \u00e0 l&rsquo;utilisation d&rsquo;une LightBox. Le Lightbox Pro comprend des lumi\u00e8res LED \u00e9blouissantes, qui offrent un \u00e9clairage coh\u00e9rent, \u00e9liminant efficacement la pr\u00e9sence d&rsquo;ombres disgracieuses ou de reflets g\u00eanants. De plus, il est \u00e9quip\u00e9 de param\u00e8tres de luminosit\u00e9 r\u00e9glables, vous offrant la possibilit\u00e9 d&rsquo;adapter l&rsquo;\u00e9clairage \u00e0 vos besoins sp\u00e9cifiques. Remarquablement, ce produit pliable et l\u00e9ger facilite le transport et la configuration faciles, vous permettant de l&rsquo;utiliser \u00e0 n&rsquo;importe quel emplacement de votre choix. De plus, la compatibilit\u00e9 avec les smartphones et les cam\u00e9ras garantit que, quel que soit l&rsquo;appareil que vous utilisez, les r\u00e9sultats seront toujours impressionn\u00e9s. Que vous soyez engag\u00e9 dans des ventes en ligne ou que vous recherchiez votre vaste portefeuille, le Lightbox Pro sert de solution impeccable pour \u00e9lever vos efforts de photographie \u00e0 des hauteurs sans pr\u00e9c\u00e9dent.<\/p>\n<ul>\n<li>Lightbox de qualit\u00e9 professionnelle pour des conditions d&rsquo;\u00e9clairage optimales<\/li>\n<li>Id\u00e9al pour la photographie de produits, la reproduction de l&rsquo;art et les projets cr\u00e9atifs<\/li>\n<li>Caract\u00e9ristiques des lumi\u00e8res LED dimmables pour une luminosit\u00e9 personnalisable<\/li>\n<li>Comprend des panneaux lat\u00e9raux r\u00e9glables pour un contr\u00f4le pr\u00e9cis de la lumi\u00e8re<\/li>\n<li>Compatible avec les cam\u00e9ras DSLR pour une capture de photo facile<\/li>\n<li>L\u00e9ger et portable pour les s\u00e9ances photo sur le pouce<\/li>\n<li>Fabriqu\u00e9 avec des mat\u00e9riaux durables et de haute qualit\u00e9 pour une utilisation durable<\/li>\n<li>Facile \u00e0 configurer et \u00e0 utiliser, avec des commandes intuitives pour la configuration d&rsquo;\u00e9clairage parfaite.<\/li>\n<\/ul>\n","protected":false},"excerpt":{"rendered":"<p>Le Lightbox Pro, un outil tr\u00e8s polyvalent et efficace con\u00e7u sp\u00e9cifiquement pour les photographes et les cin\u00e9astes, offre des capacit\u00e9s d&rsquo;\u00e9clairage exceptionnelles. B\u00e9n\u00e9ficiant de lumi\u00e8res LED, cet appareil portable offre une lumi\u00e8re naturelle et \u00e9clairante \u00e0 la fois douce et intense, offrant une exp\u00e9rience d&rsquo;\u00e9clairage in\u00e9gal\u00e9e. De plus, les utilisateurs peuvent facilement personnaliser les param\u00e8tres de luminosit\u00e9 pour r\u00e9pondre \u00e0 une situation donn\u00e9e, ce qui en fait un choix id\u00e9al pour les professionnels travaillant dans n&rsquo;importe quel environnement, que ce soit un studio ou un emplacement \u00e9loign\u00e9. Avec son interface rationalis\u00e9e et conviviale, le Lightbox Pro am\u00e9liore sans effort la pr\u00e9cision et la commodit\u00e9 des sujets d&rsquo;\u00e9clairage, ce qui en fait un incontournable absolu pour les personnes cherchant \u00e0 \u00e9lever leur photographie et leur vid\u00e9ographie.<\/p>\n","protected":false},"featured_media":144377,"comment_status":"open","ping_status":"open","template":"","meta":[],"product_brand":[2583],"product_cat":[1189,1181,1186],"product_tag":[1617],"class_list":{"0":"post-123086","1":"product","2":"type-product","3":"status-publish","4":"has-post-thumbnail","6":"product_brand-meow-apps","7":"product_cat-personnalisation","8":"product_cat-plugins","9":"product_cat-wordpress-plugins","10":"product_tag-meow-apps","11":"member-discount","12":"discount-restricted","14":"first","15":"instock","16":"sale","17":"downloadable","18":"virtual","19":"sold-individually","20":"purchasable","21":"product-type-simple"},"_links":{"self":[{"href":"https:\/\/gpl-love.com\/fr\/wp-json\/wp\/v2\/product\/123086","targetHints":{"allow":["GET"]}}],"collection":[{"href":"https:\/\/gpl-love.com\/fr\/wp-json\/wp\/v2\/product"}],"about":[{"href":"https:\/\/gpl-love.com\/fr\/wp-json\/wp\/v2\/types\/product"}],"replies":[{"embeddable":true,"href":"https:\/\/gpl-love.com\/fr\/wp-json\/wp\/v2\/comments?post=123086"}],"wp:featuredmedia":[{"embeddable":true,"href":"https:\/\/gpl-love.com\/fr\/wp-json\/wp\/v2\/media\/144377"}],"wp:attachment":[{"href":"https:\/\/gpl-love.com\/fr\/wp-json\/wp\/v2\/media?parent=123086"}],"wp:term":[{"taxonomy":"product_brand","embeddable":true,"href":"https:\/\/gpl-love.com\/fr\/wp-json\/wp\/v2\/product_brand?post=123086"},{"taxonomy":"product_cat","embeddable":true,"href":"https:\/\/gpl-love.com\/fr\/wp-json\/wp\/v2\/product_cat?post=123086"},{"taxonomy":"product_tag","embeddable":true,"href":"https:\/\/gpl-love.com\/fr\/wp-json\/wp\/v2\/product_tag?post=123086"}],"curies":[{"name":"wp","href":"https:\/\/api.w.org\/{rel}","templated":true}]}}