{"id":123049,"date":"2025-11-02T00:00:00","date_gmt":"2025-11-01T23:00:00","guid":{"rendered":"https:\/\/gpl-love.com\/fr\/produit\/support-board-chat-and-help-desk\/"},"modified":"2026-04-10T18:41:45","modified_gmt":"2026-04-10T16:41:45","slug":"support-board-chat-and-help-desk","status":"publish","type":"product","link":"https:\/\/gpl-love.com\/fr\/produit\/support-board-chat-and-help-desk\/","title":{"rendered":"Support Board Chat And Help Desk 3.8.6"},"content":{"rendered":"<h3>Support Board Chat And Help Desk Traits<\/h3>\n<p>Le CHAT et Help Desk du conseil d&rsquo;assistance offre une solution compl\u00e8te pour la gestion efficace des demandes des clients et la fourniture d&rsquo;une assistance rapide sur votre site Web. En utilisant cet outil, vous avez la possibilit\u00e9 d&rsquo;incorporer de mani\u00e8re transparente un chatbot sur votre site, qui poss\u00e8de la capacit\u00e9 de r\u00e9pondre rapidement aux demandes des clients en temps r\u00e9el. De plus, vous poss\u00e9dez \u00e9galement la capacit\u00e9 de fournir une aide plus personnalis\u00e9e \u00e0 vos clients gr\u00e2ce \u00e0 l&rsquo;utilisation d&rsquo;un syst\u00e8me de billetterie de bureau d&rsquo;assistance d\u00e9di\u00e9. Le logiciel lui-m\u00eame est convivial et poss\u00e8de la capacit\u00e9 de s&rsquo;int\u00e9grer \u00e0 de nombreuses plateformes, ce qui le rend un choix exceptionnel pour les entreprises de tailles variables. Le chat d&rsquo;assistance et le service d&rsquo;assistance vous permet en outre de surveiller et d&rsquo;\u00e9valuer les interactions des clients, vous accordant ainsi l&rsquo;acc\u00e8s \u00e0 des informations inestimables concernant le comportement et les pr\u00e9f\u00e9rences du client. En conclusion, ce produit repr\u00e9sente une option exceptionnelle pour les entreprises visant \u00e0 rationaliser leurs op\u00e9rations de support client et \u00e0 augmenter les niveaux globaux de satisfaction des clients.<\/p>\n<ul>\n<li>Permet un support en temps r\u00e9el via le chat<\/li>\n<li>Fournit un emplacement central pour les demandes des clients<\/li>\n<li>Aide \u00e0 am\u00e9liorer la satisfaction du client en fournissant des r\u00e9ponses opportunes<\/li>\n<li>S&rsquo;int\u00e8gre aux syst\u00e8mes existants<\/li>\n<li>Suit les demandes des clients et l&rsquo;historique du support<\/li>\n<li>Fournit un moyen efficace de g\u00e9rer les billets de support<\/li>\n<li>Facilement \u00e9volutif pour r\u00e9pondre aux besoins commerciaux croissants<\/li>\n<li>\u00c9conomise un temps pr\u00e9cieux en organisant des demandes de renseignements et des billets de soutien en un seul endroit<\/li>\n<li>Augmente la productivit\u00e9 en permettant \u00e0 plusieurs agents de fournir un support simultan\u00e9ment<\/li>\n<li>Offre une interface conviviale pour les clients et les agents.<\/li>\n<\/ul>\n","protected":false},"excerpt":{"rendered":"<p>Le chat d&rsquo;assistance de l&rsquo;Entr\u00e9e Le chat et le service d&rsquo;assistance est une solution compl\u00e8te et multiforme qui s&rsquo;adresse aux entreprises qui s&rsquo;efforcent de fournir un support client in\u00e9gal\u00e9. En offrant une combinaison de fonctionnalit\u00e9s de chat en direct et un assistant de service int\u00e9gr\u00e9 de mani\u00e8re transparente, ce produit remarquable facilite les interactions personnalis\u00e9es et rapides avec vos pr\u00e9cieux clients. Notamment, l&rsquo;interface de chat est non seulement conviviale, mais \u00e9galement enti\u00e8rement personnalisable pour s&rsquo;aligner sur votre marque et vos pr\u00e9f\u00e9rences uniques. De plus, la fonctionnalit\u00e9 d&rsquo;assistance vous permet de g\u00e9rer efficacement et efficacement les demandes de support, garantissant une gestion fluide et rationalis\u00e9e des demandes des clients. Offrez des adieux aux syst\u00e8mes de soutien fragment\u00e9s et inefficaces et accueille chaleureusement les capacit\u00e9s transformatrices de la contribution.<\/p>\n","protected":false},"featured_media":145426,"comment_status":"open","ping_status":"open","template":"","meta":[],"product_brand":[2435],"product_cat":[1189,1181,1186],"product_tag":[1231],"class_list":{"0":"post-123049","1":"product","2":"type-product","3":"status-publish","4":"has-post-thumbnail","6":"product_brand-codecanyon","7":"product_cat-personnalisation","8":"product_cat-plugins","9":"product_cat-wordpress-plugins","10":"product_tag-codecanyon","11":"member-discount","12":"discount-restricted","14":"first","15":"instock","16":"sale","17":"downloadable","18":"virtual","19":"sold-individually","20":"purchasable","21":"product-type-simple"},"_links":{"self":[{"href":"https:\/\/gpl-love.com\/fr\/wp-json\/wp\/v2\/product\/123049","targetHints":{"allow":["GET"]}}],"collection":[{"href":"https:\/\/gpl-love.com\/fr\/wp-json\/wp\/v2\/product"}],"about":[{"href":"https:\/\/gpl-love.com\/fr\/wp-json\/wp\/v2\/types\/product"}],"replies":[{"embeddable":true,"href":"https:\/\/gpl-love.com\/fr\/wp-json\/wp\/v2\/comments?post=123049"}],"wp:featuredmedia":[{"embeddable":true,"href":"https:\/\/gpl-love.com\/fr\/wp-json\/wp\/v2\/media\/145426"}],"wp:attachment":[{"href":"https:\/\/gpl-love.com\/fr\/wp-json\/wp\/v2\/media?parent=123049"}],"wp:term":[{"taxonomy":"product_brand","embeddable":true,"href":"https:\/\/gpl-love.com\/fr\/wp-json\/wp\/v2\/product_brand?post=123049"},{"taxonomy":"product_cat","embeddable":true,"href":"https:\/\/gpl-love.com\/fr\/wp-json\/wp\/v2\/product_cat?post=123049"},{"taxonomy":"product_tag","embeddable":true,"href":"https:\/\/gpl-love.com\/fr\/wp-json\/wp\/v2\/product_tag?post=123049"}],"curies":[{"name":"wp","href":"https:\/\/api.w.org\/{rel}","templated":true}]}}