{"id":123002,"date":"2022-05-01T00:00:00","date_gmt":"2022-04-30T22:00:00","guid":{"rendered":"https:\/\/gpl-love.com\/fr\/produit\/rare-wordpress-theme\/"},"modified":"2026-04-10T18:37:44","modified_gmt":"2026-04-10T16:37:44","slug":"rare-wordpress-theme","status":"publish","type":"product","link":"https:\/\/gpl-love.com\/fr\/produit\/rare-wordpress-theme\/","title":{"rendered":"Rare WordPress Theme 4.0.4"},"content":{"rendered":"<h3>Rare WordPress Theme Traits<\/h3>\n<p>Le th\u00e8me WordPress rare est un th\u00e8me de premier ordre qui a \u00e9t\u00e9 m\u00e9ticuleusement con\u00e7u pour \u00e9lever l&rsquo;attrait visuel et la fonctionnalit\u00e9 de votre site Web WordPress. B\u00e9n\u00e9ficiant d&rsquo;un design \u00e9l\u00e9gant et contemporain, ce th\u00e8me exceptionnel offre une exp\u00e9rience unique en son genre et accrocheur pour vos utilisateurs estim\u00e9s. De plus, ce th\u00e8me est pleinement r\u00e9actif et m\u00e9ticuleusement optimis\u00e9 pour un \u00e9ventail d&rsquo;appareils, garantissant que votre site Web maintient son apparence \u00e9tonnante sur les \u00e9crans de toutes tailles. En plus de son esth\u00e9tique remarquable, le th\u00e8me WordPress rare sert \u00e9galement une pl\u00e9thore de fonctionnalit\u00e9s et d&rsquo;options de personnalisation qui vous laisseront g\u00e2ter le choix. Les options de mise en page multiples, les widgets personnalis\u00e9s et les options de th\u00e8me avanc\u00e9es ne sont que quelques-uns des goodies qui viennent regroup\u00e9s avec ce th\u00e8me exceptionnel. Que vous soyez un propri\u00e9taire d&rsquo;entreprise, un professionnel cr\u00e9atif qui cherche \u00e0 pr\u00e9senter votre portefeuille ou un blogueur passionn\u00e9 \u00e0 la recherche d&rsquo;une pr\u00e9sence en ligne hors concours, le th\u00e8me WordPress rare est un changeur de jeu absolu pour vous. De plus, gr\u00e2ce \u00e0 son interface utilisateur intuitive et \u00e0 son processus d&rsquo;installation sans tracas, vous aurez votre site Web op\u00e9rationnel avec une rapidit\u00e9 sans \u00e9gal.<\/p>\n<ul>\n<li>Un th\u00e8me WordPress \u00e9l\u00e9gant et moderne avec un design unique et rare qui fera ressortir votre site Web du reste<\/li>\n<li>Facile \u00e0 personnaliser et \u00e0 utiliser, m\u00eame pour ceux qui ont peu ou pas d&rsquo;exp\u00e9rience de codage<\/li>\n<li>Livr\u00e9 avec une vari\u00e9t\u00e9 de mod\u00e8les pr\u00e9d\u00e9finis, de dispositions et de conceptions de pages<\/li>\n<li>Optimis\u00e9 pour les vitesses de chargement rapide et l&rsquo;optimisation des moteurs de recherche (SEO)<\/li>\n<li>Mobile r\u00e9actif, garantir que votre site Web a fi\u00e8re allure sur tous les appareils<\/li>\n<li>Construit avec les derni\u00e8res normes de codage HTML5 et CSS3<\/li>\n<li>Int\u00e9gre parfaitement avec les plugins populaires comme WooCommerce et le formulaire de contact 7<\/li>\n<li>Comprend une documentation et un soutien approfondis des d\u00e9veloppeurs<\/li>\n<\/ul>\n","protected":false},"excerpt":{"rendered":"<p>Nous sommes ravis de vous pr\u00e9senter le th\u00e8me WordPress rare exceptionnel et exceptionnel, un design sophistiqu\u00e9 et de pointe, extr\u00eamement adapt\u00e9 \u00e0 l&rsquo;exposition et \u00e0 l&rsquo;affichage de vos efforts artistiques ou de vos efforts professionnels. Ce th\u00e8me remarquable poss\u00e8de une disposition enti\u00e8rement adaptable et r\u00e9active, vous permettant de l&rsquo;adapter \u00e0 vos besoins et pr\u00e9f\u00e9rences sp\u00e9cifiques. De plus, il propose une vaste s\u00e9lection de mod\u00e8les pr\u00e9-con\u00e7us, vous offrant une gamme d&rsquo;options \u00e0 choisir, vous permettant ainsi de personnaliser votre site Web \u00e0 un degr\u00e9 infini. L&rsquo;interface rationalis\u00e9e, ainsi que ses fonctionnalit\u00e9s conviviales, garantit que le processus de cr\u00e9ation d&rsquo;un site Web visuellement frappant et captivant devient une exp\u00e9rience sans effort et sans tracas. Admenez l&rsquo;occasion in\u00e9gal\u00e9e d&rsquo;am\u00e9liorer votre pr\u00e9sence en ligne et de mettre \u00e0 niveau votre site Web en incorporant l&rsquo;extraordinaire th\u00e8me WordPress rare.<\/p>\n","protected":false},"featured_media":145075,"comment_status":"open","ping_status":"open","template":"","meta":[],"product_brand":[2459],"product_cat":[1242,1212,1213],"product_tag":[2274],"class_list":{"0":"post-123002","1":"product","2":"type-product","3":"status-publish","4":"has-post-thumbnail","6":"product_brand-visualmodo","7":"product_cat-creatif","8":"product_cat-themes","9":"product_cat-wordpress-themes","10":"product_tag-visualmodo","11":"member-discount","12":"discount-restricted","14":"first","15":"instock","16":"sale","17":"downloadable","18":"virtual","19":"sold-individually","20":"purchasable","21":"product-type-simple"},"_links":{"self":[{"href":"https:\/\/gpl-love.com\/fr\/wp-json\/wp\/v2\/product\/123002","targetHints":{"allow":["GET"]}}],"collection":[{"href":"https:\/\/gpl-love.com\/fr\/wp-json\/wp\/v2\/product"}],"about":[{"href":"https:\/\/gpl-love.com\/fr\/wp-json\/wp\/v2\/types\/product"}],"replies":[{"embeddable":true,"href":"https:\/\/gpl-love.com\/fr\/wp-json\/wp\/v2\/comments?post=123002"}],"wp:featuredmedia":[{"embeddable":true,"href":"https:\/\/gpl-love.com\/fr\/wp-json\/wp\/v2\/media\/145075"}],"wp:attachment":[{"href":"https:\/\/gpl-love.com\/fr\/wp-json\/wp\/v2\/media?parent=123002"}],"wp:term":[{"taxonomy":"product_brand","embeddable":true,"href":"https:\/\/gpl-love.com\/fr\/wp-json\/wp\/v2\/product_brand?post=123002"},{"taxonomy":"product_cat","embeddable":true,"href":"https:\/\/gpl-love.com\/fr\/wp-json\/wp\/v2\/product_cat?post=123002"},{"taxonomy":"product_tag","embeddable":true,"href":"https:\/\/gpl-love.com\/fr\/wp-json\/wp\/v2\/product_tag?post=123002"}],"curies":[{"name":"wp","href":"https:\/\/api.w.org\/{rel}","templated":true}]}}