{"id":123000,"date":"2022-05-01T00:00:00","date_gmt":"2022-04-30T22:00:00","guid":{"rendered":"https:\/\/gpl-love.com\/fr\/produit\/peak-wordpress-theme\/"},"modified":"2026-04-10T18:36:15","modified_gmt":"2026-04-10T16:36:15","slug":"peak-wordpress-theme","status":"publish","type":"product","link":"https:\/\/gpl-love.com\/fr\/produit\/peak-wordpress-theme\/","title":{"rendered":"Peak WordPress Theme 4.0.4"},"content":{"rendered":"<h3>Peak WordPress Theme Traits<\/h3>\n<p>Le th\u00e8me de pic WordPress, \u00e9tant une alternative contemporaine et sophistiqu\u00e9e pour tout type de site Web, se pr\u00e9sente comme une solution id\u00e9ale en raison de sa conception immacul\u00e9e, des attributs personnalisables et de l&rsquo;adaptabilit\u00e9 mobile, r\u00e9pondant sans effort aux besoins des entreprises, des blogueurs et des cr\u00e9atifs. Ce th\u00e8me englobe un large \u00e9ventail de mises en page et de widgets, ce qui permet aux utilisateurs de personnaliser leur site Web conform\u00e9ment \u00e0 leurs exigences distinctes. De plus, le th\u00e8me de pic WordPress s&rsquo;int\u00e8gre harmonieusement aux plugins populaires, facilitant ainsi l&rsquo;incorporation transparente de fonctionnalit\u00e9s convoit\u00e9es telles que l&rsquo;int\u00e9gration des m\u00e9dias sociaux et les prouesses du commerce \u00e9lectronique. Que vous vous embarquiez dans votre voyage en ligne ou que vous cherchiez \u00e0 rajeunir votre pr\u00e9sence virtuelle existante, le th\u00e8me WordPress maximal appara\u00eet comme une option exemplaire qui assure une interface \u00e9l\u00e9gante et conviviale.<\/p>\n<ul>\n<li>Design moderne et propre qui est pleinement r\u00e9actif<\/li>\n<li>Construit avec les derni\u00e8res normes de codage pour des performances optimales<\/li>\n<li>Options de personnalisation avanc\u00e9es pour adapter le th\u00e8me de votre marque<\/li>\n<li>Comprend une vari\u00e9t\u00e9 de dispositions et de mod\u00e8les pr\u00e9-con\u00e7us pour diff\u00e9rents types de contenu<\/li>\n<li>Compatible avec les plugins WordPress populaires pour des fonctionnalit\u00e9s ajout\u00e9es<\/li>\n<li>Interface conviviale pour une navigation et une gestion faciles du contenu<\/li>\n<li>Optimisation de SEO int\u00e9gr\u00e9e pour am\u00e9liorer le classement des moteurs de recherche<\/li>\n<li>Mises \u00e0 jour r\u00e9guli\u00e8res et soutien pour assurer une fonctionnalit\u00e9 et des performances maximales<\/li>\n<li>Id\u00e9al pour les blogueurs, les entreprises et toute personne \u00e0 la recherche d&rsquo;une pr\u00e9sence en ligne professionnelle et visuellement attrayante.<\/li>\n<\/ul>\n","protected":false},"excerpt":{"rendered":"<p>Le th\u00e8me de pic WordPress, un choix exquis et contemporain, r\u00e9pond aux besoins des blogueurs, des entrepreneurs et des individus artistiques qui aspirent \u00e0 am\u00e9liorer leur empreinte virtuelle. B\u00e9n\u00e9ficiant d&rsquo;une disposition minimaliste et d&rsquo;une pl\u00e9thore d&rsquo;options de personnalisation, Peak vous permet de montrer votre contenu et d&rsquo;\u00e9tablir votre marque avec la plus grande sophistication et professionnalisme. De plus, ce th\u00e8me est extr\u00eamement r\u00e9actif, garantissant une exp\u00e9rience visuellement \u00e9tonnante et sans couture sur tous les appareils. Que vous vous lanciez dans une nouvelle entreprise num\u00e9rique ou que vous cherchez \u00e0 revigorer votre plate-forme en ligne existante, soyez assur\u00e9 que le pic fournira la solution optimale.<\/p>\n","protected":false},"featured_media":144940,"comment_status":"open","ping_status":"open","template":"","meta":[],"product_brand":[2459],"product_cat":[1242,1212,1213],"product_tag":[2274],"class_list":{"0":"post-123000","1":"product","2":"type-product","3":"status-publish","4":"has-post-thumbnail","6":"product_brand-visualmodo","7":"product_cat-creatif","8":"product_cat-themes","9":"product_cat-wordpress-themes","10":"product_tag-visualmodo","11":"member-discount","12":"discount-restricted","14":"first","15":"instock","16":"sale","17":"downloadable","18":"virtual","19":"sold-individually","20":"purchasable","21":"product-type-simple"},"_links":{"self":[{"href":"https:\/\/gpl-love.com\/fr\/wp-json\/wp\/v2\/product\/123000","targetHints":{"allow":["GET"]}}],"collection":[{"href":"https:\/\/gpl-love.com\/fr\/wp-json\/wp\/v2\/product"}],"about":[{"href":"https:\/\/gpl-love.com\/fr\/wp-json\/wp\/v2\/types\/product"}],"replies":[{"embeddable":true,"href":"https:\/\/gpl-love.com\/fr\/wp-json\/wp\/v2\/comments?post=123000"}],"wp:featuredmedia":[{"embeddable":true,"href":"https:\/\/gpl-love.com\/fr\/wp-json\/wp\/v2\/media\/144940"}],"wp:attachment":[{"href":"https:\/\/gpl-love.com\/fr\/wp-json\/wp\/v2\/media?parent=123000"}],"wp:term":[{"taxonomy":"product_brand","embeddable":true,"href":"https:\/\/gpl-love.com\/fr\/wp-json\/wp\/v2\/product_brand?post=123000"},{"taxonomy":"product_cat","embeddable":true,"href":"https:\/\/gpl-love.com\/fr\/wp-json\/wp\/v2\/product_cat?post=123000"},{"taxonomy":"product_tag","embeddable":true,"href":"https:\/\/gpl-love.com\/fr\/wp-json\/wp\/v2\/product_tag?post=123000"}],"curies":[{"name":"wp","href":"https:\/\/api.w.org\/{rel}","templated":true}]}}