{"id":122998,"date":"2022-05-01T00:00:00","date_gmt":"2022-04-30T22:00:00","guid":{"rendered":"https:\/\/gpl-love.com\/fr\/produit\/nectar-wordpress-theme\/"},"modified":"2026-04-10T18:33:32","modified_gmt":"2026-04-10T16:33:32","slug":"nectar-wordpress-theme","status":"publish","type":"product","link":"https:\/\/gpl-love.com\/fr\/produit\/nectar-wordpress-theme\/","title":{"rendered":"Nectar WordPress Theme 3.0.4"},"content":{"rendered":"<h3>Nectar WordPress Theme Traits<\/h3>\n<p>Le th\u00e8me NECTAR WordPress, r\u00e9put\u00e9 pour sa polyvalence et son interface conviviale, fournit aux propri\u00e9taires de sites Web avec une vaste gamme d&rsquo;options de personnalisation. B\u00e9n\u00e9ficiant d&rsquo;un design \u00e9l\u00e9gant et contemporain qui s&rsquo;adapte parfaitement \u00e0 tous les appareils, ce th\u00e8me assure une r\u00e9activit\u00e9 optimale. De plus, son constructeur de pages glisser-d\u00e9poser permet aux utilisateurs d&rsquo;\u00e9laborer des sites Web distinctifs et polis sans effort, le tout sans n\u00e9cessiter aucune expertise de codage. Soulignant la commodit\u00e9, le th\u00e8me englobe en outre un assortiment diversifi\u00e9 de mod\u00e8les et de dispositions pr\u00e9-con\u00e7us, facilitant une initiation sans effort du processus de conception du site Web. En d\u00e9veloppant sa flexibilit\u00e9 remarquable, le th\u00e8me WordPress Nectar comprend des en-t\u00eates et des pieds de page personnalisables, plusieurs dispositions de blogs et des options de portefeuille, s&rsquo;adressant \u00e0 un large \u00e9ventail de pr\u00e9f\u00e9rences. Collectivement, ces fonctionnalit\u00e9s rendent ce th\u00e8me un choix exemplaire pour les individus \u00e0 la recherche d&rsquo;une approche rationalis\u00e9e et efficace pour fabriquer rapidement un site Web esth\u00e9tique.<\/p>\n<ul>\n<li>Th\u00e8me WordPress hautement personnalisable<\/li>\n<li>Con\u00e7u pour les blogueurs, les cr\u00e9atifs et les propri\u00e9taires de petites entreprises<\/li>\n<li>Fournit plusieurs options de mise en page pour chaque page \/ message<\/li>\n<li>Comprend une vari\u00e9t\u00e9 de types de publication, y compris la vid\u00e9o, la galerie et l&rsquo;audio<\/li>\n<li>S&rsquo;int\u00e8gre aux plugins WordPress populaires, tels que WooCommerce et le formulaire de contact 7<\/li>\n<li>Construit avec une conception r\u00e9active, assurant une exp\u00e9rience de visualisation optimale sur tous les appareils<\/li>\n<li>Offre des options de personnalisation facile \u00e0 utiliser pour le logo, les polices, les couleurs et plus encore<\/li>\n<li>Comprend plusieurs styles d&rsquo;en-t\u00eate et options de menu<\/li>\n<li>Compatible avec l&rsquo;\u00e9diteur de Gutenberg<\/li>\n<li>Optimis\u00e9 pour le r\u00e9f\u00e9rencement<\/li>\n<li>Fournit du code extensible avec des crochets int\u00e9gr\u00e9s pour les d\u00e9veloppeurs<\/li>\n<li>Offre un support rapide et fiable via le site Web du d\u00e9veloppeur.<\/li>\n<\/ul>\n","protected":false},"excerpt":{"rendered":"<p>Le th\u00e8me WordPress du nectar, avec son design \u00e9l\u00e9gant et moderne, s&rsquo;adresse \u00e0 un large \u00e9ventail d&rsquo;utilisateurs, y compris ceux qui cherchent \u00e0 \u00e9tablir une pr\u00e9sence en ligne personnelle ou professionnelle. Ce th\u00e8me propose une gamme de fonctionnalit\u00e9s personnalisables qui permettent aux utilisateurs de cr\u00e9er un site Web distinct et remarquable, se distinguant de la concurrence. \u00c9quip\u00e9 d&rsquo;une conception r\u00e9active, de mod\u00e8les pr\u00e9-con\u00e7us et d&rsquo;une collection diversifi\u00e9e de widgets, la personnalisation du site devient sans effort et sans tracas. Que l&rsquo;on s&rsquo;identifie comme un blogueur, un entrepreneur ou un pigiste, le th\u00e8me WordPress nectar se pr\u00e9sente comme une option id\u00e9ale pour les individus \u00e0 la recherche d&rsquo;une solution de construction de sites Web exquise et hautement fonctionnelle.<\/p>\n","protected":false},"featured_media":144716,"comment_status":"open","ping_status":"open","template":"","meta":[],"product_brand":[2459],"product_cat":[1242,1212,1213],"product_tag":[2274],"class_list":{"0":"post-122998","1":"product","2":"type-product","3":"status-publish","4":"has-post-thumbnail","6":"product_brand-visualmodo","7":"product_cat-creatif","8":"product_cat-themes","9":"product_cat-wordpress-themes","10":"product_tag-visualmodo","11":"member-discount","12":"discount-restricted","14":"first","15":"instock","16":"sale","17":"downloadable","18":"virtual","19":"sold-individually","20":"purchasable","21":"product-type-simple"},"_links":{"self":[{"href":"https:\/\/gpl-love.com\/fr\/wp-json\/wp\/v2\/product\/122998","targetHints":{"allow":["GET"]}}],"collection":[{"href":"https:\/\/gpl-love.com\/fr\/wp-json\/wp\/v2\/product"}],"about":[{"href":"https:\/\/gpl-love.com\/fr\/wp-json\/wp\/v2\/types\/product"}],"replies":[{"embeddable":true,"href":"https:\/\/gpl-love.com\/fr\/wp-json\/wp\/v2\/comments?post=122998"}],"wp:featuredmedia":[{"embeddable":true,"href":"https:\/\/gpl-love.com\/fr\/wp-json\/wp\/v2\/media\/144716"}],"wp:attachment":[{"href":"https:\/\/gpl-love.com\/fr\/wp-json\/wp\/v2\/media?parent=122998"}],"wp:term":[{"taxonomy":"product_brand","embeddable":true,"href":"https:\/\/gpl-love.com\/fr\/wp-json\/wp\/v2\/product_brand?post=122998"},{"taxonomy":"product_cat","embeddable":true,"href":"https:\/\/gpl-love.com\/fr\/wp-json\/wp\/v2\/product_cat?post=122998"},{"taxonomy":"product_tag","embeddable":true,"href":"https:\/\/gpl-love.com\/fr\/wp-json\/wp\/v2\/product_tag?post=122998"}],"curies":[{"name":"wp","href":"https:\/\/api.w.org\/{rel}","templated":true}]}}