{"id":122996,"date":"2022-05-01T00:00:00","date_gmt":"2022-04-30T22:00:00","guid":{"rendered":"https:\/\/gpl-love.com\/fr\/produit\/medical-wordpress-theme\/"},"modified":"2026-03-20T23:24:11","modified_gmt":"2026-03-20T22:24:11","slug":"medical-wordpress-theme","status":"publish","type":"product","link":"https:\/\/gpl-love.com\/fr\/produit\/medical-wordpress-theme\/","title":{"rendered":"Medical WordPress Theme 12.0.4"},"content":{"rendered":"<h3>Medical WordPress Theme Traits<\/h3>\n<p>Le th\u00e8me m\u00e9dical WordPress est une solution exceptionnelle et id\u00e9ale pour les professionnels de la sant\u00e9 qui cherchent \u00e0 construire un site Web qui respire le professionnalisme et l&rsquo;attrait. Avec sa conception sur mesure, \u00e9tant exclusivement adapt\u00e9 \u00e0 l&rsquo;industrie m\u00e9dicale, ce th\u00e8me poss\u00e8de un \u00e9ventail de fonctionnalit\u00e9s remarquables telles que la r\u00e9servation de rendez-vous, l&rsquo;enregistrement des patients et les profils de m\u00e9decin. De plus, son interface conviviale permet une personnalisation facile via un constructeur de pages glisser-d\u00e9poser, tout en incorporant \u00e9galement les pages pr\u00e9-construites qui r\u00e9pondent aux divers besoins des services m\u00e9dicaux. Notamment, la conception de ce th\u00e8me est \u00e0 la fois r\u00e9active et contemporaine, pr\u00e9sentant une disposition vierge qui garantit une navigation sans effort. Sans aucun doute, ce th\u00e8me WordPress m\u00e9dical sert de choix exemplaire pour les cliniques, les h\u00f4pitaux et diverses autres organisations de soins de sant\u00e9 qui aspirent \u00e0 \u00e9tablir une formidable pr\u00e9sence en ligne.<\/p>\n<ul>\n<li>Th\u00e8me enti\u00e8rement r\u00e9actif et personnalisable con\u00e7u sp\u00e9cifiquement pour les sites Web m\u00e9dicaux<\/li>\n<li>Avec plusieurs dispositions pr\u00e9-con\u00e7ues pour diff\u00e9rentes sp\u00e9cialit\u00e9s m\u00e9dicales telles que la dentisterie, la p\u00e9diatrie, la cardiologie, etc.<\/li>\n<li>Syst\u00e8me de r\u00e9servation de rendez-vous avanc\u00e9 avec plusieurs styles de formulaires et options de paiement<\/li>\n<li>Int\u00e9gration transparente avec des plugins m\u00e9dicaux populaires comme WooCommerce, Bookly et Contact Form 7<\/li>\n<li>Builder de page de glisser-d\u00e9poser et de d\u00e9pression facile \u00e0 utiliser avec une gamme de widgets personnalis\u00e9s et de codes short<\/li>\n<li>Compatible avec les constructeurs de pages populaires comme Elementor et Visual Composer<\/li>\n<li>Vitesse de chargement super rapide et code optimis\u00e9 du moteur de recherche pour une visibilit\u00e9 maximale<\/li>\n<li>Fonctionnalit\u00e9 de blog int\u00e9gr\u00e9e pour partager les nouvelles m\u00e9dicales, la recherche et les conseils<\/li>\n<li>Documentation en support robuste et didacticiels vid\u00e9o pour une configuration et une personnalisation faciles<\/li>\n<li>Des mises \u00e0 jour r\u00e9guli\u00e8res et des corrections de bogues pour maintenir votre site Web en marche et en toute s\u00e9curit\u00e9.<\/li>\n<\/ul>\n","protected":false},"excerpt":{"rendered":"<p>Le th\u00e8me WordPress m\u00e9dical d&rsquo;entr\u00e9e offre une solution compl\u00e8te adapt\u00e9e pour r\u00e9pondre aux besoins des professionnels de la sant\u00e9 \u00e0 la recherche d&rsquo;un site Web visuellement captivant et convivial. Ce th\u00e8me exceptionnel comprend un large \u00e9ventail de fonctionnalit\u00e9s essentielles, y compris les fonctionnalit\u00e9s de r\u00e9servation de rendez-vous, l&rsquo;int\u00e9gration de profil de praticien, les t\u00e9moignages de patients et un design \u00e9l\u00e9gant et contemporain. De plus, il poss\u00e8de des options de personnalisation compl\u00e8tes, garantissant que vous pouvez le modeler en fonction de vos pr\u00e9f\u00e9rences. Non seulement il est enti\u00e8rement r\u00e9actif sur les appareils mobiles, mais il est \u00e9galement optimis\u00e9 pour am\u00e9liorer le classement de votre moteur de recherche. Avec la contribution, l&rsquo;\u00e9tablissement d&rsquo;une pr\u00e9sence en ligne professionnelle et cr\u00e9dible pour votre pratique m\u00e9dicale n&rsquo;a jamais \u00e9t\u00e9 aussi simple.<\/p>\n","protected":false},"featured_media":144486,"comment_status":"open","ping_status":"open","template":"","meta":[],"product_brand":[2459],"product_cat":[1516,1212,1213],"product_tag":[2274],"class_list":{"0":"post-122996","1":"product","2":"type-product","3":"status-publish","4":"has-post-thumbnail","6":"product_brand-visualmodo","7":"product_cat-entreprise","8":"product_cat-themes","9":"product_cat-wordpress-themes","10":"product_tag-visualmodo","11":"member-discount","12":"discount-restricted","14":"first","15":"instock","16":"sale","17":"downloadable","18":"virtual","19":"sold-individually","20":"purchasable","21":"product-type-simple"},"_links":{"self":[{"href":"https:\/\/gpl-love.com\/fr\/wp-json\/wp\/v2\/product\/122996","targetHints":{"allow":["GET"]}}],"collection":[{"href":"https:\/\/gpl-love.com\/fr\/wp-json\/wp\/v2\/product"}],"about":[{"href":"https:\/\/gpl-love.com\/fr\/wp-json\/wp\/v2\/types\/product"}],"replies":[{"embeddable":true,"href":"https:\/\/gpl-love.com\/fr\/wp-json\/wp\/v2\/comments?post=122996"}],"wp:featuredmedia":[{"embeddable":true,"href":"https:\/\/gpl-love.com\/fr\/wp-json\/wp\/v2\/media\/144486"}],"wp:attachment":[{"href":"https:\/\/gpl-love.com\/fr\/wp-json\/wp\/v2\/media?parent=122996"}],"wp:term":[{"taxonomy":"product_brand","embeddable":true,"href":"https:\/\/gpl-love.com\/fr\/wp-json\/wp\/v2\/product_brand?post=122996"},{"taxonomy":"product_cat","embeddable":true,"href":"https:\/\/gpl-love.com\/fr\/wp-json\/wp\/v2\/product_cat?post=122996"},{"taxonomy":"product_tag","embeddable":true,"href":"https:\/\/gpl-love.com\/fr\/wp-json\/wp\/v2\/product_tag?post=122996"}],"curies":[{"name":"wp","href":"https:\/\/api.w.org\/{rel}","templated":true}]}}