{"id":122994,"date":"2022-05-01T00:00:00","date_gmt":"2022-04-30T22:00:00","guid":{"rendered":"https:\/\/gpl-love.com\/fr\/produit\/marvel-wordpress-theme\/"},"modified":"2026-03-20T23:23:47","modified_gmt":"2026-03-20T22:23:47","slug":"marvel-wordpress-theme","status":"publish","type":"product","link":"https:\/\/gpl-love.com\/fr\/produit\/marvel-wordpress-theme\/","title":{"rendered":"Marvel WordPress Theme 1.1.1"},"content":{"rendered":"<h3>Marvel WordPress Theme Traits<\/h3>\n<p>Le th\u00e8me Marvel WordPress, un th\u00e8me incroyablement polyvalent et riche en fonctionnalit\u00e9s, est la quintessence de la perfection lorsqu&rsquo;il s&rsquo;agit de fabriquer des sites Web visuellement \u00e9tonnants. B\u00e9n\u00e9ficiant d&rsquo;une vaste gamme d&rsquo;options de personnalisation, ce th\u00e8me permet aux utilisateurs d&rsquo;adapter m\u00e9ticuleusement l&rsquo;esth\u00e9tique de leur site Web et de se sentir pour r\u00e9pondre \u00e0 leurs exigences uniques et sp\u00e9cifiques. De plus, ce th\u00e8me extraordinaire englobe non seulement la convivialit\u00e9 mobile, mais optimise \u00e9galement l&rsquo;optimisation des moteurs de recherche, garantissant que votre site Web reste \u00e0 la fois accessible et visible pour un public plus large. Ne s&rsquo;arr\u00eatant pas l\u00e0, le th\u00e8me Marvel WordPress est enti\u00e8rement \u00e9quip\u00e9 d&rsquo;une s\u00e9lection diversifi\u00e9e de dispositions et de mod\u00e8les pr\u00e9-construits m\u00e9ticuleusement con\u00e7us, facilitant ainsi un d\u00e9but sans faille et sans effort pour la conception de voyage. Pour amplifier davantage la commodit\u00e9 et l&rsquo;efficacit\u00e9 de la cr\u00e9ation de sites Web, ce th\u00e8me incarne un constructeur de pages de glisser-d\u00e9poser intuitivement convivial, rendant le processus de fa\u00e7on de fa\u00e7onner des pages et des sections personnalis\u00e9es une brise absolue. Comme si cela ne suffisait pas, ce th\u00e8me remarquable re\u00e7oit des mises \u00e0 jour r\u00e9guli\u00e8res, enrichies de nouvelles fonctionnalit\u00e9s et am\u00e9liorations, garantissant ainsi que votre site Web reste perp\u00e9tuellement \u00e0 jour avec les tendances et les technologies de pointe en constante \u00e9volution. Dans l&rsquo;ensemble, le th\u00e8me WordPress Marvel est incontestablement un choix impeccable pour quiconque cherche \u00e0 forger un site Web vraiment splendide et tr\u00e8s fonctionnel.<\/p>\n<ul>\n<li>Th\u00e8me WordPress magnifiquement con\u00e7u inspir\u00e9 de Marvel Comics<\/li>\n<li>Enti\u00e8rement r\u00e9actif et convivial<\/li>\n<li>Livr\u00e9 avec des mod\u00e8les de page pr\u00e9-con\u00e7us pour une personnalisation facile<\/li>\n<li>Int\u00e9gr\u00e9 \u00e0 WooCommerce pour la vente facile en ligne de marchandises<\/li>\n<li>Compatible avec les plugins WordPress populaires<\/li>\n<li>Facile \u00e0 utiliser Drag and Drop Page Builder<\/li>\n<li>SEO optimis\u00e9 pour une meilleure visibilit\u00e9 des moteurs de recherche<\/li>\n<li>Mises \u00e0 jour gratuites et support d\u00e9di\u00e9 des d\u00e9veloppeurs<\/li>\n<li>Comprend du contenu de d\u00e9monstration pour mettre votre site en marche et en cours d&rsquo;ex\u00e9cution<\/li>\n<li>Vitesses de chargement rapide pour une exp\u00e9rience utilisateur sans couture<\/li>\n<li>Des options de couleurs multiples et des arri\u00e8re-plans personnalisables pour l&rsquo;image de marque personnalis\u00e9e.<\/li>\n<\/ul>\n","protected":false},"excerpt":{"rendered":"<p>Permettez-moi de vous pr\u00e9senter l&rsquo;extraordinaire th\u00e8me WordPress Marvel, un th\u00e8me magistralement con\u00e7u et extr\u00eamement adaptable qui est un incarnation absolue de perfection pour les sites Web centr\u00e9s sur le monde enchanteur des bandes dessin\u00e9es ou des super-h\u00e9ros. Ce th\u00e8me poss\u00e8de un assortiment de dispositions de page d&rsquo;accueil diverses qui sont tenues de captiver votre public, en plus d&rsquo;une large gamme d&rsquo;options de couleurs personnalisables qui vous permettront de fa\u00e7onner un site Web vraiment unique. En outre, \u00e9quip\u00e9 d&rsquo;un puissant constructeur de pages, le th\u00e8me Marvel WordPress vous accorde la capacit\u00e9 in\u00e9gal\u00e9e \u00e0 fa\u00e7onner un site Web qui non seulement se d\u00e9marque de la foule mais fassine et fassine vos visiteurs. Peu importe que vous soyez le propri\u00e9taire d&rsquo;un \u00e9tablissement de bandes dessin\u00e9es, d&rsquo;un membre d\u00e9vou\u00e9 d&rsquo;une communaut\u00e9 de fans ou d&rsquo;un blogueur passionn\u00e9, car le th\u00e8me WordPress Marvel est le match parfait qui se fondera de mani\u00e8re transparente avec votre pr\u00e9sence en ligne. Par cons\u00e9quent, il vous incombe d&rsquo;\u00e9lever la qualit\u00e9 de votre site Web et de lib\u00e9rer le super-h\u00e9ros dormant r\u00e9sidant en vous, en vous profitant du th\u00e8me WordPress Marvel remarquable.<\/p>\n","protected":false},"featured_media":144461,"comment_status":"open","ping_status":"open","template":"","meta":[],"product_brand":[2459],"product_cat":[1242,1212,1213],"product_tag":[2274],"class_list":{"0":"post-122994","1":"product","2":"type-product","3":"status-publish","4":"has-post-thumbnail","6":"product_brand-visualmodo","7":"product_cat-creatif","8":"product_cat-themes","9":"product_cat-wordpress-themes","10":"product_tag-visualmodo","11":"member-discount","12":"discount-restricted","14":"first","15":"instock","16":"sale","17":"downloadable","18":"virtual","19":"sold-individually","20":"purchasable","21":"product-type-simple"},"_links":{"self":[{"href":"https:\/\/gpl-love.com\/fr\/wp-json\/wp\/v2\/product\/122994","targetHints":{"allow":["GET"]}}],"collection":[{"href":"https:\/\/gpl-love.com\/fr\/wp-json\/wp\/v2\/product"}],"about":[{"href":"https:\/\/gpl-love.com\/fr\/wp-json\/wp\/v2\/types\/product"}],"replies":[{"embeddable":true,"href":"https:\/\/gpl-love.com\/fr\/wp-json\/wp\/v2\/comments?post=122994"}],"wp:featuredmedia":[{"embeddable":true,"href":"https:\/\/gpl-love.com\/fr\/wp-json\/wp\/v2\/media\/144461"}],"wp:attachment":[{"href":"https:\/\/gpl-love.com\/fr\/wp-json\/wp\/v2\/media?parent=122994"}],"wp:term":[{"taxonomy":"product_brand","embeddable":true,"href":"https:\/\/gpl-love.com\/fr\/wp-json\/wp\/v2\/product_brand?post=122994"},{"taxonomy":"product_cat","embeddable":true,"href":"https:\/\/gpl-love.com\/fr\/wp-json\/wp\/v2\/product_cat?post=122994"},{"taxonomy":"product_tag","embeddable":true,"href":"https:\/\/gpl-love.com\/fr\/wp-json\/wp\/v2\/product_tag?post=122994"}],"curies":[{"name":"wp","href":"https:\/\/api.w.org\/{rel}","templated":true}]}}