{"id":122992,"date":"2022-05-01T00:00:00","date_gmt":"2022-04-30T22:00:00","guid":{"rendered":"https:\/\/gpl-love.com\/fr\/produit\/ink-wordpress-theme\/"},"modified":"2026-03-20T23:20:19","modified_gmt":"2026-03-20T22:20:19","slug":"ink-wordpress-theme","status":"publish","type":"product","link":"https:\/\/gpl-love.com\/fr\/produit\/ink-wordpress-theme\/","title":{"rendered":"Ink WordPress Theme 2.1.2"},"content":{"rendered":"<h3>Ink WordPress Theme Traits<\/h3>\n<p>Le th\u00e8me Ink WordPress, avec son design \u00e9l\u00e9gant et \u00e9l\u00e9gant, se pr\u00e9sente comme un choix attrayant pour les personnes cherchant \u00e0 \u00e9tablir un site Web avec une apparence professionnelle et polie. Ce th\u00e8me particulier poss\u00e8de un \u00e9ventail d&rsquo;options de personnalisation, permettant aux utilisateurs d&rsquo;adapter m\u00e9ticuleusement l&rsquo;esth\u00e9tique de leur site d&rsquo;une mani\u00e8re unique et refl\u00e8te leur marque. En outre, l&rsquo;inclusion d&rsquo;une conception r\u00e9active garantit que le site Web s&rsquo;adaptera de mani\u00e8re transparente \u00e0 divers appareils, garantissant une exp\u00e9rience visuellement agr\u00e9able pour tous les utilisateurs. De plus, le th\u00e8me est m\u00e9ticuleusement optimis\u00e9 pour offrir des temps de chargement rapides, garantissant que les visiteurs ne sont pas dissuad\u00e9s par des temps d&rsquo;attente prolong\u00e9s. Peu importe que l&rsquo;objectif soit de lancer un blog, de pr\u00e9senter un portfolio impressionnant ou d&rsquo;inaugurer une boutique en ligne, le th\u00e8me Ink WordPress fournit une plate-forme adaptable et conviviale pour pr\u00e9senter efficacement le contenu. L&rsquo;engagement in\u00e9branlable du th\u00e8me envers la satisfaction du client est encore illustr\u00e9 par sa fourniture de support fiable et de mises \u00e0 jour r\u00e9guli\u00e8res, inculquant ainsi un sentiment d&rsquo;assurance chez les utilisateurs que leur site fonctionnera syst\u00e9matiquement \u00e0 son plus grand potentiel au fil du temps.<\/p>\n<ul>\n<li>Design moderne et \u00e9l\u00e9gant avec des options personnalisables<\/li>\n<li>Compatible avec la derni\u00e8re version de WordPress<\/li>\n<li>Mobile r\u00e9actif pour assurer une visualisation optimale sur tous les appareils<\/li>\n<li>Comprend des mod\u00e8les de page pr\u00e9-con\u00e7us pour une configuration facile<\/li>\n<li>Plusieurs sch\u00e9mas de couleurs disponibles pour s&rsquo;adapter \u00e0 votre marque<\/li>\n<li>Options de t\u00eate et de pied de page personnalisables<\/li>\n<li>SEO optimis\u00e9 pour une am\u00e9lioration de la visibilit\u00e9 du moteur de recherche<\/li>\n<li>La compatibilit\u00e9 entre les navigateurs garantit correctement votre site sur tous les navigateurs populaires<\/li>\n<li>Options de partage social int\u00e9gr\u00e9es pour augmenter l&rsquo;engagement et le trafic<\/li>\n<li>\u00c9quipe d&rsquo;assistance d\u00e9di\u00e9e \u00e0 aider avec tout probl\u00e8me ou question.<\/li>\n<\/ul>\n","protected":false},"excerpt":{"rendered":"<p>Le th\u00e8me Ink WordPress, une s\u00e9lection remarquable pour les blogueurs, les \u00e9crivains et les cr\u00e9atifs, poss\u00e8de une conception \u00e9l\u00e9gante et des fonctionnalit\u00e9s conviviales. En utilisant son esth\u00e9tique simpliste mais captivante, vous pouvez fa\u00e7onner sans effort un site Web extraordinaire qui pr\u00e9sente habilement votre contenu. De plus, ce th\u00e8me offre une large gamme d&rsquo;options de personnalisation, vous permettant de cuire \u00e0 la main une pl\u00e9thore de couleurs vibrantes et de polices exquises pour conf\u00e9rer une unicit\u00e9 in\u00e9gal\u00e9e \u00e0 votre site. De plus, le th\u00e8me Ink WordPress garantit une r\u00e9activit\u00e9 compl\u00e8te, garantissant un affichage impeccable sur tous les appareils. Si vous cherchez un th\u00e8me qui combine de mani\u00e8re transparente la simplicit\u00e9 et la sophistication tout en \u00e9tant navigable sans effort, alors le th\u00e8me WordPress de l&rsquo;encre \u00e9merge sans aucun doute comme le choix incontestable.<\/p>\n","protected":false},"featured_media":144230,"comment_status":"open","ping_status":"open","template":"","meta":[],"product_brand":[2459],"product_cat":[1242,1212,1213],"product_tag":[2274],"class_list":{"0":"post-122992","1":"product","2":"type-product","3":"status-publish","4":"has-post-thumbnail","6":"product_brand-visualmodo","7":"product_cat-creatif","8":"product_cat-themes","9":"product_cat-wordpress-themes","10":"product_tag-visualmodo","11":"member-discount","12":"discount-restricted","14":"first","15":"instock","16":"sale","17":"downloadable","18":"virtual","19":"sold-individually","20":"purchasable","21":"product-type-simple"},"_links":{"self":[{"href":"https:\/\/gpl-love.com\/fr\/wp-json\/wp\/v2\/product\/122992","targetHints":{"allow":["GET"]}}],"collection":[{"href":"https:\/\/gpl-love.com\/fr\/wp-json\/wp\/v2\/product"}],"about":[{"href":"https:\/\/gpl-love.com\/fr\/wp-json\/wp\/v2\/types\/product"}],"replies":[{"embeddable":true,"href":"https:\/\/gpl-love.com\/fr\/wp-json\/wp\/v2\/comments?post=122992"}],"wp:featuredmedia":[{"embeddable":true,"href":"https:\/\/gpl-love.com\/fr\/wp-json\/wp\/v2\/media\/144230"}],"wp:attachment":[{"href":"https:\/\/gpl-love.com\/fr\/wp-json\/wp\/v2\/media?parent=122992"}],"wp:term":[{"taxonomy":"product_brand","embeddable":true,"href":"https:\/\/gpl-love.com\/fr\/wp-json\/wp\/v2\/product_brand?post=122992"},{"taxonomy":"product_cat","embeddable":true,"href":"https:\/\/gpl-love.com\/fr\/wp-json\/wp\/v2\/product_cat?post=122992"},{"taxonomy":"product_tag","embeddable":true,"href":"https:\/\/gpl-love.com\/fr\/wp-json\/wp\/v2\/product_tag?post=122992"}],"curies":[{"name":"wp","href":"https:\/\/api.w.org\/{rel}","templated":true}]}}