{"id":122990,"date":"2022-05-01T00:00:00","date_gmt":"2022-04-30T22:00:00","guid":{"rendered":"https:\/\/gpl-love.com\/fr\/produit\/gym-wordpress-theme\/"},"modified":"2026-03-20T23:19:16","modified_gmt":"2026-03-20T22:19:16","slug":"gym-wordpress-theme","status":"publish","type":"product","link":"https:\/\/gpl-love.com\/fr\/produit\/gym-wordpress-theme\/","title":{"rendered":"Gym WordPress Theme 11.0.4"},"content":{"rendered":"<h3>Gym WordPress Theme Traits<\/h3>\n<p>Le th\u00e8me WordPress de gym est un th\u00e8me extr\u00eamement polyvalent et exceptionnellement puissant qui a \u00e9t\u00e9 m\u00e9ticuleusement con\u00e7u avec l&rsquo;intention explicite de r\u00e9pondre aux exigences uniques des gymnases, des centres de fitness, des entra\u00eeneurs personnels et de toutes les autres entreprises qui rel\u00e8vent de l&rsquo;\u00e9gide de cette industrie. B\u00e9n\u00e9ficiant d&rsquo;une vaste gamme de dispositions et de mod\u00e8les pr\u00e9-con\u00e7us, ce th\u00e8me offre un niveau de flexibilit\u00e9 et d&rsquo;adaptabilit\u00e9 in\u00e9gal\u00e9, permettant aux utilisateurs d&rsquo;adapter sans effort leur site Web pour s&rsquo;aligner parfaitement avec leurs besoins et pr\u00e9f\u00e9rences individualis\u00e9s. En outre, ce th\u00e8me est enti\u00e8rement r\u00e9actif et pr\u00e9sente une compatibilit\u00e9 optimale avec tous les appareils mobiles, garantissant que votre site Web d\u00e9gagera une aura de perfection impressionnante, quelle que soit la plate-forme technologique \u00e0 partir de laquelle elle est accessible. De plus, le th\u00e8me int\u00e8gre un \u00e9ventail de fonctionnalit\u00e9s de pointe, y compris des horaires de classe, des calendriers d&rsquo;\u00e9v\u00e9nements et des formulaires de r\u00e9servation en ligne, qui ont tous \u00e9t\u00e9 strat\u00e9giquement int\u00e9gr\u00e9s pour faciliter le processus de planification ou de rendez-vous sans effort et acc\u00e9l\u00e9r\u00e9, permettant aux visiteurs de r\u00e9server id\u00e9alement \u00e0 un r\u00e9servoir id\u00e9al ces services directement \u00e0 partir de votre site Web. De plus, ce th\u00e8me a \u00e9t\u00e9 m\u00e9ticuleusement optimis\u00e9 pour l&rsquo;optimisation des moteurs de recherche, garantissant que votre site Web est instantan\u00e9ment et facilement d\u00e9couverte par tous les principaux moteurs de recherche, augmentant ainsi exponentiellement la probabilit\u00e9 que votre groupe d\u00e9mographique cible localise avec succ\u00e8s et rapidement votre site Web lors de la r\u00e9alisation de recherches organiques. En choisissant d&rsquo;exploiter les capacit\u00e9s remarquables du th\u00e8me WordPress de gym, vous pourrez cr\u00e9er une pr\u00e9sence en ligne visuellement magnifique et incroyablement immersive pour votre salle de sport ou votre entreprise de fitness &#8211; celle qui laissera une impression ind\u00e9l\u00e9bile \u00e0 tous ceux qui t\u00e9moignent de sa magnificence .<\/p>\n<ul>\n<li>Design professionnel qui fait appel aux amateurs de gymnase et de fitness<\/li>\n<li>Disposition enti\u00e8rement r\u00e9active et adapt\u00e9e aux mobiles<\/li>\n<li>Options de personnalisation faciles avec un g\u00e9n\u00e9rateur de page de glisser-d\u00e9poser int\u00e9gr\u00e9<\/li>\n<li>Int\u00e9gration avec des plugins de fitness populaires comme WooCommerce, Contact Form 7 et Slider Revolution<\/li>\n<li>Sections d\u00e9di\u00e9es pour pr\u00e9senter des services de gymnase, des programmes, des formateurs et des t\u00e9moignages<\/li>\n<li>Prise en charge des horaires de classe, de la r\u00e9servation et des paiements avec int\u00e9gration transparente<\/li>\n<li>SEO optimis\u00e9 pour une meilleure visibilit\u00e9 en ligne et des classements de recherche plus \u00e9lev\u00e9s<\/li>\n<li>Vitesse de chargement rapide et optimisation des performances pour une am\u00e9lioration de l&rsquo;exp\u00e9rience utilisateur<\/li>\n<li>Fonction d&rsquo;importation de d\u00e9monstration en un clic pour la configuration et la configuration rapides<\/li>\n<li>Documentation compl\u00e8te et invite \u00e0 un support client pour toute question ou probl\u00e8me.<\/li>\n<\/ul>\n","protected":false},"excerpt":{"rendered":"<p>Le th\u00e8me WordPress de Gym d&rsquo;entr\u00e9e offre une solution globale pour les personnes qui cherchent \u00e0 \u00e9tablir un site Web de fitness ou de gymnase captivant. Ce th\u00e8me poss\u00e8de une disposition r\u00e9active qui s&rsquo;adapte de mani\u00e8re transparente \u00e0 n&rsquo;importe quel appareil, garantissant une exp\u00e9rience utilisateur optimale \u00e0 tous les niveaux. Notamment, il est \u00e9quip\u00e9 de diverses fonctionnalit\u00e9s telles que des cours de fitness int\u00e9gr\u00e9s, des profils d&rsquo;entra\u00eeneurs complets, une gestion efficace du calendrier et des capacit\u00e9s d&rsquo;int\u00e9gration de commerce \u00e9lectronique transparentes. La meilleure partie? Vous n&rsquo;avez pas besoin d&rsquo;expertise de codage pour tirer parti de ces fonctionnalit\u00e9s et \u00e9laborer un site Web visuellement frappant. Gr\u00e2ce \u00e0 son constructeur de pages glisser-d\u00e9poser, le th\u00e8me WordPress de gymnase d&rsquo;entr\u00e9e facilite la personnalisation sans effort, ce qui en fait le choix incontournable pour ceux qui recherchent un processus de cr\u00e9ation de site Web sans tracas. En exploitant la puissance de ce th\u00e8me de pointe, vous pouvez pr\u00e9senter sans effort votre gymnase ou votre centre de fitness, s\u00e9duisant une plus grande client\u00e8le pour vous engager avec votre entreprise.<\/p>\n","protected":false},"featured_media":144162,"comment_status":"open","ping_status":"open","template":"","meta":[],"product_brand":[2459],"product_cat":[1242,1212,1213],"product_tag":[2274],"class_list":{"0":"post-122990","1":"product","2":"type-product","3":"status-publish","4":"has-post-thumbnail","6":"product_brand-visualmodo","7":"product_cat-creatif","8":"product_cat-themes","9":"product_cat-wordpress-themes","10":"product_tag-visualmodo","11":"member-discount","12":"discount-restricted","14":"first","15":"instock","16":"sale","17":"downloadable","18":"virtual","19":"sold-individually","20":"purchasable","21":"product-type-simple"},"_links":{"self":[{"href":"https:\/\/gpl-love.com\/fr\/wp-json\/wp\/v2\/product\/122990","targetHints":{"allow":["GET"]}}],"collection":[{"href":"https:\/\/gpl-love.com\/fr\/wp-json\/wp\/v2\/product"}],"about":[{"href":"https:\/\/gpl-love.com\/fr\/wp-json\/wp\/v2\/types\/product"}],"replies":[{"embeddable":true,"href":"https:\/\/gpl-love.com\/fr\/wp-json\/wp\/v2\/comments?post=122990"}],"wp:featuredmedia":[{"embeddable":true,"href":"https:\/\/gpl-love.com\/fr\/wp-json\/wp\/v2\/media\/144162"}],"wp:attachment":[{"href":"https:\/\/gpl-love.com\/fr\/wp-json\/wp\/v2\/media?parent=122990"}],"wp:term":[{"taxonomy":"product_brand","embeddable":true,"href":"https:\/\/gpl-love.com\/fr\/wp-json\/wp\/v2\/product_brand?post=122990"},{"taxonomy":"product_cat","embeddable":true,"href":"https:\/\/gpl-love.com\/fr\/wp-json\/wp\/v2\/product_cat?post=122990"},{"taxonomy":"product_tag","embeddable":true,"href":"https:\/\/gpl-love.com\/fr\/wp-json\/wp\/v2\/product_tag?post=122990"}],"curies":[{"name":"wp","href":"https:\/\/api.w.org\/{rel}","templated":true}]}}