{"id":122988,"date":"2022-05-01T00:00:00","date_gmt":"2022-04-30T22:00:00","guid":{"rendered":"https:\/\/gpl-love.com\/fr\/produit\/food-wordpress-theme\/"},"modified":"2026-05-11T00:30:20","modified_gmt":"2026-05-10T22:30:20","slug":"food-wordpress-theme","status":"publish","type":"product","link":"https:\/\/gpl-love.com\/fr\/produit\/food-wordpress-theme\/","title":{"rendered":"Food WordPress Theme 4.0.4"},"content":{"rendered":"<h3>Food WordPress Theme Traits<\/h3>\n<p>Le th\u00e8me Food WordPress poss\u00e8de un design visuellement attrayant et enti\u00e8rement r\u00e9actif, ce qui en fait un choix id\u00e9al pour les \u00e9tablissements de l&rsquo;industrie du restaurant et de la nourriture. Sa vaste gamme d&rsquo;options de personnalisation permet aux utilisateurs de fa\u00e7onner un site Web remarquable qui pr\u00e9sente efficacement leur menu, leurs offres quotidiennes et leurs offres sp\u00e9ciales. De plus, ce th\u00e8me est sp\u00e9cialement optimis\u00e9 pour les moteurs de recherche, augmentant ainsi consid\u00e9rablement le trafic Web vers son site. De plus, il est \u00e9quip\u00e9 de pages pr\u00e9d\u00e9finies qui s&rsquo;adressent \u00e0 divers aspects essentiels tels que le menu, les r\u00e9servations, la galerie et le blog. En outre, le th\u00e8me Food WordPress est r\u00e9put\u00e9 pour son processus d&rsquo;installation convivial, et il offre un support client exceptionnel pour garantir une apparence de site Web poli et transparente. Que vous soyez un blogueur alimentaire, un propri\u00e9taire de restaurant ou un traiteur, le th\u00e8me Food WordPress sert de choix impeccable pour \u00e9tablir une pr\u00e9sence en ligne frappante.<\/p>\n<ul>\n<li>Un th\u00e8me WordPress professionnel, moderne et personnalisable sp\u00e9cialement con\u00e7u pour les sites Web li\u00e9s \u00e0 l&rsquo;alimentation<\/li>\n<li>Un design sensible \u00e0 la mobile et pr\u00eat \u00e0 la r\u00e9tine qui offre une exp\u00e9rience utilisateur transparente sur tous les appareils<\/li>\n<li>Mod\u00e8les et dispositions de page pr\u00e9-construites optimis\u00e9es pour les menus alimentaires, les recettes et les blogs<\/li>\n<li>Prise en charge int\u00e9gr\u00e9e pour les plugins WordPress populaires tels que WooCommerce, le formulaire de contact 7 et les formulaires de gravit\u00e9<\/li>\n<li>Un panneau d&rsquo;options de th\u00e8me puissant qui vous permet de personnaliser facilement l&rsquo;apparence de votre site Web sans aucune connaissance de codage<\/li>\n<li>Int\u00e9gration compl\u00e8te avec les plateformes de m\u00e9dias sociaux, vous permettant de partager facilement vos recettes et votre contenu li\u00e9 \u00e0 l&rsquo;alimentation avec vos abonn\u00e9s<\/li>\n<li>Des widgets et des codes shortment faciles \u00e0 utiliser qui vous permettent d&rsquo;ajouter des \u00e9l\u00e9ments personnalis\u00e9s tels que les galeries alimentaires, les menus et les informations nutritionnelles \u00e0 votre site Web<\/li>\n<li>Fonctionnalit\u00e9 de recherche avanc\u00e9e qui permet aux visiteurs de rechercher par la cuisine, l&rsquo;ingr\u00e9dient ou les restrictions alimentaires<\/li>\n<li>Documentation approfondie et soutien d\u00e9di\u00e9 pour vous aider \u00e0 tirer le meilleur parti de votre th\u00e8me WordPress alimentaire.<\/li>\n<\/ul>\n","protected":false},"excerpt":{"rendered":"<p>D\u00e9couvrez Input, un th\u00e8me WordPress exceptionnel con\u00e7u exclusivement pour r\u00e9pondre aux besoins des blogueurs culinaires et des sites de recettes. Ce th\u00e8me se distingue par ses mises en page raffin\u00e9es et enti\u00e8rement personnalisables, ainsi que par une multitude de fonctionnalit\u00e9s intuitives, vous permettant de pr\u00e9senter vos d\u00e9licieuses cr\u00e9ations culinaires en toute simplicit\u00e9. Gr\u00e2ce \u00e0 son design ultra-r\u00e9actif qui s&rsquo;adapte parfaitement \u00e0 tous les appareils mobiles, sa typographie \u00e9l\u00e9gante et sophistiqu\u00e9e et son int\u00e9gration impeccable avec les plugins les plus populaires, ce th\u00e8me dynamique a \u00e9t\u00e9 con\u00e7u avec soin pour vous aider \u00e0 r\u00e9aliser vos ambitions culinaires en ligne. Que vous soyez un blogueur culinaire chevronn\u00e9 ou un novice d\u00e9butant, Input est la solution id\u00e9ale pour cr\u00e9er un site web \u00e0 la fois esth\u00e9tique et convivial, qui suscitera sans aucun doute l&rsquo;enthousiasme de vos visiteurs pour vos cr\u00e9ations gastronomiques\u00a0!<\/p>\n","protected":false},"featured_media":143893,"comment_status":"open","ping_status":"open","template":"","meta":[],"product_brand":[2459],"product_cat":[1606,1212,1213],"product_tag":[2274],"class_list":{"0":"post-122988","1":"product","2":"type-product","3":"status-publish","4":"has-post-thumbnail","6":"product_brand-visualmodo","7":"product_cat-restauration-et-restaurant","8":"product_cat-themes","9":"product_cat-wordpress-themes","10":"product_tag-visualmodo","11":"member-discount","12":"discount-restricted","14":"first","15":"instock","16":"sale","17":"downloadable","18":"virtual","19":"sold-individually","20":"purchasable","21":"product-type-simple"},"_links":{"self":[{"href":"https:\/\/gpl-love.com\/fr\/wp-json\/wp\/v2\/product\/122988","targetHints":{"allow":["GET"]}}],"collection":[{"href":"https:\/\/gpl-love.com\/fr\/wp-json\/wp\/v2\/product"}],"about":[{"href":"https:\/\/gpl-love.com\/fr\/wp-json\/wp\/v2\/types\/product"}],"replies":[{"embeddable":true,"href":"https:\/\/gpl-love.com\/fr\/wp-json\/wp\/v2\/comments?post=122988"}],"wp:featuredmedia":[{"embeddable":true,"href":"https:\/\/gpl-love.com\/fr\/wp-json\/wp\/v2\/media\/143893"}],"wp:attachment":[{"href":"https:\/\/gpl-love.com\/fr\/wp-json\/wp\/v2\/media?parent=122988"}],"wp:term":[{"taxonomy":"product_brand","embeddable":true,"href":"https:\/\/gpl-love.com\/fr\/wp-json\/wp\/v2\/product_brand?post=122988"},{"taxonomy":"product_cat","embeddable":true,"href":"https:\/\/gpl-love.com\/fr\/wp-json\/wp\/v2\/product_cat?post=122988"},{"taxonomy":"product_tag","embeddable":true,"href":"https:\/\/gpl-love.com\/fr\/wp-json\/wp\/v2\/product_tag?post=122988"}],"curies":[{"name":"wp","href":"https:\/\/api.w.org\/{rel}","templated":true}]}}