{"id":122986,"date":"2022-05-01T00:00:00","date_gmt":"2022-04-30T22:00:00","guid":{"rendered":"https:\/\/gpl-love.com\/fr\/produit\/fitness-wordpress-theme\/"},"modified":"2026-03-20T23:05:57","modified_gmt":"2026-03-20T22:05:57","slug":"fitness-wordpress-theme","status":"publish","type":"product","link":"https:\/\/gpl-love.com\/fr\/produit\/fitness-wordpress-theme\/","title":{"rendered":"Fitness WordPress Theme 14.0.4"},"content":{"rendered":"<h3>Fitness WordPress Theme Traits<\/h3>\n<p>Le th\u00e8me WordPress de fitness, une cr\u00e9ation exceptionnelle, a \u00e9t\u00e9 m\u00e9ticuleusement con\u00e7u pour r\u00e9pondre aux besoins et aux aspirations des propri\u00e9taires de gymnases, des entra\u00eeneurs personnels et des amateurs de fitness qui aspirent \u00e0 \u00e9tablir une plate-forme en ligne enchanteresse pour pr\u00e9senter leurs services et produits remarquables. Charg\u00e9 d&rsquo;un design r\u00e9actif exquis et d&rsquo;un \u00e9ventail d&rsquo;\u00e9l\u00e9ments personnalisables, ce th\u00e8me offre une occasion in\u00e9gal\u00e9e d&rsquo;accentuer les fonctionnalit\u00e9s saillantes, les services et les prix de votre centre de fitness estim\u00e9. De plus, avec un assortiment de widgets et de plugins, y compris un plugin ing\u00e9nieux de calendrier, un plugin de r\u00e9servation pratique et une page de blog captivante, la fonctionnalit\u00e9 de votre site Web montera \u00e0 des hauteurs sans pr\u00e9c\u00e9dent. Int\u00e9grant de mani\u00e8re transparente les plateformes de m\u00e9dias sociaux, ce th\u00e8me remarquable vous permet de fa\u00e7onner une exp\u00e9rience de marque sur mesure qui est adapt\u00e9e \u00e0 l&rsquo;\u00e9thique unique de votre gymnase. En substance, le th\u00e8me WordPress de fitness est sans \u00e9quivoque la quintessence de l&rsquo;excellence, ce qui en fait le choix par excellence pour tous ceux qui d\u00e9sirent une pr\u00e9sence en ligne professionnelle et efficace pour leur \u00e9tablissement de fitness estim\u00e9.<\/p>\n<ul>\n<li>Un th\u00e8me personnalisable et moderne con\u00e7u sp\u00e9cifiquement pour les sites Web de fitness.<\/li>\n<li>Plusieurs variations de mod\u00e8les pr\u00e9-con\u00e7us disponibles pour une configuration et une personnalisation faciles.<\/li>\n<li>Des fonctionnalit\u00e9s int\u00e9gr\u00e9es telles que la r\u00e9servation de rendez-vous, les horaires de classe et les profils d&rsquo;entra\u00eeneurs personnels.<\/li>\n<li>Conception r\u00e9active pour une visualisation optimale sur tous les appareils.<\/li>\n<li>Int\u00e9gration avec des plugins de fitness populaires pour des fonctionnalit\u00e9s suppl\u00e9mentaires.<\/li>\n<li>L&rsquo;int\u00e9gration des m\u00e9dias sociaux pour se connecter facilement avec les clients et promouvoir les programmes de fitness.<\/li>\n<li>Des graphiques et des images de haute qualit\u00e9 inclus pour am\u00e9liorer l&rsquo;apparence globale du site Web.<\/li>\n<li>Optimisation du r\u00e9f\u00e9rencement pour aider \u00e0 am\u00e9liorer le classement des sites Web sur les moteurs de recherche.<\/li>\n<li>Interface facile \u00e0 utiliser pour les administrateurs de sites Web et les gestionnaires de contenu.<\/li>\n<li>Mises \u00e0 jour r\u00e9guli\u00e8res et support client pour assurer la meilleure exp\u00e9rience utilisateur possible.<\/li>\n<\/ul>\n","protected":false},"excerpt":{"rendered":"<p>Le th\u00e8me WordPress de Fitness Input propose une solution id\u00e9ale pour les personnes passionn\u00e9es par la forme physique et le d\u00e9sir d&rsquo;\u00e9tablir un site Web sophistiqu\u00e9 et esth\u00e9tique pour repr\u00e9senter leur gymnase, leurs services de formation personnelle ou leur studio de fitness. B\u00e9n\u00e9ficiant d&rsquo;un design \u00e9l\u00e9gant, de dispositions adaptables et de fonctionnalit\u00e9s r\u00e9actives, ce th\u00e8me assure une exp\u00e9rience conviviale tout en vous permettant de montrer sans effort votre large \u00e9ventail de services et de programmes de fitness. De plus, il fournit des pages pr\u00e9-con\u00e7ues sp\u00e9cifiquement d\u00e9di\u00e9es aux tables de tarification, aux t\u00e9moignages des clients et aux calendriers de classe. En utilisant le th\u00e8me WordPress de Fitness Input Fitness, vous pouvez construire sans effort un site Web qui incarne efficacement votre image de marque unique et incite les clients potentiels \u00e0 interagir avec votre entreprise de fitness.<\/p>\n","protected":false},"featured_media":143874,"comment_status":"open","ping_status":"open","template":"","meta":[],"product_brand":[2459],"product_cat":[1242,1212,1213],"product_tag":[2274],"class_list":{"0":"post-122986","1":"product","2":"type-product","3":"status-publish","4":"has-post-thumbnail","6":"product_brand-visualmodo","7":"product_cat-creatif","8":"product_cat-themes","9":"product_cat-wordpress-themes","10":"product_tag-visualmodo","11":"member-discount","12":"discount-restricted","14":"first","15":"instock","16":"sale","17":"downloadable","18":"virtual","19":"sold-individually","20":"purchasable","21":"product-type-simple"},"_links":{"self":[{"href":"https:\/\/gpl-love.com\/fr\/wp-json\/wp\/v2\/product\/122986","targetHints":{"allow":["GET"]}}],"collection":[{"href":"https:\/\/gpl-love.com\/fr\/wp-json\/wp\/v2\/product"}],"about":[{"href":"https:\/\/gpl-love.com\/fr\/wp-json\/wp\/v2\/types\/product"}],"replies":[{"embeddable":true,"href":"https:\/\/gpl-love.com\/fr\/wp-json\/wp\/v2\/comments?post=122986"}],"wp:featuredmedia":[{"embeddable":true,"href":"https:\/\/gpl-love.com\/fr\/wp-json\/wp\/v2\/media\/143874"}],"wp:attachment":[{"href":"https:\/\/gpl-love.com\/fr\/wp-json\/wp\/v2\/media?parent=122986"}],"wp:term":[{"taxonomy":"product_brand","embeddable":true,"href":"https:\/\/gpl-love.com\/fr\/wp-json\/wp\/v2\/product_brand?post=122986"},{"taxonomy":"product_cat","embeddable":true,"href":"https:\/\/gpl-love.com\/fr\/wp-json\/wp\/v2\/product_cat?post=122986"},{"taxonomy":"product_tag","embeddable":true,"href":"https:\/\/gpl-love.com\/fr\/wp-json\/wp\/v2\/product_tag?post=122986"}],"curies":[{"name":"wp","href":"https:\/\/api.w.org\/{rel}","templated":true}]}}