{"id":122984,"date":"2022-05-01T00:00:00","date_gmt":"2022-04-30T22:00:00","guid":{"rendered":"https:\/\/gpl-love.com\/fr\/produit\/edge-wordpress-theme\/"},"modified":"2026-03-20T23:02:48","modified_gmt":"2026-03-20T22:02:48","slug":"edge-wordpress-theme","status":"publish","type":"product","link":"https:\/\/gpl-love.com\/fr\/produit\/edge-wordpress-theme\/","title":{"rendered":"Edge WordPress Theme 11.0.4"},"content":{"rendered":"<h3>Edge WordPress Theme Traits<\/h3>\n<p>Le th\u00e8me Edge WordPress, r\u00e9put\u00e9 pour son haut niveau de personnalisation et d&rsquo;attrait visuel captivant, est un choix exemplaire pour ceux qui cherchent \u00e0 fa\u00e7onner des sites Web contemporains et professionnels. \u00c9quip\u00e9e d&rsquo;une interface de glisser-d\u00e9poser sans effort conviviale, ce th\u00e8me facilite sans effort la construction de sites Web de toute vari\u00e9t\u00e9, que ce soit des blogs et des portefeuilles ou des emporiums de commerce \u00e9lectronique et des domaines d&rsquo;entreprise. De plus, ce th\u00e8me poss\u00e8de une vaste gamme de mod\u00e8les pr\u00e9\u00e9tablis et de dispositions de page, acc\u00e9l\u00e9rant ainsi l&rsquo;initiation de vos efforts de conception Web. Il convient de noter que le th\u00e8me WordPress Edge, gr\u00e2ce \u00e0 sa conception r\u00e9active, garantit que votre site Web d\u00e9gage une esth\u00e9tique immacul\u00e9e \u00e0 travers une multitude d&rsquo;appareils, englobant des ordinateurs de bureau, des tablettes et des smartphones. En plus de ces traits extraordinaires, ce th\u00e8me offre acc\u00e8s \u00e0 une pl\u00e9thore d&rsquo;options de th\u00e8me puissantes, de widgets personnalis\u00e9s et de support complet pour les plugins recherch\u00e9s tels que WooCommerce et le formulaire de contact 7. Par cons\u00e9quent, que l&rsquo;on soit un concepteur Web amateur ou chevronn\u00e9 , le th\u00e8me Edge WordPress reste une s\u00e9lection exceptionnelle pour quiconque aspire \u00e0 forger un site Web visuellement \u00e9tonnant et fonctionnellement efficace, tout en se d\u00e9lectant de la simplicit\u00e9 pure qu&rsquo;elle offre.<\/p>\n<ul>\n<li>Design moderne et minimaliste<\/li>\n<li>Enti\u00e8rement r\u00e9actif, optimis\u00e9 pour tous les appareils et tailles d&rsquo;\u00e9cran<\/li>\n<li>Page d&rsquo;accueil personnalisable avec des zones de widgets et plusieurs options de disposition<\/li>\n<li>Faire glisser et d\u00e9poser le constructeur de page pour une personnalisation facile<\/li>\n<li>Portfolio int\u00e9gr\u00e9 et fonctionnalit\u00e9s de galerie<\/li>\n<li>SEO optimis\u00e9 pour un meilleur classement des moteurs de recherche<\/li>\n<li>Compatibilit\u00e9 WooCommerce pour une int\u00e9gration facile du commerce \u00e9lectronique<\/li>\n<li>Importation de d\u00e9monstration en un clic pour une configuration rapide et facile<\/li>\n<li>Traduction pr\u00eate avec la prise en charge de plusieurs langues<\/li>\n<li>Mises \u00e0 jour r\u00e9guli\u00e8res et \u00e9quipe de support d\u00e9di\u00e9e.<\/li>\n<\/ul>\n","protected":false},"excerpt":{"rendered":"<p>Si vous \u00eates \u00e0 la recherche d&rsquo;un design remarquablement \u00e9l\u00e9gant et contemporain pour montrer parfaitement votre contenu, alors le th\u00e8me WordPress Edge serait un choix exceptionnel pour vous. B\u00e9n\u00e9ficiant d&rsquo;une interface conviviale sans effort et d&rsquo;une vaste gamme de choix de personnalisation, ce th\u00e8me est vraiment un r\u00eave devenu r\u00e9alit\u00e9 pour quiconque s&rsquo;efforce de distinguer son site Web des autres. Peu importe que vous vous classiez comme blogueur, entrepreneur ou novice qui se lance dans son parcours en ligne, vous pouvez \u00eatre assur\u00e9 que le th\u00e8me WordPress Edge est tenu de laisser une impression ind\u00e9l\u00e9bile sur ceux qui tombent sur votre abode virtuel. Par cons\u00e9quent, pourquoi retarder davantage? Saisissez le moment et commencez votre aventure en ligne aujourd&rsquo;hui, propulsant votre site Web \u00e0 des hauteurs de succ\u00e8s sans pr\u00e9c\u00e9dent!<\/p>\n","protected":false},"featured_media":143669,"comment_status":"open","ping_status":"open","template":"","meta":[],"product_brand":[2459],"product_cat":[1242,1212,1213],"product_tag":[2274],"class_list":{"0":"post-122984","1":"product","2":"type-product","3":"status-publish","4":"has-post-thumbnail","6":"product_brand-visualmodo","7":"product_cat-creatif","8":"product_cat-themes","9":"product_cat-wordpress-themes","10":"product_tag-visualmodo","11":"member-discount","12":"discount-restricted","14":"first","15":"instock","16":"sale","17":"downloadable","18":"virtual","19":"sold-individually","20":"purchasable","21":"product-type-simple"},"_links":{"self":[{"href":"https:\/\/gpl-love.com\/fr\/wp-json\/wp\/v2\/product\/122984","targetHints":{"allow":["GET"]}}],"collection":[{"href":"https:\/\/gpl-love.com\/fr\/wp-json\/wp\/v2\/product"}],"about":[{"href":"https:\/\/gpl-love.com\/fr\/wp-json\/wp\/v2\/types\/product"}],"replies":[{"embeddable":true,"href":"https:\/\/gpl-love.com\/fr\/wp-json\/wp\/v2\/comments?post=122984"}],"wp:featuredmedia":[{"embeddable":true,"href":"https:\/\/gpl-love.com\/fr\/wp-json\/wp\/v2\/media\/143669"}],"wp:attachment":[{"href":"https:\/\/gpl-love.com\/fr\/wp-json\/wp\/v2\/media?parent=122984"}],"wp:term":[{"taxonomy":"product_brand","embeddable":true,"href":"https:\/\/gpl-love.com\/fr\/wp-json\/wp\/v2\/product_brand?post=122984"},{"taxonomy":"product_cat","embeddable":true,"href":"https:\/\/gpl-love.com\/fr\/wp-json\/wp\/v2\/product_cat?post=122984"},{"taxonomy":"product_tag","embeddable":true,"href":"https:\/\/gpl-love.com\/fr\/wp-json\/wp\/v2\/product_tag?post=122984"}],"curies":[{"name":"wp","href":"https:\/\/api.w.org\/{rel}","templated":true}]}}