{"id":122980,"date":"2022-05-01T00:00:00","date_gmt":"2022-04-30T22:00:00","guid":{"rendered":"https:\/\/gpl-love.com\/fr\/produit\/architect-wordpress-theme\/"},"modified":"2026-03-20T22:54:57","modified_gmt":"2026-03-20T21:54:57","slug":"architect-wordpress-theme","status":"publish","type":"product","link":"https:\/\/gpl-love.com\/fr\/produit\/architect-wordpress-theme\/","title":{"rendered":"Architect WordPress Theme 3.0.4"},"content":{"rendered":"<h3>Architect WordPress Theme Traits<\/h3>\n<p>Le th\u00e8me architecte WordPress poss\u00e8de une multitude d&rsquo;options personnalisables et une esth\u00e9tique polie, ce qui en fait un choix id\u00e9al pour les architectes, les designers d&rsquo;int\u00e9rieur et d&rsquo;autres individus imaginatifs dans l&rsquo;industrie cr\u00e9ative. B\u00e9n\u00e9ficiant d&rsquo;un \u00e9ventail de mod\u00e8les pr\u00e9-con\u00e7us et de dispositions de pages, ce th\u00e8me facilite l&rsquo;affichage sans effort de votre travail et services de mani\u00e8re esth\u00e9tiquement captivante. De plus, ce th\u00e8me a \u00e9t\u00e9 m\u00e9ticuleusement optimis\u00e9 pour les moteurs de recherche, garantissant que la client\u00e8le potentielle peut d\u00e9couvrir sans effort votre pr\u00e9sence en ligne. Que vous aspirez \u00e0 d\u00e9velopper un site Web sophistiqu\u00e9 pour votre entreprise ou que vous souhaitiez simplement montrer vos prouesses de conception sur Internet, le th\u00e8me architecte WordPress est une s\u00e9lection exceptionnelle.<\/p>\n<ul>\n<li>Con\u00e7u sp\u00e9cifiquement pour les architectes, ce th\u00e8me WordPress offre un look \u00e9l\u00e9gant et professionnel qui attirera imm\u00e9diatement l&rsquo;attention des clients potentiels.<\/li>\n<li>Le th\u00e8me est livr\u00e9 avec une gamme de mod\u00e8les pr\u00e9-con\u00e7us, vous donnant la flexibilit\u00e9 de cr\u00e9er un site Web qui refl\u00e8te votre marque et votre esth\u00e9tiques sp\u00e9cifiques.<\/li>\n<li>Le th\u00e8me est enti\u00e8rement r\u00e9actif, il aura donc fi\u00e8re allure sur n&rsquo;importe quel appareil ou taille d&rsquo;\u00e9cran, des ordinateurs de bureau aux smartphones.<\/li>\n<li>Il est livr\u00e9 avec des ic\u00f4nes int\u00e9gr\u00e9es de m\u00e9dias sociaux, vous permettant de vous connecter facilement avec votre public et de partager votre travail avec le monde.<\/li>\n<li>Les formulaires de contact int\u00e9gr\u00e9s permettent aux clients de contacter facilement, et le th\u00e8me est compatible avec une vari\u00e9t\u00e9 d&rsquo;autres plugins populaires, y compris WooCommerce pour les ventes en ligne.<\/li>\n<li>Le puissant panneau Options backend vous permet de personnaliser tout, de la palette de couleurs \u00e0 la typographie, en vous garantissant que votre site Web refl\u00e8te parfaitement votre marque.<\/li>\n<li>Le th\u00e8me est hautement optimis\u00e9 pour les moteurs de recherche, contribuant \u00e0 augmenter la visibilit\u00e9 de votre site Web et \u00e0 attirer plus de clients potentiels.<\/li>\n<li>Les mises \u00e0 jour r\u00e9guli\u00e8res et le support de premier ordre des d\u00e9veloppeurs exp\u00e9riment\u00e9s derri\u00e8re ce th\u00e8me garantissent que votre site Web restera toujours \u00e0 jour et fonctionnera en douceur.<\/li>\n<\/ul>\n","protected":false},"excerpt":{"rendered":"<p>D\u00e9couvrez notre th\u00e8me WordPress architecte polyvalent, con\u00e7u sp\u00e9cifiquement pour les professionnels de l&rsquo;industrie de l&rsquo;architecture. Ce th\u00e8me unique offre un design \u00e9l\u00e9gant et une vari\u00e9t\u00e9 de fonctionnalit\u00e9s robustes qui sont parfaites pour pr\u00e9senter vos projets et services architecturaux. Avec ce th\u00e8me, vous pouvez facilement personnaliser votre site Web avec des dispositions professionnelles, des images de haute qualit\u00e9 et des effets visuels dynamiques pour mettre en \u00e9vidence vos conceptions et concepts architecturaux. Ce th\u00e8me WordPress est \u00e9galement r\u00e9actif, garantissant que votre site Web semble impeccable sur n&rsquo;importe quel appareil. De plus, il est convivial pour am\u00e9liorer votre visibilit\u00e9 en ligne. Embrassez la puissance du th\u00e8me architecte WordPress aujourd&rsquo;hui et \u00e9levez votre entreprise architecturale \u00e0 de nouveaux sommets. D\u00e9couvrez une interface facile \u00e0 utiliser, une navigation transparente et une multitude d&rsquo;options de personnalisation qui impressionneront \u00e0 la fois vous et les visiteurs de votre site.<\/p>\n","protected":false},"featured_media":143152,"comment_status":"open","ping_status":"open","template":"","meta":[],"product_brand":[2459],"product_cat":[1242,1212,1213],"product_tag":[2274],"class_list":{"0":"post-122980","1":"product","2":"type-product","3":"status-publish","4":"has-post-thumbnail","6":"product_brand-visualmodo","7":"product_cat-creatif","8":"product_cat-themes","9":"product_cat-wordpress-themes","10":"product_tag-visualmodo","11":"member-discount","12":"discount-restricted","14":"first","15":"instock","16":"sale","17":"downloadable","18":"virtual","19":"sold-individually","20":"purchasable","21":"product-type-simple"},"_links":{"self":[{"href":"https:\/\/gpl-love.com\/fr\/wp-json\/wp\/v2\/product\/122980","targetHints":{"allow":["GET"]}}],"collection":[{"href":"https:\/\/gpl-love.com\/fr\/wp-json\/wp\/v2\/product"}],"about":[{"href":"https:\/\/gpl-love.com\/fr\/wp-json\/wp\/v2\/types\/product"}],"replies":[{"embeddable":true,"href":"https:\/\/gpl-love.com\/fr\/wp-json\/wp\/v2\/comments?post=122980"}],"wp:featuredmedia":[{"embeddable":true,"href":"https:\/\/gpl-love.com\/fr\/wp-json\/wp\/v2\/media\/143152"}],"wp:attachment":[{"href":"https:\/\/gpl-love.com\/fr\/wp-json\/wp\/v2\/media?parent=122980"}],"wp:term":[{"taxonomy":"product_brand","embeddable":true,"href":"https:\/\/gpl-love.com\/fr\/wp-json\/wp\/v2\/product_brand?post=122980"},{"taxonomy":"product_cat","embeddable":true,"href":"https:\/\/gpl-love.com\/fr\/wp-json\/wp\/v2\/product_cat?post=122980"},{"taxonomy":"product_tag","embeddable":true,"href":"https:\/\/gpl-love.com\/fr\/wp-json\/wp\/v2\/product_tag?post=122980"}],"curies":[{"name":"wp","href":"https:\/\/api.w.org\/{rel}","templated":true}]}}