{"id":122907,"date":"2025-12-11T00:00:00","date_gmt":"2025-12-10T23:00:00","guid":{"rendered":"https:\/\/gpl-love.com\/fr\/produit\/woocommerce-authorizenet-cim\/"},"modified":"2026-03-28T23:31:03","modified_gmt":"2026-03-28T22:31:03","slug":"woocommerce-authorizenet-cim","status":"publish","type":"product","link":"https:\/\/gpl-love.com\/fr\/produit\/woocommerce-authorizenet-cim\/","title":{"rendered":"WooCommerce Authorize.net CIM 3.10.15"},"content":{"rendered":"<h3>WooCommerce Authorize.net CIM Traits<\/h3>\n<p>Le WooCommerce Authorize.net CIM est une passerelle de paiement incroyablement robuste qui sert \u00e0 rationaliser l&rsquo;int\u00e9gralit\u00e9 du processus de paiement pour les d\u00e9taillants en ligne, am\u00e9liorant ainsi consid\u00e9rablement leur efficacit\u00e9 globale. Cette int\u00e9gration tr\u00e8s recherch\u00e9e offre aux clients la capacit\u00e9 remarquable de stocker en toute s\u00e9curit\u00e9 leurs pr\u00e9cieuses informations de paiement, facilitant ainsi l&rsquo;ach\u00e8vement des achats futurs de mani\u00e8re remarquablement sans effort. Il est \u00e9galement important de r\u00e9aliser que l&rsquo;Autorize.net CIM garantit que les commer\u00e7ants sont accord\u00e9s aux m\u00e9canismes de protection contre la fraude les plus avanc\u00e9s disponibles sur le march\u00e9 aujourd&rsquo;hui, garantissant ainsi la plus grande s\u00e9curit\u00e9 et la s\u00e9curit\u00e9 de leurs pr\u00e9cieuses transactions. En outre, cette int\u00e9gration permet m\u00eame aux commer\u00e7ants de personnaliser leurs options de paiement dans une large mesure, r\u00e9pondant ainsi aux besoins divers et uniques de leurs entreprises respectives. En profitant de cette extension exceptionnelle, les d\u00e9taillants peuvent vraiment fournir \u00e0 leurs clients estim\u00e9s une exp\u00e9rience de paiement impeccablement transparente, en veillant \u00e0 ce que chaque transaction soit effectu\u00e9e de la mani\u00e8re la plus s\u00fbre et la plus s\u00fbre possible.<\/p>\n<ul>\n<li>Int\u00e9grez de mani\u00e8re transparente votre magasin WooCommerce avec Authorize.net CIM pour un syst\u00e8me de traitement des paiements s\u00e9curis\u00e9.<\/li>\n<li>Ajoutez un nouveau niveau de commodit\u00e9 pour les clients en leur permettant d&rsquo;\u00e9conomiser leurs informations de paiement \u00e0 leurs profils CIM.<\/li>\n<li>R\u00e9duisez les exigences de conformit\u00e9 PCI et simplifiez le paiement avec l&rsquo;int\u00e9gration de redirection transparente.<\/li>\n<li>Profitez d&rsquo;une gestion facile des profils de clients et des informations de paiement via le tableau de bord WooCommerce.<\/li>\n<li>De puissants outils de d\u00e9tection de fraude et de pr\u00e9vention pour assurer la s\u00e9curit\u00e9 de votre magasin et de vos clients.<\/li>\n<li>Personnalisez votre exp\u00e9rience de paiement avec diff\u00e9rents formulaires et styles avec l&rsquo;\u00e9diteur de style int\u00e9gr\u00e9.<\/li>\n<li>Acceptez un large \u00e9ventail de m\u00e9thodes de paiement, y compris toutes les principales cartes de cr\u00e9dit et ch\u00e8ques \u00e9lectroniques.<\/li>\n<li>Offrez aux clients l&rsquo;option pour vous abonner \u00e0 des paiements r\u00e9currents pour plus de commodit\u00e9.<\/li>\n<li>G\u00e9rez facilement les paiements d&rsquo;abonnement avec des fonctionnalit\u00e9s int\u00e9gr\u00e9es.<\/li>\n<li>Soutien professionnel et conseils de l&rsquo;\u00e9quipe WooCommerce pour vous aider \u00e0 tirer le meilleur parti de votre int\u00e9gration Authorize.net CIM.<\/li>\n<\/ul>\n","protected":false},"excerpt":{"rendered":"<p>Le WooCommerce autorise.net CIM est un plugin exceptionnellement polyvalent et tr\u00e8s fiable qui sert le but crucial de faciliter les paiements par carte de cr\u00e9dit pour les magasins en ligne de mani\u00e8re sans effort et sans s\u00e9curisation. En permettant aux clients de stocker facilement leurs informations sur la carte de cr\u00e9dit pour les transactions futures, cet outil indispensable acc\u00e9l\u00e9re non seulement le processus de paiement, mais assure \u00e9galement sa paille. De plus, il offre l&rsquo;avantage suppl\u00e9mentaire de s&rsquo;adapter aux paiements et remboursements r\u00e9currents. Compos\u00e9 avec son int\u00e9gration transparente avec WooCommerce et sa capacit\u00e9 \u00e0 prendre en charge plusieurs devises, ce plugin exceptionnel appara\u00eet comme un choix impeccable pour les entreprises en ligne engag\u00e9es dans des transactions internationales. B\u00e9n\u00e9ficiant d&rsquo;une gamme de fonctionnalit\u00e9s de s\u00e9curit\u00e9 robustes et avec une interface conviviale, la WooCommerce autorise.net CIM s&rsquo;av\u00e8re \u00eatre la solution par excellence pour toute boutique en ligne le d\u00e9sir d&rsquo;optimiser et de rationaliser ses efforts de traitement des paiements.<\/p>\n","protected":false},"featured_media":145811,"comment_status":"open","ping_status":"open","template":"","meta":[],"product_brand":[2440],"product_cat":[1182,1223,1181],"product_tag":[1398],"class_list":{"0":"post-122907","1":"product","2":"type-product","3":"status-publish","4":"has-post-thumbnail","6":"product_brand-woocommerce","7":"product_cat-commerce-electronique-plugins","8":"product_cat-personnalisation-commerce-electronique-plugins","9":"product_cat-plugins","10":"product_tag-woocommerce","11":"member-discount","12":"discount-restricted","14":"first","15":"instock","16":"sale","17":"downloadable","18":"virtual","19":"sold-individually","20":"purchasable","21":"product-type-simple"},"_links":{"self":[{"href":"https:\/\/gpl-love.com\/fr\/wp-json\/wp\/v2\/product\/122907","targetHints":{"allow":["GET"]}}],"collection":[{"href":"https:\/\/gpl-love.com\/fr\/wp-json\/wp\/v2\/product"}],"about":[{"href":"https:\/\/gpl-love.com\/fr\/wp-json\/wp\/v2\/types\/product"}],"replies":[{"embeddable":true,"href":"https:\/\/gpl-love.com\/fr\/wp-json\/wp\/v2\/comments?post=122907"}],"wp:featuredmedia":[{"embeddable":true,"href":"https:\/\/gpl-love.com\/fr\/wp-json\/wp\/v2\/media\/145811"}],"wp:attachment":[{"href":"https:\/\/gpl-love.com\/fr\/wp-json\/wp\/v2\/media?parent=122907"}],"wp:term":[{"taxonomy":"product_brand","embeddable":true,"href":"https:\/\/gpl-love.com\/fr\/wp-json\/wp\/v2\/product_brand?post=122907"},{"taxonomy":"product_cat","embeddable":true,"href":"https:\/\/gpl-love.com\/fr\/wp-json\/wp\/v2\/product_cat?post=122907"},{"taxonomy":"product_tag","embeddable":true,"href":"https:\/\/gpl-love.com\/fr\/wp-json\/wp\/v2\/product_tag?post=122907"}],"curies":[{"name":"wp","href":"https:\/\/api.w.org\/{rel}","templated":true}]}}