{"id":122704,"date":"2026-02-24T00:00:00","date_gmt":"2026-02-23T23:00:00","guid":{"rendered":"https:\/\/gpl-love.com\/fr\/produit\/advanced-flat-rate-shipping-method-pour-woocommerce\/"},"modified":"2026-03-20T22:53:38","modified_gmt":"2026-03-20T21:53:38","slug":"advanced-flat-rate-shipping-method-pour-woocommerce","status":"publish","type":"product","link":"https:\/\/gpl-love.com\/fr\/produit\/advanced-flat-rate-shipping-method-pour-woocommerce\/","title":{"rendered":"Advanced Flat Rate Shipping Method pour WooCommerce 4.7.10"},"content":{"rendered":"<h3>Advanced Flat Rate Shipping Method pour WooCommerce Traits<\/h3>\n<p>La m\u00e9thode d&rsquo;exp\u00e9dition \u00e0 taux forfaitaire avanc\u00e9 pour WooCommerce est une extension extr\u00eamement robuste qui accorde aux commer\u00e7ants la capacit\u00e9 de configurer sans effort des m\u00e9thodes d&rsquo;exp\u00e9dition personnalis\u00e9es fond\u00e9es sur une multitude de facteurs. Cette prolongation vous permet d&rsquo;\u00e9tablir des alternatives d&rsquo;exp\u00e9dition \u00e0 taux forfaitaire pour des produits, des cat\u00e9gories et des zones d&rsquo;exp\u00e9dition distincts, tout en permettant \u00e0 la cr\u00e9ation de r\u00e8gles fond\u00e9es sur le poids, le prix et la quantit\u00e9. En outre, cette extension fournit des choix avanc\u00e9s pour le calcul des frais d&rsquo;exp\u00e9dition, le comprenant des prix \u00e0 plusieurs niveaux, des frais de traitement et une pl\u00e9thore d&rsquo;autres fonctionnalit\u00e9s. De plus, il b\u00e9n\u00e9ficie d&rsquo;un support complet pour les march\u00e9s multi-vendeurs, ce qui en fait une s\u00e9lection exemplaire pour les entreprises comprenant plusieurs vendeurs. Compte tenu de son interface conviviale et de ses param\u00e8tres hautement adaptables, la m\u00e9thode de livraison forfaitaire avanc\u00e9e pour WooCommerce est un outil indispensable pour tout emporium virtuel qui cherche \u00e0 rationaliser ses proc\u00e9dures d&rsquo;exp\u00e9dition et \u00e0 am\u00e9liorer l&rsquo;exp\u00e9rience client globale.<\/p>\n<ul>\n<li>Fournit des options d&rsquo;exp\u00e9dition \u00e0 taux forfaitaire avanc\u00e9 pour les sites Web WooCommerce<\/li>\n<li>Permet aux utilisateurs de configurer plusieurs m\u00e9thodes d&rsquo;exp\u00e9dition \u00e0 taux forfaitaire en fonction de diff\u00e9rents crit\u00e8res<\/li>\n<li>Les crit\u00e8res peuvent inclure des cat\u00e9gories de destination, de commande totale, de poids ou de produits<\/li>\n<li>A une interface simple et facile \u00e0 utiliser pour la configuration des m\u00e9thodes d&rsquo;exp\u00e9dition<\/li>\n<li>Offre une documentation d\u00e9taill\u00e9e et une prise en charge des utilisateurs<\/li>\n<li>Aide les entreprises \u00e0 offrir des options d&rsquo;exp\u00e9dition flexibles et pr\u00e9cises \u00e0 leurs clients<\/li>\n<li>Peut am\u00e9liorer la satisfaction globale des clients et augmenter les ventes en offrant des frais d&rsquo;exp\u00e9dition \u00e9quitables et transparents<\/li>\n<li>Est compatible avec une large gamme d&rsquo;extensions et de th\u00e8mes de woocommerce<\/li>\n<li>Peut \u00eatre personnalis\u00e9 pour r\u00e9pondre aux besoins des entreprises individuelles et aux pr\u00e9f\u00e9rences d&rsquo;exp\u00e9dition<\/li>\n<li>Offre des \u00e9conomies de co\u00fbts potentielles pour les entreprises en \u00e9liminant le besoin d&rsquo;extensions ou de services d&rsquo;exp\u00e9dition tiers.<\/li>\n<\/ul>\n","protected":false},"excerpt":{"rendered":"<p>La m\u00e9thode d&rsquo;exp\u00e9dition \u00e0 taux forfaitaire avanc\u00e9 pour WooCommerce est un plugin robuste qui propose une plate-forme conviviale pour int\u00e9grer un syst\u00e8me d&rsquo;exp\u00e9dition \u00e0 taux forfaitaire dans les magasins en ligne. Ce plugin WooCommerce Robust fournit une multitude d&rsquo;alternatives de prix pour WooCommerce, ce qui en fait un outil flexible pour configurer des r\u00e9glementations d&rsquo;exp\u00e9dition personnalisables.<\/p>\n<p>La fonctionnalit\u00e9 unique du plugin permet aux utilisateurs d&rsquo;\u00e9tablir des tarifs d&rsquo;exp\u00e9dition en fonction du poids, du total de la commande et de la cat\u00e9gorie de produits. Cette fonctionnalit\u00e9 apporte une flexibilit\u00e9 accrue dans l&rsquo;exp\u00e9dition WooCommerce et une pr\u00e9cision in\u00e9gal\u00e9e des frais d&rsquo;exp\u00e9dition.<\/p>\n<p>L&rsquo;adaptabilit\u00e9 du plugin garantit que le calcul des frais d&rsquo;exp\u00e9dition avec WooCommerce est pratique et pr\u00e9cis. De plus, ce plugin WooCommerce de haut calibre permet aux utilisateurs d&rsquo;optimiser leurs proc\u00e9dures d&rsquo;exp\u00e9dition avec WooCommerce, r\u00e9sultant en une exp\u00e9rience d&rsquo;achat WooCommerce rationalis\u00e9e et sans tracas pour leurs clients.<\/p>\n<p>En r\u00e9sum\u00e9, la m\u00e9thode de livraison forfaitaire avanc\u00e9e pour WooCommerce est un plugin remarquable qui propose non seulement un syst\u00e8me d&rsquo;exp\u00e9dition \u00e0 taux forfaitaire pour les magasins en ligne, mais fournit \u00e9galement un plugin WooCommerce convivial pour la flexibilit\u00e9 et la pr\u00e9cision.<\/p>\n","protected":false},"featured_media":143064,"comment_status":"open","ping_status":"open","template":"","meta":[],"product_brand":[2440],"product_cat":[1182,1223,1181],"product_tag":[1398],"class_list":{"0":"post-122704","1":"product","2":"type-product","3":"status-publish","4":"has-post-thumbnail","6":"product_brand-woocommerce","7":"product_cat-commerce-electronique-plugins","8":"product_cat-personnalisation-commerce-electronique-plugins","9":"product_cat-plugins","10":"product_tag-woocommerce","11":"member-discount","12":"discount-restricted","14":"first","15":"instock","16":"sale","17":"downloadable","18":"virtual","19":"sold-individually","20":"purchasable","21":"product-type-simple"},"_links":{"self":[{"href":"https:\/\/gpl-love.com\/fr\/wp-json\/wp\/v2\/product\/122704","targetHints":{"allow":["GET"]}}],"collection":[{"href":"https:\/\/gpl-love.com\/fr\/wp-json\/wp\/v2\/product"}],"about":[{"href":"https:\/\/gpl-love.com\/fr\/wp-json\/wp\/v2\/types\/product"}],"replies":[{"embeddable":true,"href":"https:\/\/gpl-love.com\/fr\/wp-json\/wp\/v2\/comments?post=122704"}],"wp:featuredmedia":[{"embeddable":true,"href":"https:\/\/gpl-love.com\/fr\/wp-json\/wp\/v2\/media\/143064"}],"wp:attachment":[{"href":"https:\/\/gpl-love.com\/fr\/wp-json\/wp\/v2\/media?parent=122704"}],"wp:term":[{"taxonomy":"product_brand","embeddable":true,"href":"https:\/\/gpl-love.com\/fr\/wp-json\/wp\/v2\/product_brand?post=122704"},{"taxonomy":"product_cat","embeddable":true,"href":"https:\/\/gpl-love.com\/fr\/wp-json\/wp\/v2\/product_cat?post=122704"},{"taxonomy":"product_tag","embeddable":true,"href":"https:\/\/gpl-love.com\/fr\/wp-json\/wp\/v2\/product_tag?post=122704"}],"curies":[{"name":"wp","href":"https:\/\/api.w.org\/{rel}","templated":true}]}}