{"id":122702,"date":"2025-10-13T00:00:00","date_gmt":"2025-10-12T22:00:00","guid":{"rendered":"https:\/\/gpl-love.com\/fr\/produit\/papr-news-magazine\/"},"modified":"2026-03-20T23:30:59","modified_gmt":"2026-03-20T22:30:59","slug":"papr-news-magazine","status":"publish","type":"product","link":"https:\/\/gpl-love.com\/fr\/produit\/papr-news-magazine\/","title":{"rendered":"Papr News Magazine 1.5.3"},"content":{"rendered":"<h3>Papr News Magazine Traits<\/h3>\n<p>PAPR News Magazine, une publication compl\u00e8te et informative, s&rsquo;adresse \u00e0 un large public en pr\u00e9sentant l&rsquo;actualit\u00e9 actuelle et en captivant des articles provenant de diverses origines. B\u00e9n\u00e9ficiant d&rsquo;une perspective mondiale tout en incorporant \u00e9galement les r\u00e9cits locaux, Papr News Magazine se targue de sa gamme diversifi\u00e9e de sujets, garantissant aux lecteurs une pl\u00e9thore de sujets parmi lesquels s\u00e9lectionner. Le contenu du magazine b\u00e9n\u00e9ficie de la conservation m\u00e9ticuleuse d&rsquo;une \u00e9quipe de journalistes chevronn\u00e9s qui offrent une analyse profonde et des commentaires perceptifs sur les \u00e9v\u00e9nements en cours. De plus, chaque probl\u00e8me est orn\u00e9 d&rsquo;images visuellement \u00e9poustouflantes et de pages de mani\u00e8re r\u00e9fl\u00e9chie, augmentant l&rsquo;exp\u00e9rience de lecture globale. De plus, avec son accessibilit\u00e9 num\u00e9rique, le magazine accueille les lecteurs qui sont constamment en mouvement, leur accordant un acc\u00e8s sans effort. Essentiellement, Papr News Magazine est une source indispensable d&rsquo;informations, s&rsquo;adressant \u00e0 quiconque cherche \u00e0 rester bien inform\u00e9 en ce qui concerne les nouvelles et les \u00e9v\u00e9nements les plus r\u00e9centes.<\/p>\n<ul>\n<li>Publication hebdomadaire mettant en vedette des nouvelles et des analyses approfondies<\/li>\n<li>Large \u00e9ventail de sujets couverts, y compris la politique, les affaires, la culture et les nouvelles internationales<\/li>\n<li>Journalisme de qualit\u00e9 de journalistes et \u00e9crivains exp\u00e9riment\u00e9s<\/li>\n<li>Disposition magnifiquement con\u00e7ue et visuellement engageante<\/li>\n<li>Parfait pour les lecteurs qui pr\u00e9f\u00e8rent une exp\u00e9rience de lecture plus tactile<\/li>\n<li>Acc\u00e8s gratuit aux archives en ligne et \u00e0 la version num\u00e9rique du magazine<\/li>\n<li>Table des mati\u00e8res et indexes faciles \u00e0 naviguer pour r\u00e9f\u00e9rence rapide<\/li>\n<li>Des fonctionnalit\u00e9s r\u00e9guli\u00e8res telles que des pi\u00e8ces d&rsquo;opinion et des critiques de livres<\/li>\n<li>Un contenu sans publicit\u00e9 garantit une exp\u00e9rience de lecture ininterrompue<\/li>\n<li>Disponible \u00e0 l&rsquo;achat par abonnement ou chez certains d\u00e9taillants.<\/li>\n<\/ul>\n","protected":false},"excerpt":{"rendered":"<p>PAPR News Magazine, r\u00e9put\u00e9 comme pourvoyeur primordial des nouvelles m\u00e9ticuleusement organis\u00e9es, couvre un vaste \u00e9ventail de sujets allant des subtilit\u00e9s de la politique et des subtilit\u00e9s de la technologie aux domaines captivants du divertissement et aux aspects multiformes du style de vie. B\u00e9n\u00e9ficiant d&rsquo;un ensemble de journalistes chevronn\u00e9s et d&rsquo;\u00e9crivains adeptes, Papr News Magazine dispense constamment des perspectives in\u00e9gal\u00e9es, des examens complets et des r\u00e9cits passionnants qui assurent efficacement votre conscience et votre amusement constants. Que vos pr\u00e9f\u00e9rences de lecture se penchent vers l&rsquo;attrait tangible des publications imprim\u00e9es ou l&rsquo;attrait intangible des m\u00e9dias num\u00e9riques, Papr News Magazine pr\u00e9sente un conduit d&rsquo;avant-garde et facilement accessible pour rester impeccablement vers\u00e9 dans les derniers d\u00e9veloppements et occurrences en cours.<\/p>\n","protected":false},"featured_media":144936,"comment_status":"open","ping_status":"open","template":"","meta":[],"product_brand":[2433],"product_cat":[1220,1212,1213],"product_tag":[1366],"class_list":{"0":"post-122702","1":"product","2":"type-product","3":"status-publish","4":"has-post-thumbnail","6":"product_brand-themeforest","7":"product_cat-blog-magazine","8":"product_cat-themes","9":"product_cat-wordpress-themes","10":"product_tag-themeforest","11":"member-discount","12":"discount-restricted","14":"first","15":"instock","16":"sale","17":"downloadable","18":"virtual","19":"sold-individually","20":"purchasable","21":"product-type-simple"},"_links":{"self":[{"href":"https:\/\/gpl-love.com\/fr\/wp-json\/wp\/v2\/product\/122702","targetHints":{"allow":["GET"]}}],"collection":[{"href":"https:\/\/gpl-love.com\/fr\/wp-json\/wp\/v2\/product"}],"about":[{"href":"https:\/\/gpl-love.com\/fr\/wp-json\/wp\/v2\/types\/product"}],"replies":[{"embeddable":true,"href":"https:\/\/gpl-love.com\/fr\/wp-json\/wp\/v2\/comments?post=122702"}],"wp:featuredmedia":[{"embeddable":true,"href":"https:\/\/gpl-love.com\/fr\/wp-json\/wp\/v2\/media\/144936"}],"wp:attachment":[{"href":"https:\/\/gpl-love.com\/fr\/wp-json\/wp\/v2\/media?parent=122702"}],"wp:term":[{"taxonomy":"product_brand","embeddable":true,"href":"https:\/\/gpl-love.com\/fr\/wp-json\/wp\/v2\/product_brand?post=122702"},{"taxonomy":"product_cat","embeddable":true,"href":"https:\/\/gpl-love.com\/fr\/wp-json\/wp\/v2\/product_cat?post=122702"},{"taxonomy":"product_tag","embeddable":true,"href":"https:\/\/gpl-love.com\/fr\/wp-json\/wp\/v2\/product_tag?post=122702"}],"curies":[{"name":"wp","href":"https:\/\/api.w.org\/{rel}","templated":true}]}}