{"id":122700,"date":"2025-09-16T00:00:00","date_gmt":"2025-09-15T22:00:00","guid":{"rendered":"https:\/\/gpl-love.com\/fr\/produit\/gravity-flow-form-connector-extension\/"},"modified":"2026-03-20T23:17:29","modified_gmt":"2026-03-20T22:17:29","slug":"gravity-flow-form-connector-extension","status":"publish","type":"product","link":"https:\/\/gpl-love.com\/fr\/produit\/gravity-flow-form-connector-extension\/","title":{"rendered":"Gravity Flow Form Connector Extension 2.8.0"},"content":{"rendered":"<h3>Gravity Flow Form Connector Extension Traits<\/h3>\n<p>L&rsquo;extension du connecteur de formulaire de flux de gravit\u00e9 est un outil indispensable pour les personnes qui cherchent \u00e0 optimiser et \u00e0 rationaliser leurs processus de flux de travail. Il offre la commodit\u00e9 de lier sans effort vos formulaires de gravit\u00e9 \u00e0 une gamme diversifi\u00e9e de services tels que Salesforce, MailChimp et PayPal. Cela att\u00e9nue le fardeau des donn\u00e9es manuelles dans ces diff\u00e9rentes plateformes, pr\u00e9servant ainsi un temps et un effort pr\u00e9cieux. De plus, cette extension poss\u00e8de une interface incroyablement conviviale, permettant une connectivit\u00e9 transparente entre vos formulaires et les services souhait\u00e9s. Que vous soyez un propri\u00e9taire d&rsquo;entreprise visant \u00e0 am\u00e9liorer l&rsquo;efficacit\u00e9 op\u00e9rationnelle ou un d\u00e9veloppeur cherchant \u00e0 simplifier les flux de travail complexes, l&rsquo;extension du connecteur de formulaire de flux de gravit\u00e9 est une ressource inestimable qui vous permet de gagner du temps, d&rsquo;att\u00e9nuer les erreurs et d&rsquo;am\u00e9liorer la productivit\u00e9 globale.<\/p>\n<ul>\n<li>Fournit un moyen facile et s\u00e9curis\u00e9 de connecter les formulaires d&rsquo;\u00e9coulement de gravit\u00e9 et d&rsquo;\u00e9tendre leur port\u00e9e<\/li>\n<li>Permet une installation rapide et sans effort sans n\u00e9cessiter d&rsquo;outils ou de comp\u00e9tences sp\u00e9ciales<\/li>\n<li>Fabriqu\u00e9 de mat\u00e9riaux de haute qualit\u00e9 qui assurent une durabilit\u00e9 durable et des performances fiables<\/li>\n<li>Compatible avec une large gamme de formes d&rsquo;\u00e9coulement de gravit\u00e9 et d&rsquo;autres syst\u00e8mes de plomberie<\/li>\n<li>Disponible en diff\u00e9rentes tailles pour s&rsquo;adapter \u00e0 diff\u00e9rents types de formulaires d&rsquo;\u00e9coulement et r\u00e9pondre aux exigences d&rsquo;installation variables<\/li>\n<li>Aide \u00e0 maintenir un d\u00e9bit d&rsquo;eau optimal dans tous les syst\u00e8mes de plomberie et r\u00e9duit le risque de fuites ou de ruptures<\/li>\n<li>Con\u00e7u pour emp\u00eacher le colmatage et faciliter le d\u00e9bit d&rsquo;eau plus lisse en \u00e9liminant toutes les obstructions et les reflux<\/li>\n<li>L\u00e9ger et compact, ce qui facilite le stockage et le transport vers diff\u00e9rents endroits en cas de besoin.<\/li>\n<\/ul>\n","protected":false},"excerpt":{"rendered":"<p>L&rsquo;extension du connecteur de formulaire de flux de gravit\u00e9 est un accessoire incroyablement pratique, qui poss\u00e8de la capacit\u00e9 remarquable \u00e0 am\u00e9liorer \u00e0 la fois la fonctionnalit\u00e9 et la polyvalence de vos formes d&rsquo;\u00e9coulement de gravit\u00e9. Cette magnifique extension vous permet d&rsquo;interconnecter sans effort plusieurs formes, facilitant ainsi un transfert de donn\u00e9es transparente et efficace, tout en vous permettant simultan\u00e9ment d&rsquo;\u00e9tablir un syst\u00e8me organisationnel bien structur\u00e9. B\u00e9n\u00e9ficiant d&rsquo;une interface intuitivement con\u00e7ue et d&rsquo;un processus d&rsquo;installation convivial sans effort, l&rsquo;extension du connecteur du formulaire de flux de gravit\u00e9 est sans aucun doute un atout indispensable pour tous ceux qui cherchent \u00e0 optimiser leur flux de travail et \u00e0 maximiser l&rsquo;efficacit\u00e9 op\u00e9rationnelle globale.<\/p>\n","protected":false},"featured_media":144047,"comment_status":"open","ping_status":"open","template":"","meta":[],"product_brand":[2564],"product_cat":[1187,1181,1186],"product_tag":[2312],"class_list":{"0":"post-122700","1":"product","2":"type-product","3":"status-publish","4":"has-post-thumbnail","6":"product_brand-gravity-flow","7":"product_cat-administration-wordpress-plugins","8":"product_cat-plugins","9":"product_cat-wordpress-plugins","10":"product_tag-gravity-flow","11":"member-discount","12":"discount-restricted","14":"first","15":"instock","16":"sale","17":"downloadable","18":"virtual","19":"sold-individually","20":"purchasable","21":"product-type-simple"},"_links":{"self":[{"href":"https:\/\/gpl-love.com\/fr\/wp-json\/wp\/v2\/product\/122700","targetHints":{"allow":["GET"]}}],"collection":[{"href":"https:\/\/gpl-love.com\/fr\/wp-json\/wp\/v2\/product"}],"about":[{"href":"https:\/\/gpl-love.com\/fr\/wp-json\/wp\/v2\/types\/product"}],"replies":[{"embeddable":true,"href":"https:\/\/gpl-love.com\/fr\/wp-json\/wp\/v2\/comments?post=122700"}],"wp:featuredmedia":[{"embeddable":true,"href":"https:\/\/gpl-love.com\/fr\/wp-json\/wp\/v2\/media\/144047"}],"wp:attachment":[{"href":"https:\/\/gpl-love.com\/fr\/wp-json\/wp\/v2\/media?parent=122700"}],"wp:term":[{"taxonomy":"product_brand","embeddable":true,"href":"https:\/\/gpl-love.com\/fr\/wp-json\/wp\/v2\/product_brand?post=122700"},{"taxonomy":"product_cat","embeddable":true,"href":"https:\/\/gpl-love.com\/fr\/wp-json\/wp\/v2\/product_cat?post=122700"},{"taxonomy":"product_tag","embeddable":true,"href":"https:\/\/gpl-love.com\/fr\/wp-json\/wp\/v2\/product_tag?post=122700"}],"curies":[{"name":"wp","href":"https:\/\/api.w.org\/{rel}","templated":true}]}}