{"id":122698,"date":"2025-11-20T00:00:00","date_gmt":"2025-11-19T23:00:00","guid":{"rendered":"https:\/\/gpl-love.com\/fr\/produit\/gravity-perks-notification-scheduler\/"},"modified":"2026-03-20T23:18:35","modified_gmt":"2026-03-20T22:18:35","slug":"gravity-perks-notification-scheduler","status":"publish","type":"product","link":"https:\/\/gpl-love.com\/fr\/produit\/gravity-perks-notification-scheduler\/","title":{"rendered":"Gravity Perks Notification Scheduler 1.3.17"},"content":{"rendered":"<h3>Gravity Perks Notification Scheduler Traits<\/h3>\n<p>Gravity Perks Notification Scheduler est un outil incroyablement robuste et avanc\u00e9 qui offre aux utilisateurs la possibilit\u00e9 d&rsquo;automatiser enti\u00e8rement leur syst\u00e8me de notification pour les formulaires de gravit\u00e9. En utilisant ce module compl\u00e9mentaire remarquable, les individus peuvent planifier sans effort les notifications \u00e0 envoyer \u00e0 des moments, des intervalles ou des dates pr\u00e9cis, ce qui a entra\u00een\u00e9 un niveau d&rsquo;organisation accru et une capacit\u00e9 am\u00e9lior\u00e9e \u00e0 g\u00e9rer efficacement une communication importante. Avec la mise en \u0153uvre du planificateur de notification, les utilisateurs ont la capacit\u00e9 in\u00e9gal\u00e9e d&rsquo;adapter le contenu, le destinataire, la ligne d&rsquo;objet et m\u00eame l&rsquo;attachement de leurs notifications, garantissant ainsi une exp\u00e9rience vraiment personnalis\u00e9e et distinctive pour leurs pr\u00e9cieux clients ou clients. Cet outil ing\u00e9nieux et de pointe simplifie et rationalise non seulement le processus souvent complexe d&rsquo;envoi de notifications, mais il augmente \u00e9galement consid\u00e9rablement l&rsquo;efficacit\u00e9 et la productivit\u00e9 globales. Par cons\u00e9quent, il est ind\u00e9niable que le planificateur de notification de Gravity Perks est un actif indispensable pour toute entreprise ou organisation exigeante cherchant \u00e0 optimiser et \u00e0 rationaliser leur flux de travail.<\/p>\n<ul>\n<li>Planifiez les notifications \u00e0 envoyer automatiquement \u00e0 des moments pr\u00e9cis<\/li>\n<li>Configurer des messages de notification personnalis\u00e9s pour chaque heure planifi\u00e9e<\/li>\n<li>Automatiser les rappels pour des \u00e9v\u00e9nements importants ou des d\u00e9lais<\/li>\n<li>Int\u00e9grez aux services de courrier \u00e9lectronique, de SMS ou de notification push<\/li>\n<li>G\u00e9rer et \u00e9diter facilement les notifications planifi\u00e9es dans un seul emplacement central<\/li>\n<li>Compatible avec Gravity Forms, un plugin de g\u00e9n\u00e9rateur de formulaires populaire pour WordPress<\/li>\n<li>Aucun codage requis pour configurer ou utiliser le planificateur de notification<\/li>\n<li>Am\u00e9liorer la communication et la productivit\u00e9 en automatisant les notifications de routine<\/li>\n<li>Recevoir des rapports et des analyses en temps r\u00e9el sur les performances de notification<\/li>\n<\/ul>\n","protected":false},"excerpt":{"rendered":"<p>Le planificateur de notification, une fonctionnalit\u00e9 fournie par Gravity Perks, permet aux utilisateurs de leur accorder la capacit\u00e9 de planifier des notifications \u00e0 exp\u00e9dier \u00e0 des moments et des dates pr\u00e9cis. Cet outil hautement adaptable facilite la personnalisation sans effort des mod\u00e8les de messagerie, permettant aux utilisateurs de configurer des notifications d\u00e9clench\u00e9es par divers \u00e9v\u00e9nements, tels que les soumissions de formulaire ou l&rsquo;activit\u00e9 utilisateur. Par cons\u00e9quent, cette approche efficace et rationalis\u00e9e assure une communication transparente avec les clients ou les membres de l&rsquo;\u00e9quipe, ce qui \u00e9vite la n\u00e9cessit\u00e9 d&rsquo;interventions manuelles \u00e0 forte intensit\u00e9 de main-d&rsquo;\u0153uvre.<\/p>\n","protected":false},"featured_media":144118,"comment_status":"open","ping_status":"open","template":"","meta":[],"product_brand":[2567],"product_cat":[1189,1181,1186],"product_tag":[2168],"class_list":{"0":"post-122698","1":"product","2":"type-product","3":"status-publish","4":"has-post-thumbnail","6":"product_brand-gravity-wiz","7":"product_cat-personnalisation","8":"product_cat-plugins","9":"product_cat-wordpress-plugins","10":"product_tag-gravity-wiz","11":"member-discount","12":"discount-restricted","14":"first","15":"instock","16":"sale","17":"downloadable","18":"virtual","19":"sold-individually","20":"purchasable","21":"product-type-simple"},"_links":{"self":[{"href":"https:\/\/gpl-love.com\/fr\/wp-json\/wp\/v2\/product\/122698","targetHints":{"allow":["GET"]}}],"collection":[{"href":"https:\/\/gpl-love.com\/fr\/wp-json\/wp\/v2\/product"}],"about":[{"href":"https:\/\/gpl-love.com\/fr\/wp-json\/wp\/v2\/types\/product"}],"replies":[{"embeddable":true,"href":"https:\/\/gpl-love.com\/fr\/wp-json\/wp\/v2\/comments?post=122698"}],"wp:featuredmedia":[{"embeddable":true,"href":"https:\/\/gpl-love.com\/fr\/wp-json\/wp\/v2\/media\/144118"}],"wp:attachment":[{"href":"https:\/\/gpl-love.com\/fr\/wp-json\/wp\/v2\/media?parent=122698"}],"wp:term":[{"taxonomy":"product_brand","embeddable":true,"href":"https:\/\/gpl-love.com\/fr\/wp-json\/wp\/v2\/product_brand?post=122698"},{"taxonomy":"product_cat","embeddable":true,"href":"https:\/\/gpl-love.com\/fr\/wp-json\/wp\/v2\/product_cat?post=122698"},{"taxonomy":"product_tag","embeddable":true,"href":"https:\/\/gpl-love.com\/fr\/wp-json\/wp\/v2\/product_tag?post=122698"}],"curies":[{"name":"wp","href":"https:\/\/api.w.org\/{rel}","templated":true}]}}