{"id":122685,"date":"2026-03-08T00:00:00","date_gmt":"2026-03-07T23:00:00","guid":{"rendered":"https:\/\/gpl-love.com\/fr\/produit\/newsletter-elementor-addon\/"},"modified":"2026-04-10T18:33:41","modified_gmt":"2026-04-10T16:33:41","slug":"newsletter-elementor-addon","status":"publish","type":"product","link":"https:\/\/gpl-love.com\/fr\/produit\/newsletter-elementor-addon\/","title":{"rendered":"Newsletter Elementor Addon 1.2.2"},"content":{"rendered":"<h3>Newsletter Elementor Addon Traits<\/h3>\n<p>L&rsquo;addon de newsletter Elementor poss\u00e8de des capacit\u00e9s formidables en ce qui concerne la cr\u00e9ation et la gestion des newsletters. Il a \u00e9t\u00e9 sp\u00e9cifiquement adapt\u00e9 pour r\u00e9pondre aux besoins du constructeur de pages Elementor, permettant aux utilisateurs de modeler sans effort des mod\u00e8les de newsletter sur mesure qui s&rsquo;harmonisent avec la marque globale de leur site Web. Cet addon poss\u00e8de une vaste gamme de fonctionnalit\u00e9s, y compris des fonctionnalit\u00e9s de glisser-d\u00e9poser, d&rsquo;options de conception personnalisables et d&rsquo;options de mise en page flexibles, qui s&rsquo;am\u00e8nent toutes \u00e0 faciliter la cr\u00e9ation de newsletters visuellement captivants qui retiennent l&rsquo;attention du public et donnent des conversions tangibles. De plus, l&rsquo;addon facilite l&rsquo;int\u00e9gration avec des services de marketing par e-mail renomm\u00e9s comme MailChimp et SendinBlue, rationalisant ainsi la gestion des listes de diffusion et l&rsquo;automatisation des campagnes par e-mail. Ind\u00e9pendamment de savoir si l&rsquo;on s&rsquo;identifie comme un blogueur, un marketing ou un propri\u00e9taire d&rsquo;entreprise, l&rsquo;addon de newsletter Elementor repr\u00e9sente un choix exceptionnel pour amplifier ses efforts de marketing par e-mail.<\/p>\n<ul>\n<li>Cr\u00e9ez facilement des newsletters magnifiquement con\u00e7ues en utilisant la puissance de Elementor<\/li>\n<li>Int\u00e9grez \u00e0 votre plateforme de marketing par e-mail pr\u00e9f\u00e9r\u00e9e<\/li>\n<li>Aucune fonctionnalit\u00e9 de gagrochage et de d\u00e9p\u00f4t de codage<\/li>\n<li>Choisissez parmi une vari\u00e9t\u00e9 de mod\u00e8les pr\u00e9d\u00e9finis ou concevez votre propre<\/li>\n<li>Personnalisez la disposition, la police, la couleur et le contenu pour correspondre \u00e0 votre marque<\/li>\n<li>Ajoutez facilement des images et des vid\u00e9os \u00e0 votre newsletter<\/li>\n<li>Cr\u00e9er un contenu dynamique \u00e0 l&rsquo;aide de widgets et de blocs Elementor<\/li>\n<li>Optimisez vos newsletters pour les appareils mobiles<\/li>\n<li>Augmenter l&rsquo;engagement et les conversions avec des newsletters accrocheurs<\/li>\n<li>Boostez votre strat\u00e9gie de marketing par e-mail avec la newsletter Elementor Addon.<\/li>\n<\/ul>\n","protected":false},"excerpt":{"rendered":"<p>L&rsquo;addon \u00e9l\u00e9mentor de newsletter, qui est un outil tr\u00e8s efficace, sert \u00e0 am\u00e9liorer la fonctionnalit\u00e9 d&rsquo;Elementor, un plugin de g\u00e9n\u00e9rateur de pages extr\u00eamement populaire sp\u00e9cialement con\u00e7u pour WordPress. Cet addon remarquable donne aux utilisateurs la possibilit\u00e9 de concevoir et de personnaliser sans effort des formulaires de newsletter impressionnants, tout en les int\u00e9grant de mani\u00e8re transparente avec des services de marketing par e-mail bien consid\u00e9r\u00e9s tels que MailChimp, ConvertKit et GetResponse. En outre, cet addon extraordinaire poss\u00e8de un assortiment impressionnant de mod\u00e8les, de dispositions et de conceptions, facilitant ainsi la cr\u00e9ation d&rsquo;une forme de newsletter professionnelle et captivante qui s&rsquo;aligne sans effort sur l&rsquo;esth\u00e9tique globale de son site Web. De plus, il est \u00e9quip\u00e9 de fonctionnalit\u00e9s robustes adapt\u00e9es \u00e0 la gestion des donn\u00e9es, permettant aux utilisateurs de stocker et de g\u00e9rer efficacement les donn\u00e9es d&rsquo;abonn\u00e9 efficacement. Compte tenu de ces qualit\u00e9s exceptionnelles, il est \u00e9vident que l&rsquo;addon de newsletter Elementor est un outil indispensable pour tout propri\u00e9taire de site Web aspirant \u00e0 renforcer ses efforts de marketing par e-mail.<\/p>\n","protected":false},"featured_media":144728,"comment_status":"open","ping_status":"open","template":"","meta":[],"product_brand":[2602],"product_cat":[1191,1181,1186],"product_tag":[2261],"class_list":{"0":"post-122685","1":"product","2":"type-product","3":"status-publish","4":"has-post-thumbnail","6":"product_brand-newsletter","7":"product_cat-formes","8":"product_cat-plugins","9":"product_cat-wordpress-plugins","10":"product_tag-newsletter","11":"member-discount","12":"discount-restricted","14":"first","15":"instock","16":"sale","17":"downloadable","18":"virtual","19":"sold-individually","20":"purchasable","21":"product-type-simple"},"_links":{"self":[{"href":"https:\/\/gpl-love.com\/fr\/wp-json\/wp\/v2\/product\/122685","targetHints":{"allow":["GET"]}}],"collection":[{"href":"https:\/\/gpl-love.com\/fr\/wp-json\/wp\/v2\/product"}],"about":[{"href":"https:\/\/gpl-love.com\/fr\/wp-json\/wp\/v2\/types\/product"}],"replies":[{"embeddable":true,"href":"https:\/\/gpl-love.com\/fr\/wp-json\/wp\/v2\/comments?post=122685"}],"wp:featuredmedia":[{"embeddable":true,"href":"https:\/\/gpl-love.com\/fr\/wp-json\/wp\/v2\/media\/144728"}],"wp:attachment":[{"href":"https:\/\/gpl-love.com\/fr\/wp-json\/wp\/v2\/media?parent=122685"}],"wp:term":[{"taxonomy":"product_brand","embeddable":true,"href":"https:\/\/gpl-love.com\/fr\/wp-json\/wp\/v2\/product_brand?post=122685"},{"taxonomy":"product_cat","embeddable":true,"href":"https:\/\/gpl-love.com\/fr\/wp-json\/wp\/v2\/product_cat?post=122685"},{"taxonomy":"product_tag","embeddable":true,"href":"https:\/\/gpl-love.com\/fr\/wp-json\/wp\/v2\/product_tag?post=122685"}],"curies":[{"name":"wp","href":"https:\/\/api.w.org\/{rel}","templated":true}]}}