{"id":122683,"date":"2025-11-02T00:00:00","date_gmt":"2025-11-01T23:00:00","guid":{"rendered":"https:\/\/gpl-love.com\/fr\/produit\/automatorwp-peepso\/"},"modified":"2026-03-20T22:55:28","modified_gmt":"2026-03-20T21:55:28","slug":"automatorwp-peepso","status":"publish","type":"product","link":"https:\/\/gpl-love.com\/fr\/produit\/automatorwp-peepso\/","title":{"rendered":"AutomatorWP PeepSo 1.0.7"},"content":{"rendered":"<h3>AutomatorWP PeepSo Traits<\/h3>\n<p>L&rsquo;int\u00e9gration de AutomatorWP avec PEEPSO est sp\u00e9cifiquement con\u00e7ue pour offrir une exp\u00e9rience augment\u00e9e et am\u00e9lior\u00e9e pour votre site de r\u00e9seautage social Peepso. Cette int\u00e9gration, qui est impr\u00e9gn\u00e9e d&rsquo;un immense pouvoir, vous permet d&rsquo;automatiser sans effort diverses activit\u00e9s de PEEPSO et de cr\u00e9er efficacement des flux de travail automatis\u00e9s qui engagent activement vos utilisateurs, tout en \u00e9vitant simultan\u00e9ment du temps pr\u00e9cieux et en am\u00e9liorant consid\u00e9rablement la productivit\u00e9. Notamment, l&rsquo;int\u00e9gration AutomatorWP PEEPSO englobe un large \u00e9ventail de d\u00e9clencheurs et d&rsquo;actions, y compris l&rsquo;enregistrement des utilisateurs, les processus de connexion, les mises \u00e0 jour de profil, la cr\u00e9ation de post et bien plus encore. Avec cette int\u00e9gration transparente, vous poss\u00e9dez d\u00e9sormais la possibilit\u00e9 d&rsquo;automatiser de mani\u00e8re transparente des notifications, d&rsquo;envoyer sans effort des e-mails, de cr\u00e9er des messages commod\u00e9ment et d&rsquo;effectuer une myriade d&rsquo;autres actions en r\u00e9ponse directe \u00e0 l&rsquo;activit\u00e9 utilisateur. L&rsquo;int\u00e9gration de AutomatorWP avec Peepso est sans \u00e9quivoque un outil indispensable pour quiconque est vraiment d\u00e9termin\u00e9 \u00e0 \u00e9lever son r\u00e9seau social Peepso \u00e0 des sommets sans pr\u00e9c\u00e9dent.<\/p>\n<ul>\n<li>AutomatorWP Peepso est un puissant plugin d&rsquo;automatisation con\u00e7u pour vous aider \u00e0 rationaliser vos activit\u00e9s Peepso.<\/li>\n<li>Avec ce plugin, vous pouvez automatiser diverses actions sur votre plate-forme Peepso, am\u00e9liorant votre efficacit\u00e9 et votre productivit\u00e9.<\/li>\n<li>Le plugin est livr\u00e9 avec une gamme de d\u00e9clencheurs et d&rsquo;actions automatis\u00e9s, ce qui facilite la configuration des flux de travail personnalis\u00e9s qui fonctionnent parfaitement pour vos besoins particuliers.<\/li>\n<li>Vous pouvez utiliser le plugin pour automatiser des activit\u00e9s telles que les mises \u00e0 jour de profil, la publication de publication, les demandes d&rsquo;amis, les notifications, etc.<\/li>\n<li>Le plugin est enti\u00e8rement configurable, vous permettant de modifier les param\u00e8tres pour correspondre facilement \u00e0 vos pr\u00e9f\u00e9rences et exigences.<\/li>\n<li>Il est livr\u00e9 avec une interface simple et intuitive qui facilite la configuration, g\u00e9rer et surveiller vos workflows d&rsquo;automatisation.<\/li>\n<li>Le plugin est enti\u00e8rement compatible avec la derni\u00e8re version de Peepso, garantissant une exp\u00e9rience transparente pour vous et vos utilisateurs.<\/li>\n<li>AutomatorWP Peepso est un excellent ajout \u00e0 votre plateforme Peepso, vous permettant d&rsquo;\u00e9conomiser du temps et des ressources tout en augmentant l&rsquo;efficacit\u00e9 de vos activit\u00e9s.<\/li>\n<\/ul>\n","protected":false},"excerpt":{"rendered":"<p>D\u00e9couvrez la puissance de AutomatorWP Peepso, un outil innovant con\u00e7u pour rationaliser votre flux de travail et am\u00e9liorer votre exp\u00e9rience de r\u00e9seautage social. Avec AutomatorWP Peepso, vous pouvez automatiser et connecter vos plugins WordPress comme jamais auparavant. Cet outil connecte non seulement votre communaut\u00e9 PEEPSO avec d&rsquo;autres plugins, mais vous permet \u00e9galement de cr\u00e9er de puissantes recettes d&rsquo;automatisation. Que vous souhaitiez envoyer un e-mail lorsqu&rsquo;un nouveau message est publi\u00e9 ou r\u00e9compenser les utilisateurs pour leur implication communautaire, AutomatorWP Peepso le permet. Fabriqu\u00e9 avec facilit\u00e9 d&rsquo;utilisation, cet outil \u00e9limine le stress de la gestion de votre communaut\u00e9 en ligne. D\u00e9couvrez les avantages de l&rsquo;automatisation et \u00e9levez votre communaut\u00e9 PEEPSO avec Automatorwp Peepso.<\/p>\n","protected":false},"featured_media":143186,"comment_status":"open","ping_status":"open","template":"","meta":[],"product_brand":[2464],"product_cat":[1189,1181,1186],"product_tag":[2260],"class_list":{"0":"post-122683","1":"product","2":"type-product","3":"status-publish","4":"has-post-thumbnail","6":"product_brand-automatorwp","7":"product_cat-personnalisation","8":"product_cat-plugins","9":"product_cat-wordpress-plugins","10":"product_tag-automatorwp","11":"member-discount","12":"discount-restricted","14":"first","15":"instock","16":"sale","17":"downloadable","18":"virtual","19":"sold-individually","20":"purchasable","21":"product-type-simple"},"_links":{"self":[{"href":"https:\/\/gpl-love.com\/fr\/wp-json\/wp\/v2\/product\/122683","targetHints":{"allow":["GET"]}}],"collection":[{"href":"https:\/\/gpl-love.com\/fr\/wp-json\/wp\/v2\/product"}],"about":[{"href":"https:\/\/gpl-love.com\/fr\/wp-json\/wp\/v2\/types\/product"}],"replies":[{"embeddable":true,"href":"https:\/\/gpl-love.com\/fr\/wp-json\/wp\/v2\/comments?post=122683"}],"wp:featuredmedia":[{"embeddable":true,"href":"https:\/\/gpl-love.com\/fr\/wp-json\/wp\/v2\/media\/143186"}],"wp:attachment":[{"href":"https:\/\/gpl-love.com\/fr\/wp-json\/wp\/v2\/media?parent=122683"}],"wp:term":[{"taxonomy":"product_brand","embeddable":true,"href":"https:\/\/gpl-love.com\/fr\/wp-json\/wp\/v2\/product_brand?post=122683"},{"taxonomy":"product_cat","embeddable":true,"href":"https:\/\/gpl-love.com\/fr\/wp-json\/wp\/v2\/product_cat?post=122683"},{"taxonomy":"product_tag","embeddable":true,"href":"https:\/\/gpl-love.com\/fr\/wp-json\/wp\/v2\/product_tag?post=122683"}],"curies":[{"name":"wp","href":"https:\/\/api.w.org\/{rel}","templated":true}]}}