{"id":122682,"date":"2026-03-28T00:00:00","date_gmt":"2026-03-27T23:00:00","guid":{"rendered":"https:\/\/gpl-love.com\/fr\/produit\/advanced-ads-sticky-ads\/"},"modified":"2026-03-28T11:30:11","modified_gmt":"2026-03-28T10:30:11","slug":"advanced-ads-sticky-ads","status":"publish","type":"product","link":"https:\/\/gpl-love.com\/fr\/produit\/advanced-ads-sticky-ads\/","title":{"rendered":"Advanced Ads Sticky Ads 2.0.5"},"content":{"rendered":"<h3>Advanced Ads Sticky Ads Traits<\/h3>\n<p>L&rsquo;outil Advanced Ads Sticky Ads est une ressource incroyablement robuste et dynamique qui vous permet de g\u00e9n\u00e9rer, de contr\u00f4ler et de pr\u00e9senter des annonces collantes sans effort sur votre site Web estim\u00e9. Ce plugin remarquable regorge d&rsquo;une vaste gamme de fonctionnalit\u00e9s remarquables qui vous fournissent une autorit\u00e9 in\u00e9gal\u00e9e sur le placement strat\u00e9gique, les dimensions et la conduite de vos annonces collantes. Vous avez l&rsquo;occasion inestimable de d\u00e9signer pr\u00e9cis\u00e9ment quand et o\u00f9 vos annonces ornent la page, sp\u00e9cifiez la dur\u00e9e de leur visibilit\u00e9 et d\u00e9terminez les actions sp\u00e9cifiques qui servent de d\u00e9clencheurs. Gr\u00e2ce \u00e0 l&rsquo;utilisation de la plate-forme ADS ADS ADS Advanced Sticky, vous avez la capacit\u00e9 de composer des publicit\u00e9s visuellement frappantes et captivantes qui sont garanties pour attirer l&rsquo;attention de vos visiteurs estim\u00e9s. Que vous aspirez \u00e0 renforcer et \u00e0 galvaniser vos conversions, \u00e0 promouvoir ardemment les offres exclusives et \u00e0 dur\u00e9e limit\u00e9e, ou simplement \u00e0 am\u00e9liorer et \u00e0 affiner l&rsquo;exp\u00e9rience utilisateur globale sur votre site Web, ce plugin englobe et englobe tous les outils et facettes essentiel et remplacer la comp\u00e9tition.<\/p>\n<ul>\n<li>Gardez les annonces dans une position fixe sur votre site Web, assurant une grande visibilit\u00e9 pour vos publicit\u00e9s<\/li>\n<li>Large gamme de tailles d&rsquo;annonces et de dispositions au choix, vous donnant la flexibilit\u00e9 de cr\u00e9er des annonces qui correspondent \u00e0 votre marque<\/li>\n<li>Compatible avec une vari\u00e9t\u00e9 d&rsquo;appareils et de navigateurs, atteignant un public plus large sans aucun probl\u00e8me technique<\/li>\n<li>Options de ciblage et de planification avanc\u00e9es, vous permettant d&rsquo;afficher les bonnes annonces au bon public au bon moment<\/li>\n<li>Diverses options de personnalisation pour adapter l&rsquo;apparence des annonces \u00e0 votre go\u00fbt<\/li>\n<li>Analyse int\u00e9gr\u00e9e pour suivre vos performances publicitaires et am\u00e9liorer votre strat\u00e9gie publicitaire pour un meilleur retour sur investissement<\/li>\n<li>Facile \u00e0 installer et \u00e0 configurer sans aucun codage requis, ce qui vous fait gagner du temps et des tracas<\/li>\n<li>GDPR conforme et suit les normes publicitaires \u00e9tablies par diverses organisations publicitaires pour la confidentialit\u00e9 et la s\u00e9curit\u00e9 des utilisateurs<\/li>\n<\/ul>\n","protected":false},"excerpt":{"rendered":"<p>Le plugin Advance Ads Sticky Ads pour WordPress est un outil puissant qui vous permet de g\u00e9n\u00e9rer des publicit\u00e9s adh\u00e9sives pour les sites Web. Avec cet outil, vous pouvez fabriquer des publicit\u00e9s personnalis\u00e9es en utilisant des publicit\u00e9s avanc\u00e9es collantes qui collent aux r\u00e9gions les plus hautes ou les plus bas de l&rsquo;\u00e9cran, am\u00e9liorant la visibilit\u00e9 de votre contenu captivant.<\/p>\n<p>Cet outil de publicit\u00e9 WordPress polyvalent et adaptable n&rsquo;est pas seulement un autre plugin. C&rsquo;est un outil qui offre de nombreuses options et configurations pour cr\u00e9er des publicit\u00e9s impressionnantes. Avec les publicit\u00e9s avanc\u00e9es collantes, vous pouvez cr\u00e9er des publicit\u00e9s adh\u00e9sives efficaces qui attirent sans effort l&rsquo;attention de vos visiteurs, aidant \u00e0 augmenter les conversions avec des publicit\u00e9s collantes.<\/p>\n<p>Que vous souhaitiez augmenter vos revenus publicitaires avec des publicit\u00e9s avanc\u00e9es ou approuver des produits ou des services avec des annonces adh\u00e9sives, cet outil peut y arriver. Il vous permet m\u00eame d&rsquo;\u00e9lever l&rsquo;exp\u00e9rience utilisateur sur votre site Web, ce qui rend votre contenu plus attrayant et interactif.<\/p>\n<p>En substance, le plugin Advanced Ads Sticky Ads pour WordPress se pr\u00e9sente comme le site Web ultime publicitaire Panacea. C&rsquo;est un outil incontournable pour quiconque cherche<\/p>\n","protected":false},"featured_media":143054,"comment_status":"open","ping_status":"open","template":"","meta":[],"product_brand":[2446],"product_cat":[1207,1181,1186],"product_tag":[2196],"class_list":{"0":"post-122682","1":"product","2":"type-product","3":"status-publish","4":"has-post-thumbnail","6":"product_brand-advanced-ads","7":"product_cat-commercialisation-wordpress-plugins","8":"product_cat-plugins","9":"product_cat-wordpress-plugins","10":"product_tag-advanced-ads","11":"member-discount","12":"discount-restricted","14":"first","15":"instock","16":"sale","17":"downloadable","18":"virtual","19":"sold-individually","20":"purchasable","21":"product-type-simple"},"_links":{"self":[{"href":"https:\/\/gpl-love.com\/fr\/wp-json\/wp\/v2\/product\/122682","targetHints":{"allow":["GET"]}}],"collection":[{"href":"https:\/\/gpl-love.com\/fr\/wp-json\/wp\/v2\/product"}],"about":[{"href":"https:\/\/gpl-love.com\/fr\/wp-json\/wp\/v2\/types\/product"}],"replies":[{"embeddable":true,"href":"https:\/\/gpl-love.com\/fr\/wp-json\/wp\/v2\/comments?post=122682"}],"wp:featuredmedia":[{"embeddable":true,"href":"https:\/\/gpl-love.com\/fr\/wp-json\/wp\/v2\/media\/143054"}],"wp:attachment":[{"href":"https:\/\/gpl-love.com\/fr\/wp-json\/wp\/v2\/media?parent=122682"}],"wp:term":[{"taxonomy":"product_brand","embeddable":true,"href":"https:\/\/gpl-love.com\/fr\/wp-json\/wp\/v2\/product_brand?post=122682"},{"taxonomy":"product_cat","embeddable":true,"href":"https:\/\/gpl-love.com\/fr\/wp-json\/wp\/v2\/product_cat?post=122682"},{"taxonomy":"product_tag","embeddable":true,"href":"https:\/\/gpl-love.com\/fr\/wp-json\/wp\/v2\/product_tag?post=122682"}],"curies":[{"name":"wp","href":"https:\/\/api.w.org\/{rel}","templated":true}]}}