{"id":122681,"date":"2026-05-01T00:00:00","date_gmt":"2026-04-30T22:00:00","guid":{"rendered":"https:\/\/gpl-love.com\/fr\/produit\/advanced-ads-ad-tracking\/"},"modified":"2026-05-01T12:30:10","modified_gmt":"2026-05-01T10:30:10","slug":"advanced-ads-ad-tracking","status":"publish","type":"product","link":"https:\/\/gpl-love.com\/fr\/produit\/advanced-ads-ad-tracking\/","title":{"rendered":"Advanced Ads Ad Tracking 3.0.12"},"content":{"rendered":"<h3>Advanced Ads Ad Tracking Traits<\/h3>\n<p>Le suivi des publicit\u00e9s Advanced Ads est un outil tr\u00e8s sophistiqu\u00e9 et efficace qui a \u00e9t\u00e9 m\u00e9ticuleusement con\u00e7u pour r\u00e9pondre aux besoins des annonceurs cherchant \u00e0 surveiller et \u00e0 analyser m\u00e9ticuleusement les performances de leurs publicit\u00e9s. Cet outil r\u00e9volutionnaire permet aux utilisateurs de suivre m\u00e9ticuleusement diverses mesures telles que des clics, des impressions et d&rsquo;autres indicateurs cruciaux qui sont essentiels dans le processus d&rsquo;optimisation des campagnes publicitaires. De plus, cet outil est \u00e9quip\u00e9 de capacit\u00e9s de donn\u00e9es en temps r\u00e9el, garantissant que les utilisateurs peuvent faire rapidement et rapidement tous les ajustements requis \u00e0 leurs strat\u00e9gies publicitaires conform\u00e9ment \u00e0 la dynamique en \u00e9volution rapide du paysage publicitaire. En outre, la compatibilit\u00e9 int\u00e9gr\u00e9e de mani\u00e8re transparente du suivi des publicit\u00e9s ADS avanc\u00e9es avec les principaux r\u00e9seaux publicitaires, notamment, mais sans s&rsquo;y limiter, Google Adsense et Google Adwords accentuent encore son indispensabilit\u00e9 comme un outil par excellence pour les individus d\u00e9sireux de maximiser l&rsquo;efficacit\u00e9 de leurs efforts publicitaires.<\/p>\n<ul>\n<li>Suivre et analyser avec pr\u00e9cision les performances publicitaires en temps r\u00e9el<\/li>\n<li>Surveiller les campagnes sur plusieurs plates-formes et canaux<\/li>\n<li>Gardez un aper\u00e7u du comportement et de l&rsquo;engagement des utilisateurs<\/li>\n<li>Suivre les conversions et mesurer le retour sur investissement (ROI)<\/li>\n<li>Optimiser les campagnes bas\u00e9es sur des informations ax\u00e9es sur les donn\u00e9es<\/li>\n<li>Prendre des d\u00e9cisions \u00e9clair\u00e9es sur les d\u00e9penses et la strat\u00e9gie publicitaires<\/li>\n<li>Personnaliser les rapports pour r\u00e9pondre aux besoins commerciaux uniques<\/li>\n<li>Augmenter la responsabilit\u00e9 et la transparence des performances publicitaires<\/li>\n<li>Am\u00e9liorer l&rsquo;efficacit\u00e9 et l&rsquo;efficacit\u00e9 de la publicit\u00e9 globale<\/li>\n<li>\u00c9conomisez du temps et des efforts sur le suivi et l&rsquo;analyse manuelles.<\/li>\n<\/ul>\n","protected":false},"excerpt":{"rendered":"<p>Tirez parti des fonctionnalit\u00e9s compl\u00e8tes de suivi des publicit\u00e9s des publicit\u00e9s avanc\u00e9es pour maximiser votre efficacit\u00e9 publicitaire. Cet outil de suivi des publicit\u00e9s robuste offre une analyse approfondie des performances d&rsquo;annonces, vous permettant de surveiller sans effort les clics, les impressions et les conversions publicitaires. Avec son interface de suivi des publicit\u00e9s conviviale, vous pouvez garder une trace des mesures cruciales avec facilit\u00e9.<\/p>\n<p>Le suivi des publicit\u00e9s publicitaires avanc\u00e9 n&rsquo;est pas seulement un outil, mais une partie indispensable de votre strat\u00e9gie publicitaire. Que vous soyez un entrepreneur qui entre dans le monde des affaires ou un professionnel du marketing avec des ann\u00e9es d&rsquo;exp\u00e9rience, cet outil peut vous aider \u00e0 optimiser vos campagnes publicitaires.<\/p>\n<p>Ses fonctionnalit\u00e9s d&rsquo;analyse avanc\u00e9es fournissent un aper\u00e7u d\u00e9taill\u00e9 de vos performances publicitaires, vous permettant de prendre des d\u00e9cisions bien inform\u00e9es. L&rsquo;objectif est d&rsquo;am\u00e9liorer votre retour sur investissement, et avec le suivi des publicit\u00e9s publicitaires avanc\u00e9es, vous \u00eates \u00e0 un pas de plus pour y parvenir.<\/p>\n<p>Utilisez cet outil professionnel de suivi des annonces marketing pour vous assurer que votre strat\u00e9gie publicitaire est optimis\u00e9e pour un impact maximal. Avec ses fonctionnalit\u00e9s compl\u00e8tes de suivi des publicit\u00e9s, le suivi des publicit\u00e9s avanc\u00e9es peut transformer la fa\u00e7on dont vous abordez la publicit\u00e9, finalement<\/p>\n","protected":false},"featured_media":143049,"comment_status":"open","ping_status":"open","template":"","meta":[],"product_brand":[2446],"product_cat":[1207,1181,1186],"product_tag":[2196],"class_list":{"0":"post-122681","1":"product","2":"type-product","3":"status-publish","4":"has-post-thumbnail","6":"product_brand-advanced-ads","7":"product_cat-commercialisation-wordpress-plugins","8":"product_cat-plugins","9":"product_cat-wordpress-plugins","10":"product_tag-advanced-ads","11":"member-discount","12":"discount-restricted","14":"first","15":"instock","16":"sale","17":"downloadable","18":"virtual","19":"sold-individually","20":"purchasable","21":"product-type-simple"},"_links":{"self":[{"href":"https:\/\/gpl-love.com\/fr\/wp-json\/wp\/v2\/product\/122681","targetHints":{"allow":["GET"]}}],"collection":[{"href":"https:\/\/gpl-love.com\/fr\/wp-json\/wp\/v2\/product"}],"about":[{"href":"https:\/\/gpl-love.com\/fr\/wp-json\/wp\/v2\/types\/product"}],"replies":[{"embeddable":true,"href":"https:\/\/gpl-love.com\/fr\/wp-json\/wp\/v2\/comments?post=122681"}],"wp:featuredmedia":[{"embeddable":true,"href":"https:\/\/gpl-love.com\/fr\/wp-json\/wp\/v2\/media\/143049"}],"wp:attachment":[{"href":"https:\/\/gpl-love.com\/fr\/wp-json\/wp\/v2\/media?parent=122681"}],"wp:term":[{"taxonomy":"product_brand","embeddable":true,"href":"https:\/\/gpl-love.com\/fr\/wp-json\/wp\/v2\/product_brand?post=122681"},{"taxonomy":"product_cat","embeddable":true,"href":"https:\/\/gpl-love.com\/fr\/wp-json\/wp\/v2\/product_cat?post=122681"},{"taxonomy":"product_tag","embeddable":true,"href":"https:\/\/gpl-love.com\/fr\/wp-json\/wp\/v2\/product_tag?post=122681"}],"curies":[{"name":"wp","href":"https:\/\/api.w.org\/{rel}","templated":true}]}}