{"id":122651,"date":"2025-04-02T00:00:00","date_gmt":"2025-04-01T22:00:00","guid":{"rendered":"https:\/\/gpl-love.com\/fr\/produit\/advanced-ads-responsive-ads\/"},"modified":"2026-03-20T22:53:27","modified_gmt":"2026-03-20T21:53:27","slug":"advanced-ads-responsive-ads","status":"publish","type":"product","link":"https:\/\/gpl-love.com\/fr\/produit\/advanced-ads-responsive-ads\/","title":{"rendered":"Advanced Ads Responsive Ads 2.0.2"},"content":{"rendered":"<h3>Advanced Ads Responsive Ads Traits<\/h3>\n<p>Advanced Ads Responsive Ads est un plugin incroyablement puissant qui offre aux propri\u00e9taires de sites Web la possibilit\u00e9 de cr\u00e9er et de pr\u00e9senter des annonces r\u00e9actives sur leurs pages Web. Ce plugin est \u00e9quip\u00e9 d&rsquo;une interface remarquablement conviviale, offrant une pl\u00e9thore d&rsquo;options de personnalisation pour garantir que les utilisateurs peuvent concevoir sans effort les publicit\u00e9s visuellement frappantes et captivantes qui capteront sans aucun doute l&rsquo;attention de leur public pr\u00e9vu. Que vous aspiriez \u00e0 pr\u00e9senter des publicit\u00e9s d&rsquo;image visuellement attrayantes, des annonces vid\u00e9o captivantes ou m\u00eame des annonces HTML personnalis\u00e9es uniques, assurez-vous que les annonces r\u00e9actives avanc\u00e9es vous ont couvert. De plus, en plus de sa gamme compl\u00e8te de fonctionnalit\u00e9s, ce plugin est m\u00e9ticuleusement optimis\u00e9 pour garantir des performances et une compatibilit\u00e9 optimales, garantissant que vos annonces se chargent rapidement et fonctionnent parfaitement sur une large gamme d&rsquo;appareils et de plates-formes. En exploitant les capacit\u00e9s exceptionnelles d&rsquo;annonces avanc\u00e9es et r\u00e9actives, vous avez la possibilit\u00e9 d&rsquo;\u00e9lever les efforts publicitaires de votre site Web \u00e0 des hauteurs sans pr\u00e9c\u00e9dent, g\u00e9n\u00e9rant une abondance de trafic, de prospects et de conversions comme jamais auparavant.<\/p>\n<ul>\n<li>Utilise les derniers principes de conception r\u00e9actifs pour optimiser vos annonces pour tout appareil<\/li>\n<li>Offre une gamme compl\u00e8te d&rsquo;options de ciblage pour vous assurer que vos annonces sont vues par le bon public<\/li>\n<li>Fournit une analyse des performances d\u00e9taill\u00e9e pour vous aider \u00e0 optimiser vos campagnes publicitaires et \u00e0 maximiser votre retour sur investissement<\/li>\n<li>Dispose d&rsquo;une interface de glisser-d\u00e9poser intuitive qui facilite la cr\u00e9ation et la personnalisation de vos annonces<\/li>\n<li>Prend en charge un large \u00e9ventail de formats d&rsquo;annonces, y compris des publicit\u00e9s d&rsquo;affichage, des publicit\u00e9s mobiles et des publicit\u00e9s vid\u00e9o<\/li>\n<li>S&rsquo;int\u00e8gre parfaitement aux r\u00e9seaux publicitaires populaires comme Google Adsense et AdWords<\/li>\n<li>Comprend des fonctionnalit\u00e9s avanc\u00e9es telles que la rotation d&rsquo;annonces, le plafonnement de fr\u00e9quence et le g\u00e9omarborant<\/li>\n<li>Offre une gamme d&rsquo;options de personnalisation pour vous aider \u00e0 adapter vos annonces au style et \u00e0 la voix de votre marque<\/li>\n<li>Fournit un soutien de classe mondiale pour vous aider \u00e0 tirer le meilleur parti de vos campagnes publicitaires.<\/li>\n<\/ul>\n","protected":false},"excerpt":{"rendered":"<p>D\u00e9couvrez le pouvoir transformateur des annonces avanc\u00e9es r\u00e9actives pour la transformation des revenus du site Web. Tirez parti des capacit\u00e9s de cet outil exceptionnel pour g\u00e9n\u00e9rer et pr\u00e9senter sans effort des publicit\u00e9s r\u00e9actives avec des annonces avanc\u00e9es. Ces annonces s&rsquo;adaptent dynamiquement \u00e0 n&rsquo;importe quelle taille d&rsquo;\u00e9cran, assurant une int\u00e9gration transparente dans la disposition de votre site Web.<\/p>\n<p>Lib\u00e9rez la puissance des annonces r\u00e9actives avanc\u00e9es en tirant parti de ses capacit\u00e9s de ciblage avanc\u00e9es. Adaptez vos annonces avec des \u00e9l\u00e9ments de conception personnalisables dans des annonces avanc\u00e9es pour vous assurer qu&rsquo;ils atteignent efficacement votre public id\u00e9al. Cela garantit une int\u00e9gration transparente des publicit\u00e9s dans la disposition de votre site Web avec des annonces avanc\u00e9es, am\u00e9liorant l&rsquo;attrait global de votre site.<\/p>\n<p>Maximisez votre strat\u00e9gie publicitaire en utilisant des informations en temps r\u00e9el et des analyses avec des annonces avanc\u00e9es. Cela permet une surveillance diligente des performances publicitaires avec des annonces avanc\u00e9es, vous aidant \u00e0 affiner votre strat\u00e9gie pour des r\u00e9sultats optimaux.<\/p>\n<p>Faites le saut aujourd&rsquo;hui et commencez \u00e0 vivre les effets transformateurs des annonces avanc\u00e9es. Soyez t\u00e9moin de la croissance exponentielle des revenus avec des annonces avanc\u00e9es lorsque vous d\u00e9bloquez un succ\u00e8s sans pr\u00e9c\u00e9dent et transformez les revenus de votre site Web.<\/p>\n","protected":false},"featured_media":143053,"comment_status":"open","ping_status":"open","template":"","meta":[],"product_brand":[2446],"product_cat":[1207,1181,1186],"product_tag":[2196],"class_list":{"0":"post-122651","1":"product","2":"type-product","3":"status-publish","4":"has-post-thumbnail","6":"product_brand-advanced-ads","7":"product_cat-commercialisation-wordpress-plugins","8":"product_cat-plugins","9":"product_cat-wordpress-plugins","10":"product_tag-advanced-ads","11":"member-discount","12":"discount-restricted","14":"first","15":"instock","16":"sale","17":"downloadable","18":"virtual","19":"sold-individually","20":"purchasable","21":"product-type-simple"},"_links":{"self":[{"href":"https:\/\/gpl-love.com\/fr\/wp-json\/wp\/v2\/product\/122651","targetHints":{"allow":["GET"]}}],"collection":[{"href":"https:\/\/gpl-love.com\/fr\/wp-json\/wp\/v2\/product"}],"about":[{"href":"https:\/\/gpl-love.com\/fr\/wp-json\/wp\/v2\/types\/product"}],"replies":[{"embeddable":true,"href":"https:\/\/gpl-love.com\/fr\/wp-json\/wp\/v2\/comments?post=122651"}],"wp:featuredmedia":[{"embeddable":true,"href":"https:\/\/gpl-love.com\/fr\/wp-json\/wp\/v2\/media\/143053"}],"wp:attachment":[{"href":"https:\/\/gpl-love.com\/fr\/wp-json\/wp\/v2\/media?parent=122651"}],"wp:term":[{"taxonomy":"product_brand","embeddable":true,"href":"https:\/\/gpl-love.com\/fr\/wp-json\/wp\/v2\/product_brand?post=122651"},{"taxonomy":"product_cat","embeddable":true,"href":"https:\/\/gpl-love.com\/fr\/wp-json\/wp\/v2\/product_cat?post=122651"},{"taxonomy":"product_tag","embeddable":true,"href":"https:\/\/gpl-love.com\/fr\/wp-json\/wp\/v2\/product_tag?post=122651"}],"curies":[{"name":"wp","href":"https:\/\/api.w.org\/{rel}","templated":true}]}}