{"id":122649,"date":"2025-04-02T00:00:00","date_gmt":"2025-04-01T22:00:00","guid":{"rendered":"https:\/\/gpl-love.com\/fr\/produit\/advanced-ads-popup-et-layer-ads\/"},"modified":"2026-03-28T11:30:10","modified_gmt":"2026-03-28T10:30:10","slug":"advanced-ads-popup-et-layer-ads","status":"publish","type":"product","link":"https:\/\/gpl-love.com\/fr\/produit\/advanced-ads-popup-et-layer-ads\/","title":{"rendered":"Advanced Ads PopUp et Layer Ads 2.0.4"},"content":{"rendered":"<h3>Advanced Ads PopUp et Layer Ads Traits<\/h3>\n<p>L&rsquo;utilisation des publicit\u00e9s ADS avanc\u00e9es et des annonces de calques s&rsquo;av\u00e8re \u00eatre un instrument exceptionnellement puissant lorsqu&rsquo;il s&rsquo;agit de formuler des publicit\u00e9s pop-up et de calques impactantes et captivantes. Ce plugin particulier vous accorde la possibilit\u00e9 d&rsquo;exposer du contenu personnalis\u00e9 dans une configuration contextuelle ou de couche \u00e0 intervalles pr\u00e9cis, par exemple lorsqu&rsquo;un utilisateur parcourt votre site Web ou exerce un certain degr\u00e9 de d\u00e9filement. En vous offrant des fonctionnalit\u00e9s remarquables offertes par les publicit\u00e9s Advanced Ads Popup and Lileer, vous \u00eates autoris\u00e9 \u00e0 cr\u00e9er des publicit\u00e9s qui sont extr\u00eamement adapt\u00e9es \u00e0 votre public cible, renfor\u00e7ant ainsi l&rsquo;engagement et l&rsquo;augmentation des taux de clics. En outre, ce plugin facilite une vaste gamme d&rsquo;options de personnalisation, englobant la taille, le positionnement, les sch\u00e9mas de couleurs et les effets d&rsquo;animation, vous permettant ainsi de concevoir des publicit\u00e9s qui se distinguent sans effort de la concurrence. De plus, l&rsquo;installation et l&rsquo;utilisation de ce plugin sont d\u00e9cid\u00e9ment simples, ce qui en fait une solution id\u00e9ale pour les sp\u00e9cialistes du marketing et les propri\u00e9taires de sites Web cherchant \u00e0 amplifier leurs taux de conversion et \u00e0 \u00e9tendre leurs efforts commerciaux.<\/p>\n<ul>\n<li>Outil de cr\u00e9ation d&rsquo;annonces pop-up et calque puissant pour les sites Web WordPress<\/li>\n<li>Personnalisez vos annonces avec une gamme d&rsquo;options de conception et d&rsquo;animation<\/li>\n<li>Ciblez vos annonces en fonction des pages sp\u00e9cifiques, du comportement des utilisateurs et plus<\/li>\n<li>Int\u00e9grez aux services de marketing par e-mail populaires pour d\u00e9velopper votre liste d&rsquo;abonn\u00e9s<\/li>\n<li>D\u00e9finissez les d\u00e9clencheurs lorsque vos annonces apparaissent, comme apr\u00e8s un certain temps ou sur l&rsquo;intention de sortie<\/li>\n<li>Cr\u00e9ez des tests A \/ B pour optimiser vos performances publicitaires<\/li>\n<li>Suivre les analyses d\u00e9taill\u00e9es pour comprendre comment vos annonces fonctionnent<\/li>\n<li>La conception r\u00e9active garantit que vos annonces sont superbes sur tous les appareils<\/li>\n<li>Documentation compl\u00e8te et soutien pour vous aider \u00e0 tirer le meilleur parti de l&rsquo;outil<\/li>\n<li>Aucun codage requis &#8211; facile \u00e0 utiliser pour tous les niveaux de comp\u00e9tence.<\/li>\n<\/ul>\n","protected":false},"excerpt":{"rendered":"<p>La solution avanc\u00e9e de publicit\u00e9s publicitaires et de calques est un outil qui change la donne qui insuffle la vie \u00e0 la cr\u00e9ation de publicit\u00e9s dynamiques. Il est sp\u00e9cifiquement con\u00e7u pour transformer la fa\u00e7on dont les publicit\u00e9s pop-up et superposez la vie, fournissant une plate-forme qui fa\u00e7onne des publicit\u00e9s captivantes qui se m\u00e9langent de mani\u00e8re transparente avec l&rsquo;esth\u00e9tique de votre site Web.<\/p>\n<p>Avec un arsenal de mod\u00e8les personnalisables pour les annonces \u00e0 votre disposition, cet outil de publicit\u00e9 convivial simplifie la g\u00e9n\u00e9ration d&rsquo;annonces attrayantes uniquement. Coupl\u00e9 \u00e0 un \u00e9ventail \u00e9tendu d&rsquo;options de ciblage avanc\u00e9es pour les publicit\u00e9s, cet outil robuste pour la g\u00e9n\u00e9ration d&rsquo;annonces est sans pr\u00e9c\u00e9dent dans la commodit\u00e9 et l&rsquo;efficacit\u00e9.<\/p>\n<p>L&rsquo;attrait distinctif des publicit\u00e9s cr\u00e9\u00e9es via cette plate-forme est efficace pour captiver l&rsquo;attention de votre public cible. Que votre objectif soit \u00e0 \u00e9tendre votre client\u00e8le avec des annonces, \u00e0 approuver vos produits avec des annonces avanc\u00e9es ou simplement \u00e0 \u00e9lever l&rsquo;attrait visuel de votre site Web, la solution avanc\u00e9e des publicit\u00e9s et des publicit\u00e9s fournit toutes les fonctionnalit\u00e9s et ressources n\u00e9cessaires pour le marketing.<\/p>\n<p>Cet outil est plus que capable de catapulter vos efforts de marketing \u00e0 des hauteurs plus \u00e9lev\u00e9es. Observer<\/p>\n","protected":false},"featured_media":143051,"comment_status":"open","ping_status":"open","template":"","meta":[],"product_brand":[2446],"product_cat":[1207,1181,1186],"product_tag":[2196],"class_list":{"0":"post-122649","1":"product","2":"type-product","3":"status-publish","4":"has-post-thumbnail","6":"product_brand-advanced-ads","7":"product_cat-commercialisation-wordpress-plugins","8":"product_cat-plugins","9":"product_cat-wordpress-plugins","10":"product_tag-advanced-ads","11":"member-discount","12":"discount-restricted","14":"first","15":"instock","16":"sale","17":"downloadable","18":"virtual","19":"sold-individually","20":"purchasable","21":"product-type-simple"},"_links":{"self":[{"href":"https:\/\/gpl-love.com\/fr\/wp-json\/wp\/v2\/product\/122649","targetHints":{"allow":["GET"]}}],"collection":[{"href":"https:\/\/gpl-love.com\/fr\/wp-json\/wp\/v2\/product"}],"about":[{"href":"https:\/\/gpl-love.com\/fr\/wp-json\/wp\/v2\/types\/product"}],"replies":[{"embeddable":true,"href":"https:\/\/gpl-love.com\/fr\/wp-json\/wp\/v2\/comments?post=122649"}],"wp:featuredmedia":[{"embeddable":true,"href":"https:\/\/gpl-love.com\/fr\/wp-json\/wp\/v2\/media\/143051"}],"wp:attachment":[{"href":"https:\/\/gpl-love.com\/fr\/wp-json\/wp\/v2\/media?parent=122649"}],"wp:term":[{"taxonomy":"product_brand","embeddable":true,"href":"https:\/\/gpl-love.com\/fr\/wp-json\/wp\/v2\/product_brand?post=122649"},{"taxonomy":"product_cat","embeddable":true,"href":"https:\/\/gpl-love.com\/fr\/wp-json\/wp\/v2\/product_cat?post=122649"},{"taxonomy":"product_tag","embeddable":true,"href":"https:\/\/gpl-love.com\/fr\/wp-json\/wp\/v2\/product_tag?post=122649"}],"curies":[{"name":"wp","href":"https:\/\/api.w.org\/{rel}","templated":true}]}}