{"id":122647,"date":"2024-02-02T00:00:00","date_gmt":"2024-02-01T23:00:00","guid":{"rendered":"https:\/\/gpl-love.com\/fr\/produit\/advanced-ads-google-ad-manager-integration\/"},"modified":"2026-03-20T22:53:25","modified_gmt":"2026-03-20T21:53:25","slug":"advanced-ads-google-ad-manager-integration","status":"publish","type":"product","link":"https:\/\/gpl-love.com\/fr\/produit\/advanced-ads-google-ad-manager-integration\/","title":{"rendered":"Advanced Ads Google Ad Manager Integration 2.4.0"},"content":{"rendered":"<h3>Advanced Ads Google Ad Manager Integration Traits<\/h3>\n<p>L&rsquo;int\u00e9gration avanc\u00e9e des annonces ADS Google Manager est un outil extr\u00eamement puissant qui a \u00e9t\u00e9 m\u00e9ticuleusement con\u00e7u dans le seul but d&rsquo;aider les \u00e9diteurs et les propri\u00e9taires de sites Web dans la maximisation de leurs revenus publicitaires. Cette int\u00e9gration est \u00e9quip\u00e9e d&rsquo;une vaste gamme de fonctionnalit\u00e9s et d&rsquo;avantages qui ne peuvent pas laisser les utilisateurs \u00e9tonn\u00e9s, tels que la fourniture de support pour plusieurs r\u00e9seaux d&rsquo;annonces, la disponibilit\u00e9 d&rsquo;options de ciblage avanc\u00e9es et la possibilit\u00e9 d&rsquo;acc\u00e9der \u00e0 des rapports et des analyses en temps r\u00e9el. L&rsquo;utilisation de cet outil permet aux utilisateurs d&rsquo;administrer et d&rsquo;optimiser sans effort leurs campagnes publicitaires, tout en leur permettant simultan\u00e9ment de suivre diverses mesures de performance et de prendre des d\u00e9cisions bien inform\u00e9es enracin\u00e9es dans les donn\u00e9es afin d&rsquo;am\u00e9liorer leurs revenus publicitaires. Que vous soyez le propri\u00e9taire d&rsquo;une entreprise diminutive ou d&rsquo;un individu responsable d&rsquo;un \u00e9tendue d&#8217;empire de publication, il est sans \u00e9quivoque imp\u00e9ratif que vous vous procurez l&rsquo;int\u00e9gration avanc\u00e9e de la publicit\u00e9 ADS Google, car il sert d&rsquo;outil indispensable qui a la capacit\u00e9 de vous aider Google Manager, car il sert d&rsquo;outil indispensable qui a la capacit\u00e9 de vous aider Google Manager, car il sert d&rsquo;outil indispensable qui a la capacit\u00e9 de vous aider Google Manager, car il sert d&rsquo;outil indispensable qui a la capacit\u00e9 de vous aider Google Manager, car il sert d&rsquo;outil indispensable qui a la capacit\u00e9 de vous aider Google Manager, car il sert d&rsquo;outil indispensable qui a la capacit\u00e9 de vous aider Google Manager, car il sert un outil indispensable qui a la capacit\u00e9 de vous aider Google dans la r\u00e9alisation de vos objectifs publicitaires et la cr\u00e9ation d&rsquo;une formidable pr\u00e9sence en ligne.<\/p>\n<ul>\n<li>Int\u00e9grez de mani\u00e8re transparente Google Ad Manager avec votre site Web<\/li>\n<li>Gagnez acc\u00e8s \u00e0 des fonctionnalit\u00e9s avanc\u00e9es telles que l&rsquo;allocation dynamique et les ench\u00e8res en temps r\u00e9el<\/li>\n<li>G\u00e9rer et optimiser facilement votre inventaire d&rsquo;annonces avec des outils puissants et des rapports<\/li>\n<li>Augmenter les revenus en mettant les stocks \u00e0 la disposition d&rsquo;un \u00e9ventail plus large d&rsquo;annonceurs<\/li>\n<li>B\u00e9n\u00e9ficier d&rsquo;une int\u00e9gration fiable et s\u00e9curis\u00e9e avec la robuste plate-forme d&rsquo;annonce de Google Ad Manager<\/li>\n<li>Gagnez du temps et r\u00e9duisez la complexit\u00e9 gr\u00e2ce aux op\u00e9rations d&rsquo;annonces rationalis\u00e9es et \u00e0 la gestion des stocks<\/li>\n<li>Profitez du soutien professionnel de notre \u00e9quipe d\u00e9di\u00e9e d&rsquo;experts en technologie publicitaire<\/li>\n<li>Profitez des mises \u00e0 jour et des am\u00e9liorations en cours pour rester en avance sur la comp\u00e9tition<\/li>\n<\/ul>\n","protected":false},"excerpt":{"rendered":"<p>L&rsquo;int\u00e9gration avanc\u00e9e des annonces publicitaires Google est un outil publicitaire robuste qui am\u00e9liore et affine consid\u00e9rablement vos efforts publicitaires. Cette int\u00e9gration Google Ad Manager WordPress est un m\u00e9canisme puissant et influent qui permet une gestion efficace de campagne publicitaire en combinant de mani\u00e8re transparente votre compte Google AD Manager avec votre site WordPress.<\/p>\n<p>De plus, il offre la caract\u00e9ristique extraordinaire de l&rsquo;injection de code AdSense, ce qui am\u00e9liore encore l&rsquo;efficacit\u00e9 de vos annonces. L&rsquo;int\u00e9gration comprend \u00e9galement des placements d&rsquo;annonces automatis\u00e9s pour la facilit\u00e9 et l&rsquo;efficacit\u00e9, ainsi qu&rsquo;un m\u00e9canisme de rotation d&rsquo;annonces sans couture, pr\u00e9sentant une exp\u00e9rience publicitaire douce et sans trouble pour les \u00e9diteurs et les annonceurs.<\/p>\n<p>Que votre objectif soit d&rsquo;amplifier les revenus publicitaires ou de simplifier le processus de gestion des annonces, l&rsquo;int\u00e9gration avanc\u00e9e des annonces AD Google Manager est sans aucun doute la solution dont vous avez besoin. Il ne fournit pas seulement une plate-forme; Il offre une solution compl\u00e8te pour vos besoins publicitaires. Avec ses fonctionnalit\u00e9s puissantes et son interface conviviale, vous pouvez \u00eatre assur\u00e9 que vos campagnes publicitaires sont entre de bonnes mains.<\/p>\n","protected":false},"featured_media":143050,"comment_status":"open","ping_status":"open","template":"","meta":[],"product_brand":[2446],"product_cat":[1207,1181,1186],"product_tag":[2196],"class_list":{"0":"post-122647","1":"product","2":"type-product","3":"status-publish","4":"has-post-thumbnail","6":"product_brand-advanced-ads","7":"product_cat-commercialisation-wordpress-plugins","8":"product_cat-plugins","9":"product_cat-wordpress-plugins","10":"product_tag-advanced-ads","11":"member-discount","12":"discount-restricted","14":"first","15":"instock","16":"sale","17":"downloadable","18":"virtual","19":"sold-individually","20":"purchasable","21":"product-type-simple"},"_links":{"self":[{"href":"https:\/\/gpl-love.com\/fr\/wp-json\/wp\/v2\/product\/122647","targetHints":{"allow":["GET"]}}],"collection":[{"href":"https:\/\/gpl-love.com\/fr\/wp-json\/wp\/v2\/product"}],"about":[{"href":"https:\/\/gpl-love.com\/fr\/wp-json\/wp\/v2\/types\/product"}],"replies":[{"embeddable":true,"href":"https:\/\/gpl-love.com\/fr\/wp-json\/wp\/v2\/comments?post=122647"}],"wp:featuredmedia":[{"embeddable":true,"href":"https:\/\/gpl-love.com\/fr\/wp-json\/wp\/v2\/media\/143050"}],"wp:attachment":[{"href":"https:\/\/gpl-love.com\/fr\/wp-json\/wp\/v2\/media?parent=122647"}],"wp:term":[{"taxonomy":"product_brand","embeddable":true,"href":"https:\/\/gpl-love.com\/fr\/wp-json\/wp\/v2\/product_brand?post=122647"},{"taxonomy":"product_cat","embeddable":true,"href":"https:\/\/gpl-love.com\/fr\/wp-json\/wp\/v2\/product_cat?post=122647"},{"taxonomy":"product_tag","embeddable":true,"href":"https:\/\/gpl-love.com\/fr\/wp-json\/wp\/v2\/product_tag?post=122647"}],"curies":[{"name":"wp","href":"https:\/\/api.w.org\/{rel}","templated":true}]}}