{"id":122611,"date":"2023-10-09T00:00:00","date_gmt":"2023-10-08T22:00:00","guid":{"rendered":"https:\/\/gpl-love.com\/fr\/produit\/amp-layouts\/"},"modified":"2026-03-20T22:54:32","modified_gmt":"2026-03-20T21:54:32","slug":"amp-layouts","status":"publish","type":"product","link":"https:\/\/gpl-love.com\/fr\/produit\/amp-layouts\/","title":{"rendered":"AMP Layouts 1.9.41"},"content":{"rendered":"<h3>AMP Layouts Traits<\/h3>\n<p>AMP Layouts est un outil tr\u00e8s robuste et efficace qui permet aux utilisateurs de g\u00e9n\u00e9rer sans effort des pages mobiles acc\u00e9l\u00e9r\u00e9es extr\u00eamement optimis\u00e9es (AMP) pour leur site Web. En tirant parti des dispositions AMP, les utilisateurs peuvent concevoir et personnaliser de mani\u00e8re transparente leurs pages pour garantir un chargement rapide et des performances transparentes sur les appareils mobiles. Cet outil remarquable offre un \u00e9ventail \u00e9tendu de mod\u00e8les pr\u00e9-con\u00e7us qui peuvent \u00eatre modifi\u00e9s sans effort pour r\u00e9pondre aux exigences sp\u00e9cifiques des utilisateurs. De plus, les utilisateurs ont la possibilit\u00e9 de cr\u00e9er leurs propres dispositions distinctives et personnalis\u00e9es \u00e0 partir de z\u00e9ro via l&rsquo;interface de glisser et de d\u00e9p\u00f4t conviviale. L&rsquo;utilisation des dispositions AMP peut contribuer \u00e0 augmenter le trafic du site Web, \u00e0 am\u00e9liorer l&rsquo;engagement des utilisateurs et, finalement, \u00e0 favoriser les conversions en raison de ses fonctionnalit\u00e9s d&rsquo;optimisation ing\u00e9nieuses. Que l&rsquo;on aspire \u00e0 fabriquer une page de destination captivante, un article de blog engageant, une page de produit convaincante ou toute autre forme de contenu, les mises en page AMP sont prouv\u00e9es pour faciliter la r\u00e9alisation des objectifs d&rsquo;optimisation mobile avec une facilit\u00e9 remarquable.<\/p>\n<ul>\n<li>Un outil logiciel pour cr\u00e9er des mises en page personnalisables (pages mobiles acc\u00e9l\u00e9r\u00e9es)<\/li>\n<li>Interface de glisser-d\u00e9poser intuitive pour une conception de mise en page facile<\/li>\n<li>Des centaines de mod\u00e8les pr\u00e9-con\u00e7us au choix pour un d\u00e9veloppement plus rapide<\/li>\n<li>Capacit\u00e9 \u00e0 personnaliser des \u00e9l\u00e9ments de conception tels que les couleurs, les polices et les images<\/li>\n<li>Fonction d&rsquo;aper\u00e7u int\u00e9gr\u00e9e pour voir \u00e0 quoi ressemblera la mise en page sur diff\u00e9rents appareils<\/li>\n<li>Prend en charge l&rsquo;int\u00e9gration avec des syst\u00e8mes de gestion de contenu populaires tels que WordPress et Drupal<\/li>\n<li>Aide \u00e0 am\u00e9liorer le temps de chargement des pages et les classements SEO pour les utilisateurs mobiles<\/li>\n<li>R\u00e9guli\u00e8rement mis \u00e0 jour avec de nouveaux mod\u00e8les et fonctionnalit\u00e9s pour rester \u00e0 jour avec les tendances de l&rsquo;industrie<\/li>\n<li>Compatible avec tous les principaux navigateurs Web et appareils mobiles<\/li>\n<li>Plans de prix abordables pour les utilisateurs individuels et les entreprises de toutes tailles.<\/li>\n<\/ul>\n","protected":false},"excerpt":{"rendered":"<p>D\u00e9couvrez la puissance des mises en page AMP, un outil de pointe con\u00e7u pour l&rsquo;efficacit\u00e9 et l&rsquo;esth\u00e9tique de votre site Web. Notre plateforme offre une vaste s\u00e9lection de dispositions optimis\u00e9es pour la vitesse, les performances et la compatibilit\u00e9 mobile. Avec des dispositions AMP, vous pouvez profiter d&rsquo;une interface flexible, personnalisable et conviviale qui garantit une exp\u00e9rience transparente pour les visiteurs de votre site Web. Nous avons int\u00e9gr\u00e9 la technologie de pointe pour permettre une navigation en douceur et des temps de chargement rapides. Non seulement les dispositions AMP am\u00e9liorent la fonctionnalit\u00e9 de votre site Web, mais elle am\u00e9liore \u00e9galement consid\u00e9rablement son attrait visuel. Profitez de l&rsquo;adaptabilit\u00e9 de notre outil et adaptez votre site Web \u00e0 vos besoins sp\u00e9cifiques. Profitez des avantages des dispositions AMP aujourd&rsquo;hui et cr\u00e9ez un site Web qui se d\u00e9marque.<\/p>\n","protected":false},"featured_media":143124,"comment_status":"open","ping_status":"open","template":"","meta":[],"product_brand":[2447],"product_cat":[1189,1181,1186],"product_tag":[2279],"class_list":{"0":"post-122611","1":"product","2":"type-product","3":"status-publish","4":"has-post-thumbnail","6":"product_brand-amp-wp","7":"product_cat-personnalisation","8":"product_cat-plugins","9":"product_cat-wordpress-plugins","10":"product_tag-amp-wp","11":"member-discount","12":"discount-restricted","14":"first","15":"instock","16":"sale","17":"downloadable","18":"virtual","19":"sold-individually","20":"purchasable","21":"product-type-simple"},"_links":{"self":[{"href":"https:\/\/gpl-love.com\/fr\/wp-json\/wp\/v2\/product\/122611","targetHints":{"allow":["GET"]}}],"collection":[{"href":"https:\/\/gpl-love.com\/fr\/wp-json\/wp\/v2\/product"}],"about":[{"href":"https:\/\/gpl-love.com\/fr\/wp-json\/wp\/v2\/types\/product"}],"replies":[{"embeddable":true,"href":"https:\/\/gpl-love.com\/fr\/wp-json\/wp\/v2\/comments?post=122611"}],"wp:featuredmedia":[{"embeddable":true,"href":"https:\/\/gpl-love.com\/fr\/wp-json\/wp\/v2\/media\/143124"}],"wp:attachment":[{"href":"https:\/\/gpl-love.com\/fr\/wp-json\/wp\/v2\/media?parent=122611"}],"wp:term":[{"taxonomy":"product_brand","embeddable":true,"href":"https:\/\/gpl-love.com\/fr\/wp-json\/wp\/v2\/product_brand?post=122611"},{"taxonomy":"product_cat","embeddable":true,"href":"https:\/\/gpl-love.com\/fr\/wp-json\/wp\/v2\/product_cat?post=122611"},{"taxonomy":"product_tag","embeddable":true,"href":"https:\/\/gpl-love.com\/fr\/wp-json\/wp\/v2\/product_tag?post=122611"}],"curies":[{"name":"wp","href":"https:\/\/api.w.org\/{rel}","templated":true}]}}