{"id":122609,"date":"2023-10-09T00:00:00","date_gmt":"2023-10-08T22:00:00","guid":{"rendered":"https:\/\/gpl-love.com\/fr\/produit\/contact-form-7-pour-amp\/"},"modified":"2026-03-20T22:58:59","modified_gmt":"2026-03-20T21:58:59","slug":"contact-form-7-pour-amp","status":"publish","type":"product","link":"https:\/\/gpl-love.com\/fr\/produit\/contact-form-7-pour-amp\/","title":{"rendered":"Contact Form 7 pour AMP 1.59"},"content":{"rendered":"<h3>Contact Form 7 pour AMP Traits<\/h3>\n<p>Le formulaire de contact 7 pour AMP, qui est un plugin WordPress, pr\u00e9sente la possibilit\u00e9 de g\u00e9n\u00e9rer sans effort et d&rsquo;inclure des formulaires de contact sur vos pages AMP. Ce plugin pr\u00e9sente une vari\u00e9t\u00e9 de champs de formulaire, de choix de personnalisation et de mod\u00e8les, qui visent tous \u00e0 vous aider \u00e0 adapter le formulaire en fonction de vos besoins sp\u00e9cifiques. En utilisant le formulaire de contact 7 pour AMP, vous pouvez facilement int\u00e9grer les formulaires de contact dans vos pages AMP, en fin de compte, am\u00e9liorer l&rsquo;exp\u00e9rience utilisateur globale et faciliter une communication plus facile entre les visiteurs et vous-m\u00eame. En outre, ce plugin est con\u00e7u pour \u00eatre convivial et ne n\u00e9cessite aucune expertise de codage, ce qui le rend un outil parfait pour les blogueurs, les petites entreprises et les individus visant \u00e0 incorporer des formulaires de contact sur leurs pages AMP.<\/p>\n<ul>\n<li>Fournit une compatibilit\u00e9 AMP pour le plugin Formulaire de contact 7 sur les sites WordPress<\/li>\n<li>Permet un chargement plus rapide des formulaires sur les appareils mobiles<\/li>\n<li>Con\u00e7u pour une installation et une configuration faciles, m\u00eame pour les utilisateurs non techniques<\/li>\n<li>Maintient les m\u00eames fonctionnalit\u00e9s et conception du plugin de contact d&rsquo;origine 7<\/li>\n<li>Compatible avec les plugins AMP populaires comme AMP pour WP et AMP par Automattic<\/li>\n<li>Am\u00e9liore l&rsquo;exp\u00e9rience utilisateur et l&rsquo;engagement en am\u00e9liorant l&rsquo;accessibilit\u00e9 mobile<\/li>\n<li>Aide au r\u00e9f\u00e9rencement en augmentant la conformit\u00e9 AMP sur les pages avec des formulaires<\/li>\n<li>Offre un support client et des mises \u00e0 jour r\u00e9guli\u00e8res pour la maintenance continue<\/li>\n<\/ul>\n","protected":false},"excerpt":{"rendered":"<p>Am\u00e9liorez la fonctionnalit\u00e9 de votre site Web avec le formulaire de contact 7 pour le plugin AMP. Cet outil inestimable vous permet d&rsquo;int\u00e9grer le plugin de contact populaire 7 de mani\u00e8re transparente dans votre format de pages mobiles acc\u00e9l\u00e9r\u00e9s (AMP). Il fournit un formulaire optimis\u00e9 et convivial pour que les visiteurs de votre site Web puissent remplir, am\u00e9liorant leur exp\u00e9rience mobile. Cette int\u00e9gration garantit que votre site Web reste rapide, r\u00e9actif et accessible sur tous les appareils, augmentant ainsi les taux d&rsquo;engagement et de conversion des utilisateurs. Le formulaire de contact 7 pour le plugin AMP est facile \u00e0 installer, \u00e0 configurer et \u00e0 utiliser, ce qui en fait un outil incontournable pour tout propri\u00e9taire de site Web qui cherche \u00e0 augmenter sa pr\u00e9sence en ligne. Avec ce plugin, vous pouvez d\u00e9sormais profiter des avantages de l&rsquo;AMP sans sacrifier la fonctionnalit\u00e9 du formulaire de contact 7.<\/p>\n","protected":false},"featured_media":143419,"comment_status":"open","ping_status":"open","template":"","meta":[],"product_brand":[2447],"product_cat":[1189,1181,1186],"product_tag":[2279],"class_list":{"0":"post-122609","1":"product","2":"type-product","3":"status-publish","4":"has-post-thumbnail","6":"product_brand-amp-wp","7":"product_cat-personnalisation","8":"product_cat-plugins","9":"product_cat-wordpress-plugins","10":"product_tag-amp-wp","11":"member-discount","12":"discount-restricted","14":"first","15":"instock","16":"sale","17":"downloadable","18":"virtual","19":"sold-individually","20":"purchasable","21":"product-type-simple"},"_links":{"self":[{"href":"https:\/\/gpl-love.com\/fr\/wp-json\/wp\/v2\/product\/122609","targetHints":{"allow":["GET"]}}],"collection":[{"href":"https:\/\/gpl-love.com\/fr\/wp-json\/wp\/v2\/product"}],"about":[{"href":"https:\/\/gpl-love.com\/fr\/wp-json\/wp\/v2\/types\/product"}],"replies":[{"embeddable":true,"href":"https:\/\/gpl-love.com\/fr\/wp-json\/wp\/v2\/comments?post=122609"}],"wp:featuredmedia":[{"embeddable":true,"href":"https:\/\/gpl-love.com\/fr\/wp-json\/wp\/v2\/media\/143419"}],"wp:attachment":[{"href":"https:\/\/gpl-love.com\/fr\/wp-json\/wp\/v2\/media?parent=122609"}],"wp:term":[{"taxonomy":"product_brand","embeddable":true,"href":"https:\/\/gpl-love.com\/fr\/wp-json\/wp\/v2\/product_brand?post=122609"},{"taxonomy":"product_cat","embeddable":true,"href":"https:\/\/gpl-love.com\/fr\/wp-json\/wp\/v2\/product_cat?post=122609"},{"taxonomy":"product_tag","embeddable":true,"href":"https:\/\/gpl-love.com\/fr\/wp-json\/wp\/v2\/product_tag?post=122609"}],"curies":[{"name":"wp","href":"https:\/\/api.w.org\/{rel}","templated":true}]}}