{"id":122607,"date":"2024-02-12T00:00:00","date_gmt":"2024-02-11T23:00:00","guid":{"rendered":"https:\/\/gpl-love.com\/fr\/produit\/chardonnay-wine-store-et-vineyard-wordpress-theme\/"},"modified":"2026-03-20T22:58:19","modified_gmt":"2026-03-20T21:58:19","slug":"chardonnay-wine-store-et-vineyard-wordpress-theme","status":"publish","type":"product","link":"https:\/\/gpl-love.com\/fr\/produit\/chardonnay-wine-store-et-vineyard-wordpress-theme\/","title":{"rendered":"Chardonnay Wine Store et Vineyard WordPress Theme 1.16.0"},"content":{"rendered":"<h3>Chardonnay Wine Store et Vineyard WordPress Theme Traits<\/h3>\n<p>Le Chardonnay Wine Store and Vineyard WordPress th\u00e8me est une s\u00e9lection hautement louable pour les entreprises op\u00e9rant dans l&rsquo;industrie du vin en raison de ses attributs exceptionnels. B\u00e9n\u00e9ficiant d&rsquo;un design \u00e9l\u00e9gant et contemporain, ce th\u00e8me sert de plate-forme id\u00e9ale pour pr\u00e9senter efficacement la gamme de produits et services offerts par votre vignoble estim\u00e9. En outre, ce th\u00e8me comprend une vaste gamme d&rsquo;options de personnalisation, permettant une touche vraiment personnalis\u00e9e, et comprend \u00e9galement un ensemble complet de pages pr\u00e9d\u00e9finies, facilitant ainsi la cr\u00e9ation transparente d&rsquo;un site Web qui d\u00e9gage le professionnalisme. De plus, il convient de souligner que ce th\u00e8me a \u00e9t\u00e9 m\u00e9ticuleusement optimis\u00e9 pour les moteurs de recherche, garantissant un placement \u00e9lev\u00e9 dans les r\u00e9sultats des moteurs de recherche, augmentant ainsi la visibilit\u00e9 en ligne. En exploitant la puissance du magasin de vin Chardonnay et du th\u00e8me WordPress vignoble, la promotion sans effort de votre vignoble et la captivation d&rsquo;une client\u00e8le plus large devient une r\u00e9alit\u00e9 r\u00e9alisable.<\/p>\n<ul>\n<li>Design propre et moderne, parfait pour les magasins de vin et les vignobles<\/li>\n<li>Enti\u00e8rement r\u00e9actif et adapt\u00e9 aux mobiles, garantir que votre site Web a fi\u00e8re allure sur tous les appareils<\/li>\n<li>Le personnalisateur de th\u00e8me vous permet de personnaliser facilement les couleurs, les polices et les dispositions pour correspondre \u00e0 votre marque<\/li>\n<li>Syst\u00e8me de r\u00e9servation int\u00e9gr\u00e9 pour les d\u00e9gustations de planification et les visites<\/li>\n<li>Int\u00e9gration WooCommerce pour la vente de vin et de marchandises en ligne<\/li>\n<li>Int\u00e9gration des m\u00e9dias sociaux pour un partage et une promotion faciles sur les plateformes populaires<\/li>\n<li>Documentation approfondie et support client pour vous aider \u00e0 d\u00e9marrer et r\u00e9soudre tous les probl\u00e8mes<\/li>\n<\/ul>\n","protected":false},"excerpt":{"rendered":"<p>Notre th\u00e8me WordPress Chardonnay Wine and Vineyard est un mod\u00e8le de premi\u00e8re qualit\u00e9 et magnifiquement con\u00e7u sp\u00e9cialement con\u00e7u pour les propri\u00e9taires de vignobles, les vignobles et les amateurs de vin qui cherchent \u00e0 pr\u00e9senter leurs produits de mani\u00e8re sophistiqu\u00e9e et \u00e9l\u00e9gante. Ce th\u00e8me WordPress est enti\u00e8rement r\u00e9actif, garantissant qu&rsquo;il a fi\u00e8re allure sur n&rsquo;importe quel appareil, du mobile au bureau. Il est livr\u00e9 avec des fonctionnalit\u00e9s adapt\u00e9es \u00e0 l&rsquo;industrie du vin, y compris un catalogue de vin, un calendrier d&rsquo;\u00e9v\u00e9nements de d\u00e9gustation de vin et une boutique en ligne int\u00e9gr\u00e9e pour les ventes de vin directes. Avec sa conception propre et son interface facile \u00e0 utiliser, vous pouvez partager sans effort l&rsquo;histoire unique de votre vignoble, promouvoir des mill\u00e9simes sp\u00e9ciaux et attirer de nouveaux clients. Que vous soyez un petit vignoble boutique ou un grand d\u00e9taillant de vin, ce th\u00e8me offre une pr\u00e9sence en ligne professionnelle et \u00e9l\u00e9gante pour stimuler votre entreprise.<\/p>\n","protected":false},"featured_media":143374,"comment_status":"open","ping_status":"open","template":"","meta":[],"product_brand":[2433],"product_cat":[1516,1212,1213],"product_tag":[1366],"class_list":{"0":"post-122607","1":"product","2":"type-product","3":"status-publish","4":"has-post-thumbnail","6":"product_brand-themeforest","7":"product_cat-entreprise","8":"product_cat-themes","9":"product_cat-wordpress-themes","10":"product_tag-themeforest","11":"member-discount","12":"discount-restricted","14":"first","15":"instock","16":"sale","17":"downloadable","18":"virtual","19":"sold-individually","20":"purchasable","21":"product-type-simple"},"_links":{"self":[{"href":"https:\/\/gpl-love.com\/fr\/wp-json\/wp\/v2\/product\/122607","targetHints":{"allow":["GET"]}}],"collection":[{"href":"https:\/\/gpl-love.com\/fr\/wp-json\/wp\/v2\/product"}],"about":[{"href":"https:\/\/gpl-love.com\/fr\/wp-json\/wp\/v2\/types\/product"}],"replies":[{"embeddable":true,"href":"https:\/\/gpl-love.com\/fr\/wp-json\/wp\/v2\/comments?post=122607"}],"wp:featuredmedia":[{"embeddable":true,"href":"https:\/\/gpl-love.com\/fr\/wp-json\/wp\/v2\/media\/143374"}],"wp:attachment":[{"href":"https:\/\/gpl-love.com\/fr\/wp-json\/wp\/v2\/media?parent=122607"}],"wp:term":[{"taxonomy":"product_brand","embeddable":true,"href":"https:\/\/gpl-love.com\/fr\/wp-json\/wp\/v2\/product_brand?post=122607"},{"taxonomy":"product_cat","embeddable":true,"href":"https:\/\/gpl-love.com\/fr\/wp-json\/wp\/v2\/product_cat?post=122607"},{"taxonomy":"product_tag","embeddable":true,"href":"https:\/\/gpl-love.com\/fr\/wp-json\/wp\/v2\/product_tag?post=122607"}],"curies":[{"name":"wp","href":"https:\/\/api.w.org\/{rel}","templated":true}]}}