{"id":122603,"date":"2025-06-05T00:00:00","date_gmt":"2025-06-04T22:00:00","guid":{"rendered":"https:\/\/gpl-love.com\/fr\/produit\/yucca-wordpress-theme-pour-creatives\/"},"modified":"2026-03-20T23:54:28","modified_gmt":"2026-03-20T22:54:28","slug":"yucca-wordpress-theme-pour-creatives","status":"publish","type":"product","link":"https:\/\/gpl-love.com\/fr\/produit\/yucca-wordpress-theme-pour-creatives\/","title":{"rendered":"Yucca WordPress Th\u00e8me pour Creatives 1.19.0"},"content":{"rendered":"<h3>Yucca WordPress Th\u00e8me pour Creatives Traits<\/h3>\n<p>Le th\u00e8me WordPress du Yucca se pr\u00e9sente comme une option tr\u00e8s polyvalente et esth\u00e9tique pour les individus d\u00e9bordant de cr\u00e9ativit\u00e9, aspirant \u00e0 un espace virtuel qui refl\u00e8te avec pr\u00e9cision leur style distinct et leur sensibilit\u00e9 artistique. Arborant un design poli et contemporain, le Yucca embrasse de tout c\u0153ur le concept de personnalisation, offrant \u00e0 ses utilisateurs l&rsquo;occasion en or d&rsquo;adapter leur site Web afin de r\u00e9pondre \u00e0 leurs besoins sp\u00e9cifiques et de pr\u00e9senter leurs cr\u00e9ations dans la lumi\u00e8re la plus favorable imaginable. B\u00e9n\u00e9ficiant d&rsquo;une vaste s\u00e9lection de mod\u00e8les et de dispositions pr\u00e9-con\u00e7us, en plus d&rsquo;un support in\u00e9branlable pour un assortiment de plugins et de widgets, le Yucca simplifie sans effort le processus de fabrication d&rsquo;un site Web visuellement \u00e9tonnant et poli qui captive et motive efficacement ses visiteurs. Quel que soit son exp\u00e9rience professionnelle en tant que photographe, artiste, \u00e9crivain ou concepteur, le th\u00e8me WordPress Yucca \u00e9merge sans effort comme le choix id\u00e9al pour exposer et promouvoir leurs chefs-d&rsquo;\u0153uvre, tout en construisant simultan\u00e9ment une pr\u00e9sence en ligne commandante.<\/p>\n<ul>\n<li>Un th\u00e8me WordPress moderne et \u00e9l\u00e9gant con\u00e7u sp\u00e9cifiquement pour les professionnels de la cr\u00e9ation<\/li>\n<li>Design propre et minimaliste avec beaucoup d&rsquo;espace blanc pour pr\u00e9senter votre travail<\/li>\n<li>Enti\u00e8rement r\u00e9actif et optimis\u00e9 pour tous les appareils, y compris le bureau, la tablette et le mobile<\/li>\n<li>Livr\u00e9 avec une gamme d&rsquo;options de personnalisation puissantes, y compris des widgets personnalisables, des options d&rsquo;en-t\u00eate et de pied de page, des sch\u00e9mas de couleurs et des choix de polices<\/li>\n<li>La fonctionnalit\u00e9 de portfolio int\u00e9gr\u00e9e facilite la pr\u00e9sentation de votre travail de mani\u00e8re visuellement \u00e9tonnante<\/li>\n<li>Comprend une gamme de mod\u00e8les de pages pr\u00e9-con\u00e7us, y compris sur, le contact et les pages de blog<\/li>\n<li>Facile \u00e0 installer et \u00e0 utiliser, m\u00eame pour les d\u00e9butants WordPress<\/li>\n<li>R\u00e9guli\u00e8rement mis \u00e0 jour avec de nouvelles fonctionnalit\u00e9s et fonctionnalit\u00e9s pour assurer des performances optimales<\/li>\n<li>\u00c9quipe de support d\u00e9di\u00e9e pour vous aider avec toutes les questions ou probl\u00e8mes que vous pouvez rencontrer<\/li>\n<li>Compatible avec tous les principaux plugins et outils tiers, y compris WooCommerce, Elementor, etc.<\/li>\n<\/ul>\n","protected":false},"excerpt":{"rendered":"<p>Le th\u00e8me WordPress du Yucca pour les cr\u00e9atifs est un th\u00e8me esth\u00e9tique et hautement personnalisable qui a \u00e9t\u00e9 sp\u00e9cialement con\u00e7u pour les artistes, les photographes et d&rsquo;autres individus dans le domaine cr\u00e9atif. Ce th\u00e8me remarquable est construit sur un cadre r\u00e9actif, garantissant qu&rsquo;il offre la plus grande exp\u00e9rience utilisateur \u00e0 tous les types d&rsquo;appareils. Avec une pl\u00e9thore de fonctionnalit\u00e9s impressionnantes \u00e0 votre disposition, y compris des options de portefeuille avanc\u00e9es, des widgets personnalis\u00e9s et un constructeur de pages robuste, Yucca vous accorde des opportunit\u00e9s illimit\u00e9es pour manifester vos visions cr\u00e9atives dans la r\u00e9alit\u00e9. Que vous aspirez \u00e0 exposer votre travail d&rsquo;une mani\u00e8re audacieuse et captivante ou que vous aspirez \u00e0 \u00e9tablir une pr\u00e9sence en ligne professionnelle qui se distingue vraiment, le th\u00e8me WordPress du Yucca pour les cr\u00e9atifs englobe tous les outils n\u00e9cessaires pour votre triomphe.<\/p>\n","protected":false},"featured_media":146465,"comment_status":"open","ping_status":"open","template":"","meta":[],"product_brand":[2433],"product_cat":[1242,1212,1213],"product_tag":[1366],"class_list":{"0":"post-122603","1":"product","2":"type-product","3":"status-publish","4":"has-post-thumbnail","6":"product_brand-themeforest","7":"product_cat-creatif","8":"product_cat-themes","9":"product_cat-wordpress-themes","10":"product_tag-themeforest","11":"member-discount","12":"discount-restricted","14":"first","15":"instock","16":"sale","17":"downloadable","18":"virtual","19":"sold-individually","20":"purchasable","21":"product-type-simple"},"_links":{"self":[{"href":"https:\/\/gpl-love.com\/fr\/wp-json\/wp\/v2\/product\/122603","targetHints":{"allow":["GET"]}}],"collection":[{"href":"https:\/\/gpl-love.com\/fr\/wp-json\/wp\/v2\/product"}],"about":[{"href":"https:\/\/gpl-love.com\/fr\/wp-json\/wp\/v2\/types\/product"}],"replies":[{"embeddable":true,"href":"https:\/\/gpl-love.com\/fr\/wp-json\/wp\/v2\/comments?post=122603"}],"wp:featuredmedia":[{"embeddable":true,"href":"https:\/\/gpl-love.com\/fr\/wp-json\/wp\/v2\/media\/146465"}],"wp:attachment":[{"href":"https:\/\/gpl-love.com\/fr\/wp-json\/wp\/v2\/media?parent=122603"}],"wp:term":[{"taxonomy":"product_brand","embeddable":true,"href":"https:\/\/gpl-love.com\/fr\/wp-json\/wp\/v2\/product_brand?post=122603"},{"taxonomy":"product_cat","embeddable":true,"href":"https:\/\/gpl-love.com\/fr\/wp-json\/wp\/v2\/product_cat?post=122603"},{"taxonomy":"product_tag","embeddable":true,"href":"https:\/\/gpl-love.com\/fr\/wp-json\/wp\/v2\/product_tag?post=122603"}],"curies":[{"name":"wp","href":"https:\/\/api.w.org\/{rel}","templated":true}]}}