{"id":122601,"date":"2025-10-10T00:00:00","date_gmt":"2025-10-09T22:00:00","guid":{"rendered":"https:\/\/gpl-love.com\/fr\/produit\/wp-content-copy-protection-et-no-right-click-pro\/"},"modified":"2026-03-20T23:49:35","modified_gmt":"2026-03-20T22:49:35","slug":"wp-content-copy-protection-et-no-right-click-pro","status":"publish","type":"product","link":"https:\/\/gpl-love.com\/fr\/produit\/wp-content-copy-protection-et-no-right-click-pro\/","title":{"rendered":"WP Content Copy Protection No Right Click Pro 16.9"},"content":{"rendered":"<h3>WP Content Copy Protection No Right Click Pro Traits<\/h3>\n<p>Protection de copie de contenu WP Aucun clic droit, est un plugin WordPress incroyablement puissant qui va au-del\u00e0 pour assurer la plus grande s\u00e9curit\u00e9 du contenu pr\u00e9cieux de votre site Web en d\u00e9sactivant efficacement la fonctionnalit\u00e9 avec le bouton droit. En mettant en \u0153uvre ce plugin exceptionnel, vous pouvez effectivement emp\u00eacher les individus non autoris\u00e9s de copier ou de t\u00e9l\u00e9charger subrepticement votre texte m\u00e9ticuleusement con\u00e7u, de captiver des images, des vid\u00e9os visuellement \u00e9poustouflantes et de tout autre fichier m\u00e9diatique qui contribue \u00e0 l&rsquo;unicit\u00e9 et \u00e0 l&rsquo;attrait globaux de votre site Web, tous sans votre explicite consentement.<br \/>\nCe plugin poss\u00e8de une vaste gamme de fonctionnalit\u00e9s tr\u00e8s recherch\u00e9es qui le distinguent vraiment des autres, vous offrant la tranquillit\u00e9 d&rsquo;esprit que vous m\u00e9ritez. Notamment, il offre une protection robuste contre les tentatives de capture d&rsquo;\u00e9cran potentielles, d\u00e9jouant efficacement les efforts mal intentionn\u00e9s pour obtenir illicitement votre contenu prot\u00e9g\u00e9 par le droit d&rsquo;auteur. De plus, il neutralise sans effort la menace pos\u00e9e par les raccourcis clavier, garantissant que votre contenu pr\u00e9cieux reste en toute s\u00e9curit\u00e9 en toute s\u00e9curit\u00e9. Pour fortifier davantage la protection de votre propri\u00e9t\u00e9 intellectuelle, ce plugin exceptionnel vous permet d&rsquo;ajouter de mani\u00e8re transparente des filigranes de droit d&rsquo;auteur qui affirment sans \u00e9quivoque votre propri\u00e9t\u00e9 et de dissuader tout contrefacteur potentiel. De plus, il vous donne m\u00eame la capacit\u00e9 de d\u00e9sactiver l&rsquo;option de s\u00e9lection de texte apparemment inoffensive mais potentiellement probl\u00e9matique, ce qui rend votre contenu imperm\u00e9able \u00e0 l&rsquo;utilisation non autoris\u00e9e.<br \/>\nL&rsquo;un des aspects les plus louables de la protection de la copie de contenu WP sans clic droit est sa flexibilit\u00e9 remarquable, vous permettant d&rsquo;adapter sans effort les param\u00e8tres du plugin pour s&rsquo;aligner parfaitement sur les exigences et les sp\u00e9cifications uniques de votre site Web estim\u00e9. Cette adaptabilit\u00e9 in\u00e9gal\u00e9e garantit que les mesures de protection mises en \u0153uvre sont non seulement robustes mais \u00e9galement int\u00e9gr\u00e9es de mani\u00e8re transparente dans l&rsquo;esth\u00e9tique et la fonctionnalit\u00e9 globales de votre site Web, sans compromettre ses objectifs et ses objectifs sous-jacents.<br \/>\nEn conclusion, la protection de la copie de contenu WP Aucun clic droit, est ind\u00e9niablement un plugin indispensable pour tout propri\u00e9taire de site Web exigeant qui valorise le caract\u00e8re sacr\u00e9 de leur contenu et met l&rsquo;accent primordial sur la pr\u00e9servation et la sauvegarde de leur propri\u00e9t\u00e9 intellectuelle inestimable. En confiant la protection de votre site Web \u00e0 ce plugin extraordinaire, vous pouvez \u00eatre assur\u00e9 en sachant que votre travail acharn\u00e9, votre cr\u00e9ativit\u00e9 et votre d\u00e9vouement resteront s\u00e9curis\u00e9s et \u00e0 l&rsquo;abri de toutes les tentatives sans scrupules pour d\u00e9tourner ou plagier votre contenu ch\u00e9ri.<\/p>\n<ul>\n<li>Prot\u00e8ge votre contenu WordPress contre la copiation des utilisateurs non autoris\u00e9s<\/li>\n<li>D\u00e9sactive la fonctionnalit\u00e9 avec le bouton droit, ce qui rend plus difficile pour les utilisateurs de copier votre contenu<\/li>\n<li>Offre plusieurs niveaux de protection pour assurer la s\u00e9curit\u00e9 de votre contenu<\/li>\n<li>Comprend une option pour bloquer la copie via les raccourcis clavier<\/li>\n<li>Vous permet de personnaliser le message de protection affich\u00e9 \u00e0 l&rsquo;utilisateur<\/li>\n<li>N&rsquo;affecte pas l&rsquo;accessibilit\u00e9 de votre site aux utilisateurs malvoyants ou aux moteurs de recherche<\/li>\n<li>Param\u00e8tres facilement configurables avec une interface conviviale<\/li>\n<li>Fournit un support client exceptionnel pour vous aider avec tout probl\u00e8me que vous pourriez rencontrer<\/li>\n<li>Compatible avec la plupart des th\u00e8mes et plugins WordPress<\/li>\n<li>R\u00e9guli\u00e8rement mis \u00e0 jour pour prot\u00e9ger votre contenu contre l&rsquo;\u00e9volution des menaces.<\/li>\n<\/ul>\n","protected":false},"excerpt":{"rendered":"<p>La protection de la copie de contenu WP No Click Pro est un plugin WordPress exceptionnellement robuste qui a \u00e9t\u00e9 m\u00e9ticuleusement con\u00e7u pour prot\u00e9ger et fortifier le contenu de votre site Web contre les dangers de la copie et du collage non autoris\u00e9s. Tirant parti de ses fonctionnalit\u00e9s de pointe et de pointe, ce plugin \u00e9limine effectivement l&rsquo;option de clic droit et la possibilit\u00e9 de glisser-d\u00e9poser, ce qui rendait ainsi les tentatives des utilisateurs de copier votre texte m\u00e9ticuleusement organis\u00e9, captivant des images. , et tous les autres \u00e9l\u00e9ments multim\u00e9dias futiles. De plus, ce plugin remarquable va au-del\u00e0 en englobant des mesures de s\u00e9curit\u00e9 suppl\u00e9mentaires telles que la d\u00e9sint\u00e9r\u00eat des barres d&rsquo;outils et l&rsquo;inactivation des menus de contexte, ainsi que la mise en \u0153uvre des techniques de filigrane, toutes m\u00e9ticuleusement con\u00e7ues dans le seul but de l&#8217;empilement de vol de contenu. En vertu de la protection de la copie de contenu WP sans clic droit, vous pouvez \u00eatre assur\u00e9 que le contenu inestimable et exceptionnel de votre site Web restera sauvegard\u00e9 et sans tache, pr\u00e9servant \u00e0 jamais son caract\u00e8re unique et son originalit\u00e9 sans pr\u00e9c\u00e9dent.<\/p>\n","protected":false},"featured_media":146139,"comment_status":"open","ping_status":"open","template":"","meta":[],"product_brand":[2683],"product_cat":[1187,1181,1186],"product_tag":[2183],"class_list":{"0":"post-122601","1":"product","2":"type-product","3":"status-publish","4":"has-post-thumbnail","6":"product_brand-wp-buy","7":"product_cat-administration-wordpress-plugins","8":"product_cat-plugins","9":"product_cat-wordpress-plugins","10":"product_tag-wp-buy","11":"member-discount","12":"discount-restricted","14":"first","15":"instock","16":"sale","17":"downloadable","18":"virtual","19":"sold-individually","20":"purchasable","21":"product-type-simple"},"_links":{"self":[{"href":"https:\/\/gpl-love.com\/fr\/wp-json\/wp\/v2\/product\/122601","targetHints":{"allow":["GET"]}}],"collection":[{"href":"https:\/\/gpl-love.com\/fr\/wp-json\/wp\/v2\/product"}],"about":[{"href":"https:\/\/gpl-love.com\/fr\/wp-json\/wp\/v2\/types\/product"}],"replies":[{"embeddable":true,"href":"https:\/\/gpl-love.com\/fr\/wp-json\/wp\/v2\/comments?post=122601"}],"wp:featuredmedia":[{"embeddable":true,"href":"https:\/\/gpl-love.com\/fr\/wp-json\/wp\/v2\/media\/146139"}],"wp:attachment":[{"href":"https:\/\/gpl-love.com\/fr\/wp-json\/wp\/v2\/media?parent=122601"}],"wp:term":[{"taxonomy":"product_brand","embeddable":true,"href":"https:\/\/gpl-love.com\/fr\/wp-json\/wp\/v2\/product_brand?post=122601"},{"taxonomy":"product_cat","embeddable":true,"href":"https:\/\/gpl-love.com\/fr\/wp-json\/wp\/v2\/product_cat?post=122601"},{"taxonomy":"product_tag","embeddable":true,"href":"https:\/\/gpl-love.com\/fr\/wp-json\/wp\/v2\/product_tag?post=122601"}],"curies":[{"name":"wp","href":"https:\/\/api.w.org\/{rel}","templated":true}]}}