{"id":122599,"date":"2025-05-15T00:00:00","date_gmt":"2025-05-14T22:00:00","guid":{"rendered":"https:\/\/gpl-love.com\/fr\/produit\/lottier-lottie-animated-images-pour-wpbakery\/"},"modified":"2026-03-20T23:22:48","modified_gmt":"2026-03-20T22:22:48","slug":"lottier-lottie-animated-images-pour-wpbakery","status":"publish","type":"product","link":"https:\/\/gpl-love.com\/fr\/produit\/lottier-lottie-animated-images-pour-wpbakery\/","title":{"rendered":"Lottier Lottie Animated Images pour WPBakery 1.1.7"},"content":{"rendered":"<h3>Lottier Lottie Animated Images pour WPBakery Traits<\/h3>\n<p>Les images anim\u00e9es Lottier Lottie pour le plugin WPBAKERY sont un outil innovant et r\u00e9volutionnaire qui offre un moyen sans couture et sans effort d&rsquo;incorporer des images anim\u00e9es visuellement \u00e9poustouflantes dans votre site Web WordPress. Son interface intuitive et conviviale permet une navigation et une s\u00e9lection sans effort parmi une vaste gamme d&rsquo;images anim\u00e9es captivantes, qui servent \u00e0 saisir votre public et \u00e0 \u00e9lever l&rsquo;esth\u00e9tique et l&rsquo;ambiance globales de votre site Web. Ce plugin exceptionnel est exceptionnellement adapt\u00e9 aux propri\u00e9taires de sites Web qui aspirent \u00e0 infuser leurs pages avec un soup\u00e7on d&rsquo;ing\u00e9niosit\u00e9 et d&rsquo;interactivit\u00e9, le tout sans n\u00e9cessiter aucune connaissance ou comp\u00e9tence en codage. Par cons\u00e9quent, les images anim\u00e9es Lottier Lottie pour le plugin WPBAKERY servent incontestablement une ressource essentielle et indispensable pour les personnes qui cherchent \u00e0 propulser leur site Web \u00e0 des sommets in\u00e9gal\u00e9s.<\/p>\n<ul>\n<li>Int\u00e9gration de l&rsquo;animation Lottie pour WPBAKERY<\/li>\n<li>Images anim\u00e9es \u00e0 haute r\u00e9solution pour des effets visuels \u00e9tonnants<\/li>\n<li>Large gamme de styles d&rsquo;animation pour r\u00e9pondre \u00e0 tous les besoins de conception ou de marque<\/li>\n<li>Importation directe d&rsquo;animations Lottie sans avoir besoin de codage<\/li>\n<li>Rendu lisse et rapide pour affichage d&rsquo;animation sans couture<\/li>\n<li>Param\u00e8tres d&rsquo;animation personnalisables pour correspondre \u00e0 la conception du site Web<\/li>\n<li>Mises \u00e0 jour r\u00e9guli\u00e8res avec des styles d&rsquo;animation nouveaux et passionnants<\/li>\n<li>Gave du temps et des efforts pour cr\u00e9er un contenu anim\u00e9 engageant<\/li>\n<li>Interface facile \u00e0 utiliser et aux d\u00e9butants pour tous les niveaux de comp\u00e9tence<\/li>\n<li>Compatible avec les appareils de bureau et mobiles pour l&rsquo;affichage d&rsquo;animation transparente.<\/li>\n<\/ul>\n","protected":false},"excerpt":{"rendered":"<p>Nous sommes ravis de pr\u00e9senter Lottier, la solution ultime con\u00e7ue sp\u00e9cifiquement pour votre site Web WPBAKERY, qui vous permettra d&rsquo;incorporer sans effort des images anim\u00e9es exquises. Exploitant la puissance de la technologie d&rsquo;animation Lottie, Lottier vous permet de cr\u00e9er des animations visuellement frappantes qui non seulement poss\u00e8dent un degr\u00e9 \u00e9lev\u00e9 de personnalisation mais maintiennent \u00e9galement un profil remarquablement l\u00e9ger. Que vous choisissiez pour s\u00e9lectionner dans une vaste gamme de mod\u00e8les pr\u00e9-con\u00e7us ou que vous vous lancez dans le voyage exaltant de la mode de vos propres animations uniques, Lottier assure une int\u00e9gration transparente dans WPBAKERY, garantissant un processus non compliqu\u00e9 pour am\u00e9liorer l&rsquo;allure visuelle de votre site Web avec captivante et des animations sophistiqu\u00e9es qui sont certain de captiver et de maintenir l&rsquo;attention in\u00e9branlable de votre public estim\u00e9. Ne tardez pas plus davantage \u00e0 \u00e9lever la conception et la fonctionnalit\u00e9 de votre site Web, car aujourd&rsquo;hui pr\u00e9sente l&rsquo;occasion id\u00e9ale de se lancer dans ce voyage transformateur avec des images anim\u00e9es Lottier Lottie pour WPBAKERY!<\/p>\n","protected":false},"featured_media":144397,"comment_status":"open","ping_status":"open","template":"","meta":[],"product_brand":[2435],"product_cat":[1189,1181,1186],"product_tag":[1231],"class_list":{"0":"post-122599","1":"product","2":"type-product","3":"status-publish","4":"has-post-thumbnail","6":"product_brand-codecanyon","7":"product_cat-personnalisation","8":"product_cat-plugins","9":"product_cat-wordpress-plugins","10":"product_tag-codecanyon","11":"member-discount","12":"discount-restricted","14":"first","15":"instock","16":"sale","17":"downloadable","18":"virtual","19":"sold-individually","20":"purchasable","21":"product-type-simple"},"_links":{"self":[{"href":"https:\/\/gpl-love.com\/fr\/wp-json\/wp\/v2\/product\/122599","targetHints":{"allow":["GET"]}}],"collection":[{"href":"https:\/\/gpl-love.com\/fr\/wp-json\/wp\/v2\/product"}],"about":[{"href":"https:\/\/gpl-love.com\/fr\/wp-json\/wp\/v2\/types\/product"}],"replies":[{"embeddable":true,"href":"https:\/\/gpl-love.com\/fr\/wp-json\/wp\/v2\/comments?post=122599"}],"wp:featuredmedia":[{"embeddable":true,"href":"https:\/\/gpl-love.com\/fr\/wp-json\/wp\/v2\/media\/144397"}],"wp:attachment":[{"href":"https:\/\/gpl-love.com\/fr\/wp-json\/wp\/v2\/media?parent=122599"}],"wp:term":[{"taxonomy":"product_brand","embeddable":true,"href":"https:\/\/gpl-love.com\/fr\/wp-json\/wp\/v2\/product_brand?post=122599"},{"taxonomy":"product_cat","embeddable":true,"href":"https:\/\/gpl-love.com\/fr\/wp-json\/wp\/v2\/product_cat?post=122599"},{"taxonomy":"product_tag","embeddable":true,"href":"https:\/\/gpl-love.com\/fr\/wp-json\/wp\/v2\/product_tag?post=122599"}],"curies":[{"name":"wp","href":"https:\/\/api.w.org\/{rel}","templated":true}]}}