{"id":122520,"date":"2025-10-28T00:00:00","date_gmt":"2025-10-27T23:00:00","guid":{"rendered":"https:\/\/gpl-love.com\/fr\/produit\/razzi-multipurpose-woocommerce-wordpress-theme\/"},"modified":"2026-04-07T00:31:21","modified_gmt":"2026-04-06T22:31:21","slug":"razzi-multipurpose-woocommerce-wordpress-theme","status":"publish","type":"product","link":"https:\/\/gpl-love.com\/fr\/produit\/razzi-multipurpose-woocommerce-wordpress-theme\/","title":{"rendered":"Razzi Multipurpose WooCommerce WordPress Theme 2.3.9"},"content":{"rendered":"<h3>Razzi Multipurpose WooCommerce WordPress Theme Traits<\/h3>\n<p>Le th\u00e8me WooCommerce WOOCommerce Razzi, connu pour sa polyvalence et son pouvoir, est sp\u00e9cialement con\u00e7u pour r\u00e9pondre aux besoins des sites Web de commerce \u00e9lectronique. Sa gamme compl\u00e8te d&rsquo;options de personnalisation est non seulement conviviale, mais ils facilitent \u00e9galement la cr\u00e9ation de sites Web distinctifs et professionnels dans une fraction du temps. En outre, ce th\u00e8me est enti\u00e8rement r\u00e9actif, garantissant une exp\u00e9rience utilisateur transparente et coh\u00e9rente sur tous les appareils, quelle que soit leur taille d&rsquo;\u00e9cran ou leur orientation. Ce qui distingue vraiment ce th\u00e8me, c&rsquo;est son int\u00e9gration transparente avec WooCommerce, une plate-forme de commerce \u00e9lectronique renomm\u00e9e, qui simplifie le processus de mise en place d&rsquo;une boutique en ligne et de gestion efficace des produits, des commandes et des paiements. En plus de cela, ce th\u00e8me exceptionnel propose un assortiment de mod\u00e8les et de dispositions pr\u00e9fabriqu\u00e9s, s&rsquo;adressant \u00e0 une gamme diversifi\u00e9e de pr\u00e9f\u00e9rences et de besoins de conception. Par cons\u00e9quent, le th\u00e8me WOOCOMMERCE WORDPRESS RAZZI est un choix exemplaire pour ceux qui cherchent \u00e0 \u00e9laborer un site Web de commerce \u00e9lectronique impressionnant.<\/p>\n<ul>\n<li>Th\u00e8me WordPress polyvalent premium con\u00e7u pour les sites Web WooCommerce<\/li>\n<li>Convient \u00e0 divers types d&rsquo;entreprises de commerce \u00e9lectronique, telles que les magasins de mode, les magasins d&rsquo;\u00e9lectronique, etc.<\/li>\n<li>Enti\u00e8rement personnalisable avec un g\u00e9n\u00e9rateur de pages glisser-d\u00e9poser et plusieurs d\u00e9mos de page d&rsquo;accueil<\/li>\n<li>Disponible dans des sch\u00e9mas de couleurs claires et sombres pour correspondre \u00e0 votre style de marque<\/li>\n<li>D\u00e9velopp\u00e9 avec une conception mobile d&rsquo;abord, assurant une exp\u00e9rience fluide et r\u00e9active entre les appareils<\/li>\n<li>Comprend des pages int\u00e9rieures pr\u00e9-construites comme nous, contactez-nous, FAQ et blog<\/li>\n<li>Les filtres de produits avanc\u00e9s et les options de recherche am\u00e9liorent l&rsquo;exp\u00e9rience utilisateur et am\u00e9liorent la navigation<\/li>\n<li>Prend en charge les plugins WooCommerce populaires tels que le filtre de produit WooCommerce et la vue rapide WooCommerce<\/li>\n<li>Construit en pensant au r\u00e9f\u00e9rencement, optimisant le classement des moteurs de recherche de votre site Web<\/li>\n<li>Livr\u00e9 avec documentation et excellent support client pour aider \u00e0 la configuration et \u00e0 la personnalisation.<\/li>\n<\/ul>\n","protected":false},"excerpt":{"rendered":"<p>Nous sommes heureux de pr\u00e9senter le th\u00e8me WOOCommerce WOOCOMMERCE RAZZI, une solution exceptionnelle pour ceux qui aspirent \u00e0 \u00e9tablir une boutique en ligne remarquable. Ce th\u00e8me sublime comprend une myriade de caract\u00e9ristiques remarquables, garantissant l&rsquo;\u00e9tablissement triomphant de votre site de commerce \u00e9lectronique. Sa disposition enti\u00e8rement personnalisable, associ\u00e9e \u00e0 un assortiment de variations de page d&rsquo;accueil, vous accorde le pouvoir de fa\u00e7onner votre boutique en ligne conform\u00e9ment \u00e0 vos pr\u00e9f\u00e9rences. En outre, la formidable int\u00e9gration WooCommerce int\u00e9gr\u00e9e dans ce th\u00e8me facilite une augmentation de vos ventes de produits, d\u00e9passant toutes les limites pr\u00e9c\u00e9dentes. De plus, le design moderne entrelac\u00e9 avec une interface navigable sans effort culmine dans la cr\u00e9ation rapide d&rsquo;un site de qualit\u00e9 professionnelle. Peu importe que vous colportez la mode, l&rsquo;\u00e9lectronique ou toute autre marchandise, le th\u00e8me WOOCOMMERCE WordPress illustre Razzi WooCommerce pr\u00e9sentera sans effort vos produits et propulsera la croissance de votre entreprise.<\/p>\n","protected":false},"featured_media":145078,"comment_status":"open","ping_status":"open","template":"","meta":[],"product_brand":[2433],"product_cat":[1238,1372,1212],"product_tag":[1366],"class_list":{"0":"post-122520","1":"product","2":"type-product","3":"status-publish","4":"has-post-thumbnail","6":"product_brand-themeforest","7":"product_cat-commerce-electronique-themes","8":"product_cat-polyvalent-commerce-electronique-themes","9":"product_cat-themes","10":"product_tag-themeforest","11":"member-discount","12":"discount-restricted","14":"first","15":"instock","16":"sale","17":"downloadable","18":"virtual","19":"sold-individually","20":"purchasable","21":"product-type-simple"},"_links":{"self":[{"href":"https:\/\/gpl-love.com\/fr\/wp-json\/wp\/v2\/product\/122520","targetHints":{"allow":["GET"]}}],"collection":[{"href":"https:\/\/gpl-love.com\/fr\/wp-json\/wp\/v2\/product"}],"about":[{"href":"https:\/\/gpl-love.com\/fr\/wp-json\/wp\/v2\/types\/product"}],"replies":[{"embeddable":true,"href":"https:\/\/gpl-love.com\/fr\/wp-json\/wp\/v2\/comments?post=122520"}],"wp:featuredmedia":[{"embeddable":true,"href":"https:\/\/gpl-love.com\/fr\/wp-json\/wp\/v2\/media\/145078"}],"wp:attachment":[{"href":"https:\/\/gpl-love.com\/fr\/wp-json\/wp\/v2\/media?parent=122520"}],"wp:term":[{"taxonomy":"product_brand","embeddable":true,"href":"https:\/\/gpl-love.com\/fr\/wp-json\/wp\/v2\/product_brand?post=122520"},{"taxonomy":"product_cat","embeddable":true,"href":"https:\/\/gpl-love.com\/fr\/wp-json\/wp\/v2\/product_cat?post=122520"},{"taxonomy":"product_tag","embeddable":true,"href":"https:\/\/gpl-love.com\/fr\/wp-json\/wp\/v2\/product_tag?post=122520"}],"curies":[{"name":"wp","href":"https:\/\/api.w.org\/{rel}","templated":true}]}}