{"id":122447,"date":"2025-06-17T00:00:00","date_gmt":"2025-06-16T22:00:00","guid":{"rendered":"https:\/\/gpl-love.com\/fr\/produit\/whiskers-pets-store-vet-clinic-animal-adoption\/"},"modified":"2026-04-10T18:45:34","modified_gmt":"2026-04-10T16:45:34","slug":"whiskers-pets-store-vet-clinic-animal-adoption","status":"publish","type":"product","link":"https:\/\/gpl-love.com\/fr\/produit\/whiskers-pets-store-vet-clinic-animal-adoption\/","title":{"rendered":"Whiskers Pets Store Vet Clinic Animal Adoption 1.1.8"},"content":{"rendered":"<h3>Whiskers Pets Store Vet Clinic Animal Adoption Traits<\/h3>\n<p>Whiskers Pets Store Vet Clinic Animal L&rsquo;adoption est une solution globale pour les soins complets des animaux de compagnie et de leurs propri\u00e9taires. Dans ce guichet unique, un large \u00e9ventail de services est offert, allant de la fourniture de nourriture et d&rsquo;accessoires pour animaux de compagnie \u00e0 la disponibilit\u00e9 de services v\u00e9t\u00e9rinaires de premier ordre et \u00e0 la possibilit\u00e9 d&rsquo;adoption d&rsquo;animaux. L&rsquo;\u00e9tablissement est fier de son \u00e9ventail diversifi\u00e9 de marques d&rsquo;aliments pour animaux de compagnie de haute qualit\u00e9, soigneusement s\u00e9lectionn\u00e9es pour r\u00e9pondre aux exigences alimentaires uniques de chaque compagnon bien-aim\u00e9. De plus, la clinique v\u00e9t\u00e9rinaire est dot\u00e9e d&rsquo;une \u00e9quipe de professionnels exceptionnellement qualifi\u00e9s qui poss\u00e8dent une richesse d&rsquo;exp\u00e9rience, leur permettant d&rsquo;administrer des soins d&rsquo;experts et un traitement aux animaux de compagnie. En plus de ces offres remarquables, l&rsquo;\u00e9tablissement fait de grands progr\u00e8s dans son programme d&rsquo;adoption des animaux, dans le but noble d&rsquo;obtenir des maisons s\u00fbres et stimulantes pour les animaux abandonn\u00e9s ou n\u00e9glig\u00e9s. Ce programme garantit que ces malheureuses cr\u00e9atures sont accord\u00e9es aux soins et \u00e0 l&rsquo;attention qu&rsquo;ils m\u00e9ritent \u00e0 juste titre. Avec l&rsquo;adoption des animaux de la clinique des animaux de magasin pour animaux de compagnie pour animaux de compagnie, les propri\u00e9taires d&rsquo;animaux peuvent trouver un r\u00e9confort en sachant que leurs compagnons \u00e0 fourrure ch\u00e9ris re\u00e7oivent des soins optimaux et l&rsquo;attention des mains capables.<\/p>\n<ul>\n<li>Un guichet unique pour tous vos besoins de compagnie<\/li>\n<li>Offre des services v\u00e9t\u00e9rinaires pour vos amis \u00e0 fourrure<\/li>\n<li>Fournit une gamme de services d&rsquo;adoption d&rsquo;animaux<\/li>\n<li>A une s\u00e9lection de produits pour animaux de compagnie de haute qualit\u00e9 disponibles \u00e0 l&rsquo;achat<\/li>\n<li>Offre un environnement s\u00fbr et confortable pour les animaux de compagnie et leurs propri\u00e9taires<\/li>\n<li>Compos\u00e9 d&rsquo;experts professionnels des soins pour animaux de compagnie avec des ann\u00e9es d&rsquo;exp\u00e9rience<\/li>\n<li>Offre une atmosph\u00e8re amicale et accueillante pour les animaux et leurs propri\u00e9taires<\/li>\n<li>Situ\u00e9 commod\u00e9ment dans un emplacement central pour un acc\u00e8s facile<\/li>\n<li>Engag\u00e9 \u00e0 fournir des soins et un soutien exceptionnels \u00e0 tous les animaux et aux propri\u00e9taires<\/li>\n<li>Fournit une gamme de services abordables accessibles \u00e0 tous les propri\u00e9taires d&rsquo;animaux.<\/li>\n<\/ul>\n","protected":false},"excerpt":{"rendered":"<p>Chez les Whiskers Pet Store Vet Clinic Clinic Animal Adoption, nous offrons une multitude de services de soins pour animaux de compagnie de premier ordre qui garantissent une exp\u00e9rience exceptionnelle. Nos v\u00e9t\u00e9rinaires hautement qualifi\u00e9s et comp\u00e9tents se consacrent \u00e0 fournir des soins complets et in\u00e9gal\u00e9s \u00e0 vos animaux de compagnie ch\u00e9ris. De plus, notre programme d&rsquo;adoption remarquable facilite le processus de recherche du compagnon \u00e0 fourrure id\u00e9al qui compl\u00e8te parfaitement votre famille. Nous vous invitons cordialement \u00e0 nous rendre visite et \u00e0 t\u00e9moigner de premi\u00e8re main les qualit\u00e9s distinctives qui nous distinguent, en particulier nos soins personnalis\u00e9s in\u00e9gal\u00e9s et notre attention m\u00e9ticuleuse m\u00eame aux meilleurs d\u00e9tails.<\/p>\n","protected":false},"featured_media":145758,"comment_status":"open","ping_status":"open","template":"","meta":[],"product_brand":[2433],"product_cat":[1242,1212,1213],"product_tag":[1366],"class_list":{"0":"post-122447","1":"product","2":"type-product","3":"status-publish","4":"has-post-thumbnail","6":"product_brand-themeforest","7":"product_cat-creatif","8":"product_cat-themes","9":"product_cat-wordpress-themes","10":"product_tag-themeforest","11":"member-discount","12":"discount-restricted","14":"first","15":"instock","16":"sale","17":"downloadable","18":"virtual","19":"sold-individually","20":"purchasable","21":"product-type-simple"},"_links":{"self":[{"href":"https:\/\/gpl-love.com\/fr\/wp-json\/wp\/v2\/product\/122447","targetHints":{"allow":["GET"]}}],"collection":[{"href":"https:\/\/gpl-love.com\/fr\/wp-json\/wp\/v2\/product"}],"about":[{"href":"https:\/\/gpl-love.com\/fr\/wp-json\/wp\/v2\/types\/product"}],"replies":[{"embeddable":true,"href":"https:\/\/gpl-love.com\/fr\/wp-json\/wp\/v2\/comments?post=122447"}],"wp:featuredmedia":[{"embeddable":true,"href":"https:\/\/gpl-love.com\/fr\/wp-json\/wp\/v2\/media\/145758"}],"wp:attachment":[{"href":"https:\/\/gpl-love.com\/fr\/wp-json\/wp\/v2\/media?parent=122447"}],"wp:term":[{"taxonomy":"product_brand","embeddable":true,"href":"https:\/\/gpl-love.com\/fr\/wp-json\/wp\/v2\/product_brand?post=122447"},{"taxonomy":"product_cat","embeddable":true,"href":"https:\/\/gpl-love.com\/fr\/wp-json\/wp\/v2\/product_cat?post=122447"},{"taxonomy":"product_tag","embeddable":true,"href":"https:\/\/gpl-love.com\/fr\/wp-json\/wp\/v2\/product_tag?post=122447"}],"curies":[{"name":"wp","href":"https:\/\/api.w.org\/{rel}","templated":true}]}}