{"id":122431,"date":"2022-04-04T00:00:00","date_gmt":"2022-04-03T22:00:00","guid":{"rendered":"https:\/\/gpl-love.com\/fr\/produit\/testimonial-pro\/"},"modified":"2026-04-10T18:42:11","modified_gmt":"2026-04-10T16:42:11","slug":"testimonial-pro","status":"publish","type":"product","link":"https:\/\/gpl-love.com\/fr\/produit\/testimonial-pro\/","title":{"rendered":"Testimonial Pro 2.6.0"},"content":{"rendered":"<h3>Testimonial Pro Traits<\/h3>\n<p>Tesimonial Pro est un outil incroyablement robuste et dynamique sp\u00e9cialement con\u00e7u pour aider les entreprises dans le processus d&rsquo;acquisition et de pr\u00e9sentation de t\u00e9moignages clients. Ce logiciel est in\u00e9gal\u00e9 dans sa capacit\u00e9 \u00e0 capturer et \u00e0 compiler les commentaires inestimables des clients, offrant aux entreprises la possibilit\u00e9 de g\u00e9rer et de mettre en valeur publiquement ces t\u00e9moignages sur diverses plateformes telles que leurs sites Web officiels, les m\u00e9dias sociaux et m\u00eame dans leurs documents marketing plus larges. En utilisant les capacit\u00e9s remarquables de T\u00e9moignage Pro, les entreprises peuvent profond\u00e9ment am\u00e9liorer leur cr\u00e9dibilit\u00e9 et, finalement, att\u00e9nuer un nouvel afflux de clients potentiels en mettant en lumi\u00e8re et en mettant en \u00e9vidence les exp\u00e9riences exceptionnellement positives des clients pr\u00e9c\u00e9dents. En outre, cette plate-forme poss\u00e8de \u00e9galement une vaste gamme de fonctionnalit\u00e9s suppl\u00e9mentaires qui enrichissent davantage l&rsquo;exp\u00e9rience utilisateur, y compris des mod\u00e8les de conception hautement personnalisables, des analyses d\u00e9taill\u00e9es pour surveiller et analyser \u00e9troitement l&rsquo;impact de ces t\u00e9moignages, ainsi que des int\u00e9grations transparentes avec une myriade de constructeurs de sites Web populaires et m\u00eame par e-mail des plateformes de marketing. En r\u00e9sum\u00e9, les t\u00e9moignages sont ind\u00e9niablement une solution indomie et extr\u00eamement efficace pour les entreprises qui sont fermement d\u00e9termin\u00e9es \u00e0 exploiter la puissance monumentale que poss\u00e8dent les t\u00e9moignages des clients afin de propulser organiquement la croissance exponentielle et l&rsquo;expansion de leur marque.<\/p>\n<ul>\n<li>Vous aide \u00e0 collecter et \u00e0 afficher facilement les t\u00e9moignages des clients sur votre site Web<\/li>\n<li>Fournit une interface conviviale pour les clients pour soumettre leurs t\u00e9moignages<\/li>\n<li>Organise et cat\u00e9gorise automatiquement les t\u00e9moignages pour une gestion facile<\/li>\n<li>Vous permet d&rsquo;approuver ou de rejeter les t\u00e9moignages avant qu&rsquo;ils ne soient affich\u00e9s sur votre site Web<\/li>\n<li>Options d&rsquo;affichage personnalisables sur la fa\u00e7on dont les t\u00e9moignages apparaissent sur votre site Web<\/li>\n<li>Fournit une preuve sociale et am\u00e9liore la cr\u00e9dibilit\u00e9 de votre entreprise<\/li>\n<li>Augmente la confiance des clients et peut entra\u00eener des taux de conversion plus \u00e9lev\u00e9s<\/li>\n<li>Compatible avec la plupart des plates-formes de site Web et faciles \u00e0 installer<\/li>\n<li>Fournit des analyses d\u00e9taill\u00e9es et des informations sur la satisfaction et les commentaires des clients.<\/li>\n<\/ul>\n","protected":false},"excerpt":{"rendered":"<p>T\u00e9moignage Pro est un outil extr\u00eamement puissant et efficace qui permet aux entreprises d&rsquo;amasser et de pr\u00e9senter sans effort une pl\u00e9thore de critiques et de t\u00e9moignages sur leur site Web. En exploitant les capacit\u00e9s remarquables de T\u00e9moignage Pro, vous avez la capacit\u00e9 de fabriquer et de personnaliser des formes habilement con\u00e7ues pour acqu\u00e9rir des commentaires inestimables de votre client\u00e8le estim\u00e9e. Par la suite, vous pouvez pr\u00e9senter de mani\u00e8re transparente ces critiques inestimables d&rsquo;une mani\u00e8re esth\u00e9tique et tr\u00e8s adaptable qui est optimis\u00e9e pour les appareils mobiles. Am\u00e9liorez et fortifiez la confiance et la cr\u00e9dibilit\u00e9 que les clients potentiels accordent \u00e0 votre marque en accentuant strat\u00e9giquement la multitude d&rsquo;exp\u00e9riences positives que d&rsquo;autres ont rencontr\u00e9es sans aucun doute tout en vous engageant avec vos produits ou services exceptionnels. Essentiellement, les t\u00e9moignages sont ind\u00e9niablement comme la solution ultime pour les entreprises qui poss\u00e8dent le d\u00e9sir sans \u00e9quivoque d&rsquo;exploiter efficacement et de capitaliser sur la formidable influence de la preuve sociale afin d&rsquo;alimenter la croissance exponentielle de leur entreprise.<\/p>\n","protected":false},"featured_media":145460,"comment_status":"open","ping_status":"open","template":"","meta":[],"product_brand":[2670],"product_cat":[1207,1181,1186],"product_tag":[2310],"class_list":{"0":"post-122431","1":"product","2":"type-product","3":"status-publish","4":"has-post-thumbnail","6":"product_brand-shapedplugin","7":"product_cat-commercialisation-wordpress-plugins","8":"product_cat-plugins","9":"product_cat-wordpress-plugins","10":"product_tag-shapedplugin","11":"member-discount","12":"discount-restricted","14":"first","15":"instock","16":"sale","17":"downloadable","18":"virtual","19":"sold-individually","20":"purchasable","21":"product-type-simple"},"_links":{"self":[{"href":"https:\/\/gpl-love.com\/fr\/wp-json\/wp\/v2\/product\/122431","targetHints":{"allow":["GET"]}}],"collection":[{"href":"https:\/\/gpl-love.com\/fr\/wp-json\/wp\/v2\/product"}],"about":[{"href":"https:\/\/gpl-love.com\/fr\/wp-json\/wp\/v2\/types\/product"}],"replies":[{"embeddable":true,"href":"https:\/\/gpl-love.com\/fr\/wp-json\/wp\/v2\/comments?post=122431"}],"wp:featuredmedia":[{"embeddable":true,"href":"https:\/\/gpl-love.com\/fr\/wp-json\/wp\/v2\/media\/145460"}],"wp:attachment":[{"href":"https:\/\/gpl-love.com\/fr\/wp-json\/wp\/v2\/media?parent=122431"}],"wp:term":[{"taxonomy":"product_brand","embeddable":true,"href":"https:\/\/gpl-love.com\/fr\/wp-json\/wp\/v2\/product_brand?post=122431"},{"taxonomy":"product_cat","embeddable":true,"href":"https:\/\/gpl-love.com\/fr\/wp-json\/wp\/v2\/product_cat?post=122431"},{"taxonomy":"product_tag","embeddable":true,"href":"https:\/\/gpl-love.com\/fr\/wp-json\/wp\/v2\/product_tag?post=122431"}],"curies":[{"name":"wp","href":"https:\/\/api.w.org\/{rel}","templated":true}]}}